{"id":674,"date":"2024-01-17T09:37:28","date_gmt":"2024-01-17T14:37:28","guid":{"rendered":"https:\/\/www.risksint.com\/?page_id=674"},"modified":"2024-02-09T10:54:33","modified_gmt":"2024-02-09T15:54:33","slug":"soporte-tecnico","status":"publish","type":"page","link":"https:\/\/www.risksint.com\/en\/soporte-tecnico\/","title":{"rendered":"Technical Support"},"content":{"rendered":"<div data-elementor-type=\"wp-page\" data-elementor-id=\"674\" class=\"elementor elementor-674\" data-elementor-post-type=\"page\">\n\t\t\t\t<div class=\"elementor-element elementor-element-61f6027a e-flex e-con-boxed e-con e-parent\" data-id=\"61f6027a\" data-element_type=\"container\">\n\t\t\t\t\t<div class=\"e-con-inner\">\n\t\t<div class=\"elementor-element elementor-element-228e5e40 e-con-full e-flex e-con e-child\" data-id=\"228e5e40\" data-element_type=\"container\">\n\t\t<div class=\"elementor-element elementor-element-4a677c6c e-con-full e-flex e-con e-child\" data-id=\"4a677c6c\" data-element_type=\"container\">\n\t\t<div class=\"elementor-element elementor-element-40dcf511 e-con-full e-flex e-con e-child\" data-id=\"40dcf511\" data-element_type=\"container\">\n\t\t\t\t<div class=\"elementor-element elementor-element-74caf157 elementor-widget__width-initial elementor-widget elementor-widget-text-editor\" data-id=\"74caf157\" data-element_type=\"widget\" data-widget_type=\"text-editor.default\">\n\t\t\t\t<div class=\"elementor-widget-container\">\n\t\t\t\t\t\t\t\t\t<p><\/p>\n<p>Complete the following form, we will surely contact you as soon as possible.<\/p>\n<p><\/p>\n<p><\/p>\n<p><\/p>\n<ul class=\"wp-block-social-links is-content-justification-center is-layout-flex wp-container-core-social-links-is-layout-a89b3969 wp-block-social-links-is-layout-flex\"><\/ul>\n<p><\/p>\t\t\t\t\t\t\t\t<\/div>\n\t\t\t\t<\/div>\n\t\t\t\t<\/div>\n\t\t\t\t<div class=\"elementor-element elementor-element-34fdc8a0 elementor-widget elementor-widget-hubspot-form\" data-id=\"34fdc8a0\" data-element_type=\"widget\" data-widget_type=\"hubspot-form.default\">\n\t\t\t\t<div class=\"elementor-widget-container\">\n\t\t\t\t\t\n\t\t\t\t\t\t<script>\n\t\t\t\t\t\t\twindow.hsFormsOnReady = window.hsFormsOnReady || [];\n\t\t\t\t\t\t\twindow.hsFormsOnReady.push(()=>{\n\t\t\t\t\t\t\t\thbspt.forms.create({\n\t\t\t\t\t\t\t\t\tportalId: 3871019,\n\t\t\t\t\t\t\t\t\tformId: \"0a14c607-fdf2-41df-94d0-b5779a391bcc\",\n\t\t\t\t\t\t\t\t\ttarget: \"#hbspt-form-1778685909000-2048746133\",\n\t\t\t\t\t\t\t\t\tregion: \"na1\",\n\t\t\t\t\t\t\t\t\t\n\t\t\t\t\t\t\t})});\n\t\t\t\t\t\t<\/script>\n\t\t\t\t\t\t<div class=\"hbspt-form\" id=\"hbspt-form-1778685909000-2048746133\"><\/div>\t\t\t\t<\/div>\n\t\t\t\t<\/div>\n\t\t\t\t<\/div>\n\t\t\t\t<\/div>\n\t\t<div class=\"elementor-element elementor-element-72018af5 e-con-full e-flex e-con e-child\" data-id=\"72018af5\" data-element_type=\"container\">\n\t\t<div class=\"elementor-element elementor-element-36d2b203 e-con-full e-flex e-con e-child\" data-id=\"36d2b203\" data-element_type=\"container\">\n\t\t<div class=\"elementor-element elementor-element-35e7e3a8 e-con-full e-flex e-con e-child\" data-id=\"35e7e3a8\" data-element_type=\"container\">\n\t\t\t\t<div class=\"elementor-element elementor-element-65aa1b9a elementor-widget elementor-widget-heading\" data-id=\"65aa1b9a\" data-element_type=\"widget\" data-widget_type=\"heading.default\">\n\t\t\t\t<div class=\"elementor-widget-container\">\n\t\t\t\t\t<h2 class=\"elementor-heading-title elementor-size-default\">If you prefer. Do you want to meet with us?<\/h2>\t\t\t\t<\/div>\n\t\t\t\t<\/div>\n\t\t\t\t<\/div>\n\t\t\t\t<div class=\"elementor-element elementor-element-79ecca5a elementor-widget elementor-widget-hubspot-meeting\" data-id=\"79ecca5a\" data-element_type=\"widget\" data-widget_type=\"hubspot-meeting.default\">\n\t\t\t\t<div class=\"elementor-widget-container\">\n\t\t\t\t\t\n\t\t<div class=\"meetings-iframe-container\" data-src=\"https:\/\/meetings.hubspot.com\/gerencia13\/demostracion-de-servicio-de-30-minutos?embed=true\"><\/div>\n\t\t<script>\n\t\t\tif(window.hbspt && window.hbspt.meetings){\n\t\t\t\twindow.hbspt.meetings.create(\".meetings-iframe-container\");\n\t\t\t}\n\t\t\t<\/script>\n\t\t\t\t\t\t<\/div>\n\t\t\t\t<\/div>\n\t\t\t\t<\/div>\n\t\t\t\t<\/div>\n\t\t\t\t\t<\/div>\n\t\t\t\t<\/div>\n\t\t\t\t<\/div>","protected":false},"excerpt":{"rendered":"<p>Completa el siguiente formulario, de seguro te contactaremos a la mayor brevedad. Si prefiere. \u00bfDesea reunirse con nosotros?<\/p>","protected":false},"author":3,"featured_media":0,"parent":0,"menu_order":0,"comment_status":"closed","ping_status":"closed","template":"","meta":{"content-type":"","footnotes":""},"class_list":["post-674","page","type-page","status-publish","hentry"],"yoast_head":"<!-- This site is optimized with the Yoast SEO Premium plugin v26.8 (Yoast SEO v26.8) - https:\/\/yoast.com\/product\/yoast-seo-premium-wordpress\/ -->\n<title>Soporte T\u00e9cnico - Expertos en Gesti\u00f3n de Riesgos y Debida Diligencia LAFT - Risks International<\/title>\n<meta name=\"robots\" content=\"index, follow, max-snippet:-1, max-image-preview:large, max-video-preview:-1\" \/>\n<link rel=\"canonical\" href=\"https:\/\/www.risksint.com\/en\/soporte-tecnico\/\" \/>\n<meta property=\"og:locale\" content=\"en_US\" \/>\n<meta property=\"og:type\" content=\"article\" \/>\n<meta property=\"og:title\" content=\"Soporte T\u00e9cnico\" \/>\n<meta property=\"og:description\" content=\"Completa el siguiente formulario, de seguro te contactaremos a la mayor brevedad. Si prefiere. \u00bfDesea reunirse con nosotros?\" \/>\n<meta property=\"og:url\" content=\"https:\/\/www.risksint.com\/en\/soporte-tecnico\/\" \/>\n<meta property=\"og:site_name\" content=\"Expertos en Gesti\u00f3n de Riesgos y Debida Diligencia LAFT - Risks International\" \/>\n<meta property=\"article:publisher\" content=\"https:\/\/www.facebook.com\/profile.php?id=100063525462320\" \/>\n<meta property=\"article:modified_time\" content=\"2024-02-09T15:54:33+00:00\" \/>\n<meta property=\"og:image\" content=\"https:\/\/www.risksint.com\/wp-content\/uploads\/2024\/03\/Gestion-de-Riesgos-y-Debida-Diligencia-AML-y-KYC.png\" \/>\n\t<meta property=\"og:image:width\" content=\"1200\" \/>\n\t<meta property=\"og:image:height\" content=\"675\" \/>\n\t<meta property=\"og:image:type\" content=\"image\/png\" \/>\n<meta name=\"twitter:card\" content=\"summary_large_image\" \/>\n<meta name=\"twitter:site\" content=\"@risksint\" \/>\n<script type=\"application\/ld+json\" class=\"yoast-schema-graph\">{\"@context\":\"https:\/\/schema.org\",\"@graph\":[{\"@type\":\"WebPage\",\"@id\":\"https:\/\/www.risksint.com\/soporte-tecnico\/\",\"url\":\"https:\/\/www.risksint.com\/soporte-tecnico\/\",\"name\":\"Soporte T\u00e9cnico - Expertos en Gesti\u00f3n de Riesgos y Debida Diligencia LAFT - Risks International\",\"isPartOf\":{\"@id\":\"https:\/\/www.risksint.com\/#website\"},\"datePublished\":\"2024-01-17T14:37:28+00:00\",\"dateModified\":\"2024-02-09T15:54:33+00:00\",\"breadcrumb\":{\"@id\":\"https:\/\/www.risksint.com\/soporte-tecnico\/#breadcrumb\"},\"inLanguage\":\"en-US\",\"potentialAction\":[{\"@type\":\"ReadAction\",\"target\":[\"https:\/\/www.risksint.com\/soporte-tecnico\/\"]}]},{\"@type\":\"BreadcrumbList\",\"@id\":\"https:\/\/www.risksint.com\/soporte-tecnico\/#breadcrumb\",\"itemListElement\":[{\"@type\":\"ListItem\",\"position\":1,\"name\":\"Home\",\"item\":\"https:\/\/www.risksint.com\/\"},{\"@type\":\"ListItem\",\"position\":2,\"name\":\"Soporte T\u00e9cnico\"}]},{\"@type\":\"WebSite\",\"@id\":\"https:\/\/www.risksint.com\/#website\",\"url\":\"https:\/\/www.risksint.com\/\",\"name\":\"Gesti\u00f3n de Riesgos y Debida Diligencia LAFT | Listas Restrictivas y vinculantes PEP y noticias LAFT\",\"description\":\"Gesti\u00f3n de Riesgos y Debida Diligencia LAFT Soluciones en Tecnolog\u00eda y Consultor\u00eda para el Cumplimiento Normativo y la Gesti\u00f3n de Riesgos LAFT y AntiSoborno\",\"publisher\":{\"@id\":\"https:\/\/www.risksint.com\/#organization\"},\"alternateName\":\"Risks International - Consultoria y Tecnolog\u00eda para cumplir con SARLAFT - SAGRILAFT - PTEE\",\"potentialAction\":[{\"@type\":\"SearchAction\",\"target\":{\"@type\":\"EntryPoint\",\"urlTemplate\":\"https:\/\/www.risksint.com\/?s={search_term_string}\"},\"query-input\":{\"@type\":\"PropertyValueSpecification\",\"valueRequired\":true,\"valueName\":\"search_term_string\"}}],\"inLanguage\":\"en-US\"},{\"@type\":[\"Organization\",\"Place\"],\"@id\":\"https:\/\/www.risksint.com\/#organization\",\"name\":\"RISKS INTERNATIONAL COMPLIANCE\",\"alternateName\":\"Gesti\u00f3n de Riesgos y Debida Diligencia AML y KYC\",\"url\":\"https:\/\/www.risksint.com\/\",\"logo\":{\"@id\":\"https:\/\/www.risksint.com\/soporte-tecnico\/#local-main-organization-logo\"},\"image\":{\"@id\":\"https:\/\/www.risksint.com\/soporte-tecnico\/#local-main-organization-logo\"},\"sameAs\":[\"https:\/\/www.facebook.com\/profile.php?id=100063525462320\",\"https:\/\/x.com\/risksint\",\"https:\/\/www.linkedin.com\/company\/risks-international\/\",\"https:\/\/www.youtube.com\/@risksinternational7379\"],\"telephone\":[],\"openingHoursSpecification\":[{\"@type\":\"OpeningHoursSpecification\",\"dayOfWeek\":[\"Monday\",\"Tuesday\",\"Wednesday\",\"Thursday\",\"Friday\",\"Saturday\",\"Sunday\"],\"opens\":\"09:00\",\"closes\":\"17:00\"}]},{\"@type\":\"ImageObject\",\"inLanguage\":\"en-US\",\"@id\":\"https:\/\/www.risksint.com\/soporte-tecnico\/#local-main-organization-logo\",\"url\":\"https:\/\/www.risksint.com\/wp-content\/uploads\/2024\/02\/risks-international-logo.png\",\"contentUrl\":\"https:\/\/www.risksint.com\/wp-content\/uploads\/2024\/02\/risks-international-logo.png\",\"width\":300,\"height\":231,\"caption\":\"RISKS INTERNATIONAL COMPLIANCE\"}]}<\/script>\n<!-- \/ Yoast SEO Premium plugin. -->","yoast_head_json":{"title":"Soporte T\u00e9cnico - Expertos en Gesti\u00f3n de Riesgos y Debida Diligencia LAFT - Risks International","robots":{"index":"index","follow":"follow","max-snippet":"max-snippet:-1","max-image-preview":"max-image-preview:large","max-video-preview":"max-video-preview:-1"},"canonical":"https:\/\/www.risksint.com\/en\/soporte-tecnico\/","og_locale":"en_US","og_type":"article","og_title":"Soporte T\u00e9cnico","og_description":"Completa el siguiente formulario, de seguro te contactaremos a la mayor brevedad. Si prefiere. \u00bfDesea reunirse con nosotros?","og_url":"https:\/\/www.risksint.com\/en\/soporte-tecnico\/","og_site_name":"Expertos en Gesti\u00f3n de Riesgos y Debida Diligencia LAFT - Risks International","article_publisher":"https:\/\/www.facebook.com\/profile.php?id=100063525462320","article_modified_time":"2024-02-09T15:54:33+00:00","og_image":[{"width":1200,"height":675,"url":"https:\/\/www.risksint.com\/wp-content\/uploads\/2024\/03\/Gestion-de-Riesgos-y-Debida-Diligencia-AML-y-KYC.png","type":"image\/png"}],"twitter_card":"summary_large_image","twitter_site":"@risksint","schema":{"@context":"https:\/\/schema.org","@graph":[{"@type":"WebPage","@id":"https:\/\/www.risksint.com\/soporte-tecnico\/","url":"https:\/\/www.risksint.com\/soporte-tecnico\/","name":"Soporte T\u00e9cnico - Expertos en Gesti\u00f3n de Riesgos y Debida Diligencia LAFT - Risks International","isPartOf":{"@id":"https:\/\/www.risksint.com\/#website"},"datePublished":"2024-01-17T14:37:28+00:00","dateModified":"2024-02-09T15:54:33+00:00","breadcrumb":{"@id":"https:\/\/www.risksint.com\/soporte-tecnico\/#breadcrumb"},"inLanguage":"en-US","potentialAction":[{"@type":"ReadAction","target":["https:\/\/www.risksint.com\/soporte-tecnico\/"]}]},{"@type":"BreadcrumbList","@id":"https:\/\/www.risksint.com\/soporte-tecnico\/#breadcrumb","itemListElement":[{"@type":"ListItem","position":1,"name":"Home","item":"https:\/\/www.risksint.com\/"},{"@type":"ListItem","position":2,"name":"Soporte T\u00e9cnico"}]},{"@type":"WebSite","@id":"https:\/\/www.risksint.com\/#website","url":"https:\/\/www.risksint.com\/","name":"Gesti\u00f3n de Riesgos y Debida Diligencia LAFT | Listas Restrictivas y vinculantes PEP y noticias LAFT","description":"Risk management and Due Diligence LAFT Technology Solutions and Consulting services for Regulatory Compliance, and Risk Management LAFT and anti-Bribery","publisher":{"@id":"https:\/\/www.risksint.com\/#organization"},"alternateName":"Risks International - Consultoria y Tecnolog\u00eda para cumplir con SARLAFT - SAGRILAFT - PTEE","potentialAction":[{"@type":"SearchAction","target":{"@type":"EntryPoint","urlTemplate":"https:\/\/www.risksint.com\/?s={search_term_string}"},"query-input":{"@type":"PropertyValueSpecification","valueRequired":true,"valueName":"search_term_string"}}],"inLanguage":"en-US"},{"@type":["Organization","Place"],"@id":"https:\/\/www.risksint.com\/#organization","name":"RISKS INTERNATIONAL COMPLIANCE","alternateName":"Gesti\u00f3n de Riesgos y Debida Diligencia AML y KYC","url":"https:\/\/www.risksint.com\/","logo":{"@id":"https:\/\/www.risksint.com\/soporte-tecnico\/#local-main-organization-logo"},"image":{"@id":"https:\/\/www.risksint.com\/soporte-tecnico\/#local-main-organization-logo"},"sameAs":["https:\/\/www.facebook.com\/profile.php?id=100063525462320","https:\/\/x.com\/risksint","https:\/\/www.linkedin.com\/company\/risks-international\/","https:\/\/www.youtube.com\/@risksinternational7379"],"telephone":[],"openingHoursSpecification":[{"@type":"OpeningHoursSpecification","dayOfWeek":["Monday","Tuesday","Wednesday","Thursday","Friday","Saturday","Sunday"],"opens":"09:00","closes":"17:00"}]},{"@type":"ImageObject","inLanguage":"en-US","@id":"https:\/\/www.risksint.com\/soporte-tecnico\/#local-main-organization-logo","url":"https:\/\/www.risksint.com\/wp-content\/uploads\/2024\/02\/risks-international-logo.png","contentUrl":"https:\/\/www.risksint.com\/wp-content\/uploads\/2024\/02\/risks-international-logo.png","width":300,"height":231,"caption":"RISKS INTERNATIONAL COMPLIANCE"}]}},"_links":{"self":[{"href":"https:\/\/www.risksint.com\/en\/wp-json\/wp\/v2\/pages\/674","targetHints":{"allow":["GET"]}}],"collection":[{"href":"https:\/\/www.risksint.com\/en\/wp-json\/wp\/v2\/pages"}],"about":[{"href":"https:\/\/www.risksint.com\/en\/wp-json\/wp\/v2\/types\/page"}],"author":[{"embeddable":true,"href":"https:\/\/www.risksint.com\/en\/wp-json\/wp\/v2\/users\/3"}],"replies":[{"embeddable":true,"href":"https:\/\/www.risksint.com\/en\/wp-json\/wp\/v2\/comments?post=674"}],"version-history":[{"count":0,"href":"https:\/\/www.risksint.com\/en\/wp-json\/wp\/v2\/pages\/674\/revisions"}],"wp:attachment":[{"href":"https:\/\/www.risksint.com\/en\/wp-json\/wp\/v2\/media?parent=674"}],"curies":[{"name":"wp","href":"https:\/\/api.w.org\/{rel}","templated":true}]}}