{"id":657,"date":"2024-01-17T09:33:40","date_gmt":"2024-01-17T14:33:40","guid":{"rendered":"https:\/\/www.risksint.com\/?page_id=657"},"modified":"2024-03-04T18:21:06","modified_gmt":"2024-03-04T23:21:06","slug":"alianzas","status":"publish","type":"page","link":"https:\/\/www.risksint.com\/en\/alianzas\/","title":{"rendered":"Alliances"},"content":{"rendered":"<div data-elementor-type=\"wp-page\" data-elementor-id=\"657\" class=\"elementor elementor-657\" data-elementor-post-type=\"page\">\n\t\t\t\t<div class=\"elementor-element elementor-element-7b7e0c08 e-flex e-con-boxed e-con e-parent\" data-id=\"7b7e0c08\" data-element_type=\"container\">\n\t\t\t\t\t<div class=\"e-con-inner\">\n\t\t\t\t<div class=\"elementor-element elementor-element-377dcea6 elementor-widget__width-initial elementor-widget elementor-widget-html\" data-id=\"377dcea6\" data-element_type=\"widget\" data-widget_type=\"html.default\">\n\t\t\t\t<div class=\"elementor-widget-container\">\n\t\t\t\t\t<style>\n.contenedor-carrusel {\n    width: 100%;\n    max-width: 2000px;\n    overflow: hidden;\n  }\n  \n  .carrusel {\n    width: 100%;\n    height: 200px;\n    display: flex;\n  }\n  \n  .carrusel img {\n    width: 20%;\n    height: 100%;\n    object-fit: contain;\n    filter: grayscale(1);\n  }\n  \n\n  \n  \/* Responsive *\/\n  \n  @media (max-width: 768px) {\n    .carrusel img {\n      width: 50%;\n    }\n  }\n  \n  @media (max-width: 480px) {\n    .carrusel img {\n      width: 100%;\n    }\n  }\n  \n  \/* Animaci\u00f3n del carrusel *\/\n  \n  .carrusel {\n    animation: slide 90s infinite;\n    animation-direction: alternate;\n  }\n  \n  @keyframes slide {\n    0% {\n      transform: translateX(0%);\n    }\n    100% {\n      transform: translateX(-50%);\n    }\n  }\n<\/style>\n\n<div class=\"contenedor-carrusel\">\n    <div class=\"carrusel\">\n      <img decoding=\"async\" src=\"https:\/\/www.risksint.com\/wp-content\/uploads\/2024\/01\/basc-aliado-min-min.png\" alt=\"Logo 1\">\n      <img decoding=\"async\" src=\"https:\/\/www.risksint.com\/wp-content\/uploads\/2024\/01\/consultor-go-aliado-min-min.png\" alt=\"Logo 2\">\n      <img decoding=\"async\" src=\"https:\/\/www.risksint.com\/wp-content\/uploads\/2024\/01\/coladca-aliado-min-min.png\" alt=\"Logo 3\">\n      <img decoding=\"async\" src=\"https:\/\/www.risksint.com\/wp-content\/uploads\/2024\/01\/datainnova-aliado-min-min.png\" alt=\"Logo 4\">\n      <img decoding=\"async\" src=\"https:\/\/www.risksint.com\/wp-content\/uploads\/2024\/01\/identidapp-aliado-min-min.png\" alt=\"Logo 4\">\n      <img decoding=\"async\" src=\"https:\/\/www.risksint.com\/wp-content\/uploads\/2024\/01\/hacemos-parte-de-applus-min-min.png\" alt=\"Logo 2\">\n      <img decoding=\"async\" src=\"https:\/\/www.risksint.com\/wp-content\/uploads\/2024\/01\/conauges-aliado-min-min.png\" alt=\"Logo 3\">\n      <img decoding=\"async\" src=\"https:\/\/www.risksint.com\/wp-content\/uploads\/2024\/01\/oprams-aliado-min-min.png\">\n     \n    <\/div>\n  <\/div>\t\t\t\t<\/div>\n\t\t\t\t<\/div>\n\t\t\t\t\t<\/div>\n\t\t\t\t<\/div>\n\t\t<div class=\"elementor-element elementor-element-32c2ef9a e-con-full e-flex e-con e-parent\" data-id=\"32c2ef9a\" data-element_type=\"container\" data-settings=\"{&quot;shape_divider_top&quot;:&quot;waves&quot;}\">\n\t\t\t\t<div class=\"elementor-shape elementor-shape-top\" aria-hidden=\"true\" data-negative=\"false\">\n\t\t\t<svg xmlns=\"http:\/\/www.w3.org\/2000\/svg\" viewbox=\"0 0 1000 100\" preserveaspectratio=\"none\">\n\t<path class=\"elementor-shape-fill\" d=\"M421.9,6.5c22.6-2.5,51.5,0.4,75.5,5.3c23.6,4.9,70.9,23.5,100.5,35.7c75.8,32.2,133.7,44.5,192.6,49.7\tc23.6,2.1,48.7,3.5,103.4-2.5c54.7-6,106.2-25.6,106.2-25.6V0H0v30.3c0,0,72,32.6,158.4,30.5c39.2-0.7,92.8-6.7,134-22.4\tc21.2-8.1,52.2-18.2,79.7-24.2C399.3,7.9,411.6,7.5,421.9,6.5z\"\/>\n<\/svg>\t\t<\/div>\n\t\t<div class=\"elementor-element elementor-element-2a2a6c40 e-con-full e-flex e-con e-child\" data-id=\"2a2a6c40\" data-element_type=\"container\">\n\t\t<div class=\"elementor-element elementor-element-59599419 e-con-full e-flex e-con e-child\" data-id=\"59599419\" data-element_type=\"container\">\n\t\t<div class=\"elementor-element elementor-element-26d1f448 e-con-full e-flex e-con e-child\" data-id=\"26d1f448\" data-element_type=\"container\">\n\t\t\t\t<div class=\"elementor-element elementor-element-7ec27431 elementor-widget__width-initial elementor-widget elementor-widget-text-editor\" data-id=\"7ec27431\" data-element_type=\"widget\" data-widget_type=\"text-editor.default\">\n\t\t\t\t<div class=\"elementor-widget-container\">\n\t\t\t\t\t\t\t\t\t<p><\/p>\n<p>Complete the following form, we will surely contact you as soon as possible.<\/p>\n<p><\/p>\n<p><\/p>\n<p><\/p>\n<ul class=\"wp-block-social-links is-content-justification-center is-layout-flex wp-container-core-social-links-is-layout-a89b3969 wp-block-social-links-is-layout-flex\"><\/ul>\n<p><\/p>\t\t\t\t\t\t\t\t<\/div>\n\t\t\t\t<\/div>\n\t\t\t\t<\/div>\n\t\t\t\t<div class=\"elementor-element elementor-element-4816b04c elementor-widget elementor-widget-hubspot-form\" data-id=\"4816b04c\" data-element_type=\"widget\" data-widget_type=\"hubspot-form.default\">\n\t\t\t\t<div class=\"elementor-widget-container\">\n\t\t\t\t\t\n\t\t\t\t\t\t<script>\n\t\t\t\t\t\t\twindow.hsFormsOnReady = window.hsFormsOnReady || [];\n\t\t\t\t\t\t\twindow.hsFormsOnReady.push(()=>{\n\t\t\t\t\t\t\t\thbspt.forms.create({\n\t\t\t\t\t\t\t\t\tportalId: 3871019,\n\t\t\t\t\t\t\t\t\tformId: \"0a14c607-fdf2-41df-94d0-b5779a391bcc\",\n\t\t\t\t\t\t\t\t\ttarget: \"#hbspt-form-1775764206000-0728223957\",\n\t\t\t\t\t\t\t\t\tregion: \"na1\",\n\t\t\t\t\t\t\t\t\t\n\t\t\t\t\t\t\t})});\n\t\t\t\t\t\t<\/script>\n\t\t\t\t\t\t<div class=\"hbspt-form\" id=\"hbspt-form-1775764206000-0728223957\"><\/div>\t\t\t\t<\/div>\n\t\t\t\t<\/div>\n\t\t\t\t<\/div>\n\t\t\t\t<\/div>\n\t\t<div class=\"elementor-element elementor-element-279b099e e-con-full e-flex e-con e-child\" data-id=\"279b099e\" data-element_type=\"container\">\n\t\t<div class=\"elementor-element elementor-element-49ae21c3 e-con-full e-flex e-con e-child\" data-id=\"49ae21c3\" data-element_type=\"container\">\n\t\t<div class=\"elementor-element elementor-element-5aab057c e-con-full e-flex e-con e-child\" data-id=\"5aab057c\" data-element_type=\"container\">\n\t\t\t\t<div class=\"elementor-element elementor-element-4a62e4b9 elementor-widget elementor-widget-heading\" data-id=\"4a62e4b9\" data-element_type=\"widget\" data-widget_type=\"heading.default\">\n\t\t\t\t<div class=\"elementor-widget-container\">\n\t\t\t\t\t<h2 class=\"elementor-heading-title elementor-size-default\">If you prefer. Do you want to meet with us?<\/h2>\t\t\t\t<\/div>\n\t\t\t\t<\/div>\n\t\t\t\t<\/div>\n\t\t\t\t<div class=\"elementor-element elementor-element-5852ce5a elementor-widget elementor-widget-hubspot-meeting\" data-id=\"5852ce5a\" data-element_type=\"widget\" data-widget_type=\"hubspot-meeting.default\">\n\t\t\t\t<div class=\"elementor-widget-container\">\n\t\t\t\t\t\n\t\t<div class=\"meetings-iframe-container\" data-src=\"https:\/\/meetings.hubspot.com\/gerencia13\/demostracion-de-servicio-de-30-minutos?embed=true\"><\/div>\n\t\t<script>\n\t\t\tif(window.hbspt && window.hbspt.meetings){\n\t\t\t\twindow.hbspt.meetings.create(\".meetings-iframe-container\");\n\t\t\t}\n\t\t\t<\/script>\n\t\t\t\t\t\t<\/div>\n\t\t\t\t<\/div>\n\t\t\t\t<\/div>\n\t\t\t\t<\/div>\n\t\t\t\t<\/div>\n\t\t\t\t<\/div>","protected":false},"excerpt":{"rendered":"<p>Completa el siguiente formulario, de seguro te contactaremos a la mayor brevedad. Si prefiere. \u00bfDesea reunirse con nosotros?<\/p>","protected":false},"author":3,"featured_media":0,"parent":0,"menu_order":0,"comment_status":"closed","ping_status":"closed","template":"","meta":{"content-type":"","footnotes":""},"class_list":["post-657","page","type-page","status-publish","hentry"],"yoast_head":"<!-- This site is optimized with the Yoast SEO Premium plugin v26.8 (Yoast SEO v26.8) - https:\/\/yoast.com\/product\/yoast-seo-premium-wordpress\/ -->\n<title>Alianzas - Expertos en Gesti\u00f3n de Riesgos y Debida Diligencia LAFT - Risks International<\/title>\n<meta name=\"robots\" content=\"index, follow, max-snippet:-1, max-image-preview:large, max-video-preview:-1\" \/>\n<link rel=\"canonical\" href=\"https:\/\/www.risksint.com\/en\/alianzas\/\" \/>\n<meta property=\"og:locale\" content=\"en_US\" \/>\n<meta property=\"og:type\" content=\"article\" \/>\n<meta property=\"og:title\" content=\"Alianzas\" \/>\n<meta property=\"og:description\" content=\"Completa el siguiente formulario, de seguro te contactaremos a la mayor brevedad. Si prefiere. \u00bfDesea reunirse con nosotros?\" \/>\n<meta property=\"og:url\" content=\"https:\/\/www.risksint.com\/en\/alianzas\/\" \/>\n<meta property=\"og:site_name\" content=\"Expertos en Gesti\u00f3n de Riesgos y Debida Diligencia LAFT - Risks International\" \/>\n<meta property=\"article:publisher\" content=\"https:\/\/www.facebook.com\/profile.php?id=100063525462320\" \/>\n<meta property=\"article:modified_time\" content=\"2024-03-04T23:21:06+00:00\" \/>\n<meta property=\"og:image\" content=\"https:\/\/www.risksint.com\/wp-content\/uploads\/2024\/01\/basc-aliado-min-min.png\" \/>\n<meta name=\"twitter:card\" content=\"summary_large_image\" \/>\n<meta name=\"twitter:site\" content=\"@risksint\" \/>\n<meta name=\"twitter:label1\" content=\"Est. reading time\" \/>\n\t<meta name=\"twitter:data1\" content=\"2 minutes\" \/>\n<script type=\"application\/ld+json\" class=\"yoast-schema-graph\">{\"@context\":\"https:\/\/schema.org\",\"@graph\":[{\"@type\":\"WebPage\",\"@id\":\"https:\/\/www.risksint.com\/alianzas\/\",\"url\":\"https:\/\/www.risksint.com\/alianzas\/\",\"name\":\"Alianzas - Expertos en Gesti\u00f3n de Riesgos y Debida Diligencia LAFT - Risks International\",\"isPartOf\":{\"@id\":\"https:\/\/www.risksint.com\/#website\"},\"primaryImageOfPage\":{\"@id\":\"https:\/\/www.risksint.com\/alianzas\/#primaryimage\"},\"image\":{\"@id\":\"https:\/\/www.risksint.com\/alianzas\/#primaryimage\"},\"thumbnailUrl\":\"https:\/\/www.risksint.com\/wp-content\/uploads\/2024\/01\/basc-aliado-min-min.png\",\"datePublished\":\"2024-01-17T14:33:40+00:00\",\"dateModified\":\"2024-03-04T23:21:06+00:00\",\"breadcrumb\":{\"@id\":\"https:\/\/www.risksint.com\/alianzas\/#breadcrumb\"},\"inLanguage\":\"en-US\",\"potentialAction\":[{\"@type\":\"ReadAction\",\"target\":[\"https:\/\/www.risksint.com\/alianzas\/\"]}]},{\"@type\":\"ImageObject\",\"inLanguage\":\"en-US\",\"@id\":\"https:\/\/www.risksint.com\/alianzas\/#primaryimage\",\"url\":\"https:\/\/www.risksint.com\/wp-content\/uploads\/2024\/01\/basc-aliado-min-min.png\",\"contentUrl\":\"https:\/\/www.risksint.com\/wp-content\/uploads\/2024\/01\/basc-aliado-min-min.png\"},{\"@type\":\"BreadcrumbList\",\"@id\":\"https:\/\/www.risksint.com\/alianzas\/#breadcrumb\",\"itemListElement\":[{\"@type\":\"ListItem\",\"position\":1,\"name\":\"Home\",\"item\":\"https:\/\/www.risksint.com\/\"},{\"@type\":\"ListItem\",\"position\":2,\"name\":\"Alianzas\"}]},{\"@type\":\"WebSite\",\"@id\":\"https:\/\/www.risksint.com\/#website\",\"url\":\"https:\/\/www.risksint.com\/\",\"name\":\"Gesti\u00f3n de Riesgos y Debida Diligencia LAFT | Listas Restrictivas y vinculantes PEP y noticias LAFT\",\"description\":\"Gesti\u00f3n de Riesgos y Debida Diligencia LAFT Soluciones en Tecnolog\u00eda y Consultor\u00eda para el Cumplimiento Normativo y la Gesti\u00f3n de Riesgos LAFT y AntiSoborno\",\"publisher\":{\"@id\":\"https:\/\/www.risksint.com\/#organization\"},\"alternateName\":\"Risks International - Consultoria y Tecnolog\u00eda para cumplir con SARLAFT - SAGRILAFT - PTEE\",\"potentialAction\":[{\"@type\":\"SearchAction\",\"target\":{\"@type\":\"EntryPoint\",\"urlTemplate\":\"https:\/\/www.risksint.com\/?s={search_term_string}\"},\"query-input\":{\"@type\":\"PropertyValueSpecification\",\"valueRequired\":true,\"valueName\":\"search_term_string\"}}],\"inLanguage\":\"en-US\"},{\"@type\":[\"Organization\",\"Place\"],\"@id\":\"https:\/\/www.risksint.com\/#organization\",\"name\":\"RISKS INTERNATIONAL COMPLIANCE\",\"alternateName\":\"Gesti\u00f3n de Riesgos y Debida Diligencia AML y KYC\",\"url\":\"https:\/\/www.risksint.com\/\",\"logo\":{\"@id\":\"https:\/\/www.risksint.com\/alianzas\/#local-main-organization-logo\"},\"image\":{\"@id\":\"https:\/\/www.risksint.com\/alianzas\/#local-main-organization-logo\"},\"sameAs\":[\"https:\/\/www.facebook.com\/profile.php?id=100063525462320\",\"https:\/\/x.com\/risksint\",\"https:\/\/www.linkedin.com\/company\/risks-international\/\",\"https:\/\/www.youtube.com\/@risksinternational7379\"],\"telephone\":[],\"openingHoursSpecification\":[{\"@type\":\"OpeningHoursSpecification\",\"dayOfWeek\":[\"Monday\",\"Tuesday\",\"Wednesday\",\"Thursday\",\"Friday\",\"Saturday\",\"Sunday\"],\"opens\":\"09:00\",\"closes\":\"17:00\"}]},{\"@type\":\"ImageObject\",\"inLanguage\":\"en-US\",\"@id\":\"https:\/\/www.risksint.com\/alianzas\/#local-main-organization-logo\",\"url\":\"https:\/\/www.risksint.com\/wp-content\/uploads\/2024\/02\/risks-international-logo.png\",\"contentUrl\":\"https:\/\/www.risksint.com\/wp-content\/uploads\/2024\/02\/risks-international-logo.png\",\"width\":300,\"height\":231,\"caption\":\"RISKS INTERNATIONAL COMPLIANCE\"}]}<\/script>\n<!-- \/ Yoast SEO Premium plugin. -->","yoast_head_json":{"title":"Alianzas - Expertos en Gesti\u00f3n de Riesgos y Debida Diligencia LAFT - Risks International","robots":{"index":"index","follow":"follow","max-snippet":"max-snippet:-1","max-image-preview":"max-image-preview:large","max-video-preview":"max-video-preview:-1"},"canonical":"https:\/\/www.risksint.com\/en\/alianzas\/","og_locale":"en_US","og_type":"article","og_title":"Alianzas","og_description":"Completa el siguiente formulario, de seguro te contactaremos a la mayor brevedad. Si prefiere. \u00bfDesea reunirse con nosotros?","og_url":"https:\/\/www.risksint.com\/en\/alianzas\/","og_site_name":"Expertos en Gesti\u00f3n de Riesgos y Debida Diligencia LAFT - Risks International","article_publisher":"https:\/\/www.facebook.com\/profile.php?id=100063525462320","article_modified_time":"2024-03-04T23:21:06+00:00","og_image":[{"url":"https:\/\/www.risksint.com\/wp-content\/uploads\/2024\/01\/basc-aliado-min-min.png","type":"","width":"","height":""}],"twitter_card":"summary_large_image","twitter_site":"@risksint","twitter_misc":{"Est. reading time":"2 minutes"},"schema":{"@context":"https:\/\/schema.org","@graph":[{"@type":"WebPage","@id":"https:\/\/www.risksint.com\/alianzas\/","url":"https:\/\/www.risksint.com\/alianzas\/","name":"Alianzas - Expertos en Gesti\u00f3n de Riesgos y Debida Diligencia LAFT - Risks International","isPartOf":{"@id":"https:\/\/www.risksint.com\/#website"},"primaryImageOfPage":{"@id":"https:\/\/www.risksint.com\/alianzas\/#primaryimage"},"image":{"@id":"https:\/\/www.risksint.com\/alianzas\/#primaryimage"},"thumbnailUrl":"https:\/\/www.risksint.com\/wp-content\/uploads\/2024\/01\/basc-aliado-min-min.png","datePublished":"2024-01-17T14:33:40+00:00","dateModified":"2024-03-04T23:21:06+00:00","breadcrumb":{"@id":"https:\/\/www.risksint.com\/alianzas\/#breadcrumb"},"inLanguage":"en-US","potentialAction":[{"@type":"ReadAction","target":["https:\/\/www.risksint.com\/alianzas\/"]}]},{"@type":"ImageObject","inLanguage":"en-US","@id":"https:\/\/www.risksint.com\/alianzas\/#primaryimage","url":"https:\/\/www.risksint.com\/wp-content\/uploads\/2024\/01\/basc-aliado-min-min.png","contentUrl":"https:\/\/www.risksint.com\/wp-content\/uploads\/2024\/01\/basc-aliado-min-min.png"},{"@type":"BreadcrumbList","@id":"https:\/\/www.risksint.com\/alianzas\/#breadcrumb","itemListElement":[{"@type":"ListItem","position":1,"name":"Home","item":"https:\/\/www.risksint.com\/"},{"@type":"ListItem","position":2,"name":"Alianzas"}]},{"@type":"WebSite","@id":"https:\/\/www.risksint.com\/#website","url":"https:\/\/www.risksint.com\/","name":"Gesti\u00f3n de Riesgos y Debida Diligencia LAFT | Listas Restrictivas y vinculantes PEP y noticias LAFT","description":"Risk management and Due Diligence LAFT Technology Solutions and Consulting services for Regulatory Compliance, and Risk Management LAFT and anti-Bribery","publisher":{"@id":"https:\/\/www.risksint.com\/#organization"},"alternateName":"Risks International - Consultoria y Tecnolog\u00eda para cumplir con SARLAFT - SAGRILAFT - PTEE","potentialAction":[{"@type":"SearchAction","target":{"@type":"EntryPoint","urlTemplate":"https:\/\/www.risksint.com\/?s={search_term_string}"},"query-input":{"@type":"PropertyValueSpecification","valueRequired":true,"valueName":"search_term_string"}}],"inLanguage":"en-US"},{"@type":["Organization","Place"],"@id":"https:\/\/www.risksint.com\/#organization","name":"RISKS INTERNATIONAL COMPLIANCE","alternateName":"Gesti\u00f3n de Riesgos y Debida Diligencia AML y KYC","url":"https:\/\/www.risksint.com\/","logo":{"@id":"https:\/\/www.risksint.com\/alianzas\/#local-main-organization-logo"},"image":{"@id":"https:\/\/www.risksint.com\/alianzas\/#local-main-organization-logo"},"sameAs":["https:\/\/www.facebook.com\/profile.php?id=100063525462320","https:\/\/x.com\/risksint","https:\/\/www.linkedin.com\/company\/risks-international\/","https:\/\/www.youtube.com\/@risksinternational7379"],"telephone":[],"openingHoursSpecification":[{"@type":"OpeningHoursSpecification","dayOfWeek":["Monday","Tuesday","Wednesday","Thursday","Friday","Saturday","Sunday"],"opens":"09:00","closes":"17:00"}]},{"@type":"ImageObject","inLanguage":"en-US","@id":"https:\/\/www.risksint.com\/alianzas\/#local-main-organization-logo","url":"https:\/\/www.risksint.com\/wp-content\/uploads\/2024\/02\/risks-international-logo.png","contentUrl":"https:\/\/www.risksint.com\/wp-content\/uploads\/2024\/02\/risks-international-logo.png","width":300,"height":231,"caption":"RISKS INTERNATIONAL COMPLIANCE"}]}},"_links":{"self":[{"href":"https:\/\/www.risksint.com\/en\/wp-json\/wp\/v2\/pages\/657","targetHints":{"allow":["GET"]}}],"collection":[{"href":"https:\/\/www.risksint.com\/en\/wp-json\/wp\/v2\/pages"}],"about":[{"href":"https:\/\/www.risksint.com\/en\/wp-json\/wp\/v2\/types\/page"}],"author":[{"embeddable":true,"href":"https:\/\/www.risksint.com\/en\/wp-json\/wp\/v2\/users\/3"}],"replies":[{"embeddable":true,"href":"https:\/\/www.risksint.com\/en\/wp-json\/wp\/v2\/comments?post=657"}],"version-history":[{"count":0,"href":"https:\/\/www.risksint.com\/en\/wp-json\/wp\/v2\/pages\/657\/revisions"}],"wp:attachment":[{"href":"https:\/\/www.risksint.com\/en\/wp-json\/wp\/v2\/media?parent=657"}],"curies":[{"name":"wp","href":"https:\/\/api.w.org\/{rel}","templated":true}]}}