{"id":615,"date":"2024-01-17T09:23:55","date_gmt":"2024-01-17T14:23:55","guid":{"rendered":"https:\/\/www.risksint.com\/?page_id=615"},"modified":"2026-03-24T18:42:45","modified_gmt":"2026-03-24T23:42:45","slug":"proteccion-de-datos-personales","status":"publish","type":"page","link":"https:\/\/www.risksint.com\/en\/proteccion-de-datos-personales\/","title":{"rendered":"Protection of Personal Data"},"content":{"rendered":"<div data-elementor-type=\"wp-page\" data-elementor-id=\"615\" class=\"elementor elementor-615\" data-elementor-post-type=\"page\">\n\t\t\t\t<div class=\"elementor-element elementor-element-67cae685 e-flex e-con-boxed e-con e-parent\" data-id=\"67cae685\" data-element_type=\"container\">\n\t\t\t\t\t<div class=\"e-con-inner\">\n\t\t\t\t<div class=\"elementor-element elementor-element-7830e733 elementor-widget elementor-widget-text-editor\" data-id=\"7830e733\" data-element_type=\"widget\" data-widget_type=\"text-editor.default\">\n\t\t\t\t<div class=\"elementor-widget-container\">\n\t\t\t\t\t\t\t\t\t\n<p style=\"text-align: center;\"><strong>A continuaci\u00f3n podr\u00e1 revisar la pol\u00edtica de protecci\u00f3n de datos personales:<\/strong><\/p>\n\n\n\n<div data-wp-interactive=\"core\/file\" class=\"wp-block-file\" style=\"text-align: center;\"><object data-wp-bind--hidden=\"!state.hasPdfPreview\" hidden class=\"wp-block-file__embed\" style=\"width: 100%; height: 600px;\" data=\"https:\/\/www.risksint.com\/wp-content\/uploads\/2024\/01\/MGE-004-MANUAL-TRATAMIENTO-DATOS-RISKS-INTERNATIONAL-Version-Agosto-2022.pdf\" type=\"application\/pdf\" width=\"300\" height=\"150\" aria-label=\"Embed of MGE-004-MANUAL-TRATAMIENTO-DATOS-RISKS-INTERNATIONAL-Version-Agosto-2022.\"><\/object><a id=\"wp-block-file--media-f1d5a0c9-949f-466a-adf1-1ed1e75191dd\" href=\"https:\/\/www.risksint.com\/wp-content\/uploads\/2024\/01\/MGE-004-MANUAL-TRATAMIENTO-DATOS-RISKS-INTERNATIONAL-Version-Agosto-2022.pdf\">MGE-004-MANUAL-TRATAMIENTO-DATOS-RISKS-INTERNATIONAL-Version-Agosto-2022<\/a><\/div>\n<div>\u00a0<\/div>\n<div class=\"wp-block-file\" style=\"text-align: center;\"><a class=\"wp-block-file__button wp-element-button\" href=\"https:\/\/www.risksint.com\/wp-content\/uploads\/2024\/01\/MGE-004-MANUAL-TRATAMIENTO-DATOS-RISKS-INTERNATIONAL-Version-Agosto-2022.pdf\" download=\"\" aria-describedby=\"wp-block-file--media-f1d5a0c9-949f-466a-adf1-1ed1e75191dd\">Descargar el documento<\/a><\/div>\n\t\t\t\t\t\t\t\t<\/div>\n\t\t\t\t<\/div>\n\t\t\t\t<div class=\"elementor-element elementor-element-84b110b elementor-widget elementor-widget-text-editor\" data-id=\"84b110b\" data-element_type=\"widget\" data-widget_type=\"text-editor.default\">\n\t\t\t\t<div class=\"elementor-widget-container\">\n\t\t\t\t\t\t\t\t\t\n<p style=\"text-align: center;\"><strong>A continuaci\u00f3n podr\u00e1 revisar la pol\u00edtica de protecci\u00f3n de datos personales:<\/strong><\/p>\n\n<div data-wp-interactive=\"core\/file\" class=\"wp-block-file\" style=\"text-align: center;\"><object data-wp-bind--hidden=\"!state.hasPdfPreview\" hidden class=\"wp-block-file__embed\" style=\"width: 100%; height: 600px;\" data=\"https:\/\/www.risksint.com\/wp-content\/uploads\/2024\/02\/OGE-023-POLTICA-DE-SEGURIDAD-DE-LA-INFORMACION-V.2.pdf\" type=\"application\/pdf\" width=\"300\" height=\"150\" aria-label=\"Embed of MGE-004-MANUAL-TRATAMIENTO-DATOS-RISKS-INTERNATIONAL-Version-Agosto-2022.\"><\/object><a id=\"wp-block-file--media-f1d5a0c9-949f-466a-adf1-1ed1e75191dd\" href=\"https:\/\/www.risksint.com\/wp-content\/uploads\/2024\/02\/OGE-023-POLTICA-DE-SEGURIDAD-DE-LA-INFORMACION-V.2.pdf\">POLITICA DE TRATAMIENTO DE SEGURIDAD DE LA INFORMACI\u00d3N<\/a><\/div>\n<div>\u00a0<\/div>\n<div class=\"wp-block-file\" style=\"text-align: center;\"><a class=\"wp-block-file__button wp-element-button\" href=\"https:\/\/www.risksint.com\/wp-content\/uploads\/2024\/01\/MGE-004-MANUAL-TRATAMIENTO-DATOS-RISKS-INTERNATIONAL-Version-Agosto-2022.pdf\" download=\"\" aria-describedby=\"wp-block-file--media-f1d5a0c9-949f-466a-adf1-1ed1e75191dd\">Descargar el documento<\/a><\/div>\n\t\t\t\t\t\t\t\t<\/div>\n\t\t\t\t<\/div>\n\t\t\t\t<div class=\"elementor-element elementor-element-bcd5769 elementor-widget elementor-widget-text-editor\" data-id=\"bcd5769\" data-element_type=\"widget\" data-widget_type=\"text-editor.default\">\n\t\t\t\t<div class=\"elementor-widget-container\">\n\t\t\t\t\t\t\t\t\t<p><\/p>\n<p style=\"text-align: center;\"><strong>A continuaci\u00f3n podr\u00e1 revisar el MANUAL DE PROCEDIMIENTO PARA INCLUSI\u00d3N DE REPORTES EN LA HERRAMIENTA SIRIEST<\/strong><\/p>\n<p><\/p>\n<p><\/p>\n<div class=\"wp-block-file\" style=\"text-align: center;\"><object class=\"wp-block-file__embed\" style=\"width: 100%; height: 800px;\" data=\"https:\/\/www.risksint.com\/wp-content\/uploads\/MCM-001-MANUAL-DE-PROCEDIMIENTO-PARA-INCLUSION-DE-REPORTES-V.2-.pdf\" type=\"application\/pdf\" width=\"300\" height=\"150\" aria-label=\"AVISO DE PRIVACIDAD\"><\/object><strong>MANUAL DE PROCEDIMIENTO PARA INCLUSI\u00d3N DE REPORTES EN LA HERRAMIENTA SIRIEST<\/strong><\/div>\n<div>\u00a0<\/div>\n<div class=\"wp-block-file\" style=\"text-align: center;\"><a class=\"wp-block-file__button wp-element-button\" href=\"https:\/\/www.risksint.com\/wp-content\/uploads\/2024\/02\/AVISO-DE-PRIVACIDAD-RISKS-INTERNATIONAL-S.A.S.pdf\" download=\"\" aria-describedby=\"wp-block-file--media-f1d5a0c9-949f-466a-adf1-1ed1e75191dd\">Descargar el documento<\/a><\/div>\n<p><\/p>\t\t\t\t\t\t\t\t<\/div>\n\t\t\t\t<\/div>\n\t\t\t\t<div class=\"elementor-element elementor-element-d7dd5f9 elementor-widget elementor-widget-text-editor\" data-id=\"d7dd5f9\" data-element_type=\"widget\" data-widget_type=\"text-editor.default\">\n\t\t\t\t<div class=\"elementor-widget-container\">\n\t\t\t\t\t\t\t\t\t<p><\/p>\n<p style=\"text-align: center;\"><strong>A continuaci\u00f3n podr\u00e1 revisar el MANUAL DE PROCEDIMIENTOS PARA LA GESTI\u00d3N Y TRASLADO DE SOLICITUDES DE TITULARES DE DATOS PERSONALES DE LA HERRAMIENTA SIRIEST:<\/strong><\/p>\n<p><\/p>\n<p><\/p>\n<div class=\"wp-block-file\" style=\"text-align: center;\"><object class=\"wp-block-file__embed\" style=\"width: 100%; height: 800px;\" data=\"https:\/\/www.risksint.com\/wp-content\/uploads\/MCM-002-MANUAL-DE-PROCEDIMIENTOS-PARA-LA-GESTION-DE-TRASLADOS-DE-SOLICITUDES-V.2-.pdf\" type=\"application\/pdf\" width=\"300\" height=\"150\" aria-label=\"AVISO DE PRIVACIDAD\"><\/object><strong>MANUAL DE PROCEDIMIENTOS PARA LA GESTI\u00d3N Y TRASLADO DE SOLICITUDES DE TITULARES DE DATOS PERSONALES DE LA HERRAMIENTA SIRIEST<\/strong><\/div>\n<div>\u00a0<\/div>\n<div class=\"wp-block-file\" style=\"text-align: center;\"><a class=\"wp-block-file__button wp-element-button\" href=\"https:\/\/www.risksint.com\/wp-content\/uploads\/2024\/02\/AVISO-DE-PRIVACIDAD-RISKS-INTERNATIONAL-S.A.S.pdf\" download=\"\" aria-describedby=\"wp-block-file--media-f1d5a0c9-949f-466a-adf1-1ed1e75191dd\">Descargar el documento<\/a><\/div>\n<p><\/p>\t\t\t\t\t\t\t\t<\/div>\n\t\t\t\t<\/div>\n\t\t\t\t<div class=\"elementor-element elementor-element-ed34825 elementor-widget elementor-widget-text-editor\" data-id=\"ed34825\" data-element_type=\"widget\" data-widget_type=\"text-editor.default\">\n\t\t\t\t<div class=\"elementor-widget-container\">\n\t\t\t\t\t\t\t\t\t<p><\/p>\n<p style=\"text-align: center;\"><strong>A continuaci\u00f3n podr\u00e1 revisar la AUTORIZACI\u00d3N PARA EL TRATAMIENTO DE DATOS SENSIBLES:<\/strong><\/p>\n<p><\/p>\n<p><\/p>\n<div class=\"wp-block-file\" style=\"text-align: center;\"><object class=\"wp-block-file__embed\" style=\"width: 100%; height: 800px;\" data=\"https:\/\/www.risksint.com\/wp-content\/uploads\/FCM-014-AUTORIZACION-PARA-EL-TRATAMIENTO-DE-DATOS-PERSONALES-Y-SENSIBLES-HERAMIENTA-SIRIEST-V.1.pdf\" type=\"application\/pdf\" width=\"300\" height=\"150\" aria-label=\"AVISO DE PRIVACIDAD\"><\/object><strong>AUTORIZACI\u00d3N PARA EL TRATAMIENTO DE DATOS SENSIBLES<\/strong><\/div>\n<div>\u00a0<\/div>\n<div class=\"wp-block-file\" style=\"text-align: center;\"><a class=\"wp-block-file__button wp-element-button\" href=\"https:\/\/www.risksint.com\/wp-content\/uploads\/FCM-014-AUTORIZACION-PARA-EL-TRATAMIENTO-DE-DATOS-PERSONALES-Y-SENSIBLES-HERAMIENTA-SIRIEST-V.1.pdf\" download=\"\" aria-describedby=\"wp-block-file--media-f1d5a0c9-949f-466a-adf1-1ed1e75191dd\">Descargar el documento<\/a><\/div>\n<p><\/p>\t\t\t\t\t\t\t\t<\/div>\n\t\t\t\t<\/div>\n\t\t\t\t<div class=\"elementor-element elementor-element-350634b elementor-widget elementor-widget-text-editor\" data-id=\"350634b\" data-element_type=\"widget\" data-widget_type=\"text-editor.default\">\n\t\t\t\t<div class=\"elementor-widget-container\">\n\t\t\t\t\t\t\t\t\t<p><\/p>\n<p style=\"text-align: center;\"><strong>A continuaci\u00f3n podr\u00e1 revisar EL MECANISMO IMPLEMENTADO DE AUTORIZACI\u00d3N PARA EL TRATAMIENTO DE DATOS SENSIBLES:<\/strong><\/p>\n<p><\/p>\n<p><\/p>\n<div class=\"wp-block-file\" style=\"text-align: center;\"><object class=\"wp-block-file__embed\" style=\"width: 100%; height: 800px;\" data=\"https:\/\/www.risksint.com\/wp-content\/uploads\/TLG-001-MECANISMO-IMPLEMENTADO-POR-RISKS-INTERNATIONAL-SAS-PARA-OBTENER-LA-AUTORIZACION-DE-TRATAMIENTO-DE-DATOS-PERSONALES-DE-LOS-TITULARES.pdf\" type=\"application\/pdf\" width=\"300\" height=\"150\" aria-label=\"AVISO DE PRIVACIDAD\"><\/object><strong>MECANISMO IMPLEMENTADO PARA OBTENER LA AUTORIZACI\u00d3N PARA EL TRATAMIENTO DE DATOS DEL TITULAR<\/strong><\/div>\n<div>\u00a0<\/div>\n<div class=\"wp-block-file\" style=\"text-align: center;\"><a class=\"wp-block-file__button wp-element-button\" href=\"https:\/\/www.risksint.com\/wp-content\/uploads\/TLG-001-MECANISMO-IMPLEMENTADO-POR-RISKS-INTERNATIONAL-SAS-PARA-OBTENER-LA-AUTORIZACION-DE-TRATAMIENTO-DE-DATOS-PERSONALES-DE-LOS-TITULARES.pdf\" download=\"\" aria-describedby=\"wp-block-file--media-f1d5a0c9-949f-466a-adf1-1ed1e75191dd\">Descargar el documento<\/a><\/div>\n<p><\/p>\t\t\t\t\t\t\t\t<\/div>\n\t\t\t\t<\/div>\n\t\t\t\t<div class=\"elementor-element elementor-element-855ecc4 elementor-widget elementor-widget-text-editor\" data-id=\"855ecc4\" data-element_type=\"widget\" data-widget_type=\"text-editor.default\">\n\t\t\t\t<div class=\"elementor-widget-container\">\n\t\t\t\t\t\t\t\t\t<p><\/p>\n<p style=\"text-align: center;\"><strong>A continuaci\u00f3n podr\u00e1 revisar EL MANUAL UNIFICADO &#8211; MANUAL INTERNO DE POL\u00cdTICAS Y PROCEDIMIENTOS DE PROTECCI\u00d3N DE DATOS PERSONALES &#8211; DICIEMBRE 2025:<\/strong><\/p>\n<p><\/p>\n<p><\/p>\n<div class=\"wp-block-file\" style=\"text-align: center;\"><object class=\"wp-block-file__embed\" style=\"width: 100%; height: 800px;\" data=\"https:\/\/www.risksint.com\/wp-content\/uploads\/MGE-006-MANUAL-INTERNO-DE-POLITICAS-Y-PROCEDIMIENTOS-SOBRE-TRATAMIENTO-DE-DATOS-PERSONALES-V.1-1.pdf\" width=\"300\" height=\"150\" aria-label=\"AVISO DE PRIVACIDAD\"><\/object><strong>MANUAL INTERNO DE POL\u00cdTICAS Y PROCEDIMIENTOS DE PROTECCI\u00d3N DE DATOS PERSONALES &#8211; DICIEMBRE 2025<\/strong><\/div>\n<div>\u00a0<\/div>\n<div class=\"wp-block-file\" style=\"text-align: center;\"><a class=\"wp-block-file__button wp-element-button\" href=\"https:\/\/www.risksint.com\/wp-content\/uploads\/MGE-006-MANUAL-INTERNO-DE-POLITICAS-Y-PROCEDIMIENTOS-SOBRE-TRATAMIENTO-DE-DATOS-PERSONALES-V.1-1.pdf\" download=\"\" aria-describedby=\"wp-block-file--media-f1d5a0c9-949f-466a-adf1-1ed1e75191dd\">Descargar el documento<\/a><\/div>\n<p><\/p>\t\t\t\t\t\t\t\t<\/div>\n\t\t\t\t<\/div>\n\t\t\t\t\t<\/div>\n\t\t\t\t<\/div>\n\t\t\t\t<\/div>","protected":false},"excerpt":{"rendered":"<p>A continuaci\u00f3n podr\u00e1 revisar la pol\u00edtica de protecci\u00f3n de datos personales: A continuaci\u00f3n podr\u00e1 revisar la pol\u00edtica de protecci\u00f3n de datos personales: A continuaci\u00f3n podr\u00e1 revisar el MANUAL DE PROCEDIMIENTO PARA INCLUSI\u00d3N DE REPORTES EN LA HERRAMIENTA SIRIEST A continuaci\u00f3n podr\u00e1 revisar el MANUAL DE PROCEDIMIENTOS PARA LA GESTI\u00d3N Y TRASLADO DE SOLICITUDES DE TITULARES [&hellip;]<\/p>","protected":false},"author":3,"featured_media":0,"parent":0,"menu_order":0,"comment_status":"closed","ping_status":"closed","template":"","meta":{"content-type":"","footnotes":""},"class_list":["post-615","page","type-page","status-publish","hentry"],"yoast_head":"<!-- This site is optimized with the Yoast SEO Premium plugin v26.8 (Yoast SEO v26.8) - https:\/\/yoast.com\/product\/yoast-seo-premium-wordpress\/ -->\n<title>Protecci\u00f3n de Datos Personales - Expertos en Gesti\u00f3n de Riesgos y Debida Diligencia LAFT - Risks International<\/title>\n<meta name=\"robots\" content=\"index, follow, max-snippet:-1, max-image-preview:large, max-video-preview:-1\" \/>\n<link rel=\"canonical\" href=\"https:\/\/www.risksint.com\/en\/proteccion-de-datos-personales\/\" \/>\n<meta property=\"og:locale\" content=\"en_US\" \/>\n<meta property=\"og:type\" content=\"article\" \/>\n<meta property=\"og:title\" content=\"Protecci\u00f3n de Datos Personales\" \/>\n<meta property=\"og:description\" content=\"A continuaci\u00f3n podr\u00e1 revisar la pol\u00edtica de protecci\u00f3n de datos personales: A continuaci\u00f3n podr\u00e1 revisar la pol\u00edtica de protecci\u00f3n de datos personales: A continuaci\u00f3n podr\u00e1 revisar el MANUAL DE PROCEDIMIENTO PARA INCLUSI\u00d3N DE REPORTES EN LA HERRAMIENTA SIRIEST A continuaci\u00f3n podr\u00e1 revisar el MANUAL DE PROCEDIMIENTOS PARA LA GESTI\u00d3N Y TRASLADO DE SOLICITUDES DE TITULARES [&hellip;]\" \/>\n<meta property=\"og:url\" content=\"https:\/\/www.risksint.com\/en\/proteccion-de-datos-personales\/\" \/>\n<meta property=\"og:site_name\" content=\"Expertos en Gesti\u00f3n de Riesgos y Debida Diligencia LAFT - Risks International\" \/>\n<meta property=\"article:publisher\" content=\"https:\/\/www.facebook.com\/profile.php?id=100063525462320\" \/>\n<meta property=\"article:modified_time\" content=\"2026-03-24T23:42:45+00:00\" \/>\n<meta property=\"og:image\" content=\"https:\/\/www.risksint.com\/wp-content\/uploads\/2024\/03\/Gestion-de-Riesgos-y-Debida-Diligencia-AML-y-KYC.png\" \/>\n\t<meta property=\"og:image:width\" content=\"1200\" \/>\n\t<meta property=\"og:image:height\" content=\"675\" \/>\n\t<meta property=\"og:image:type\" content=\"image\/png\" \/>\n<meta name=\"twitter:card\" content=\"summary_large_image\" \/>\n<meta name=\"twitter:site\" content=\"@risksint\" \/>\n<meta name=\"twitter:label1\" content=\"Est. reading time\" \/>\n\t<meta name=\"twitter:data1\" content=\"1 minute\" \/>\n<script type=\"application\/ld+json\" class=\"yoast-schema-graph\">{\"@context\":\"https:\/\/schema.org\",\"@graph\":[{\"@type\":\"WebPage\",\"@id\":\"https:\/\/www.risksint.com\/proteccion-de-datos-personales\/\",\"url\":\"https:\/\/www.risksint.com\/proteccion-de-datos-personales\/\",\"name\":\"Protecci\u00f3n de Datos Personales - Expertos en Gesti\u00f3n de Riesgos y Debida Diligencia LAFT - Risks International\",\"isPartOf\":{\"@id\":\"https:\/\/www.risksint.com\/#website\"},\"datePublished\":\"2024-01-17T14:23:55+00:00\",\"dateModified\":\"2026-03-24T23:42:45+00:00\",\"breadcrumb\":{\"@id\":\"https:\/\/www.risksint.com\/proteccion-de-datos-personales\/#breadcrumb\"},\"inLanguage\":\"en-US\",\"potentialAction\":[{\"@type\":\"ReadAction\",\"target\":[\"https:\/\/www.risksint.com\/proteccion-de-datos-personales\/\"]}]},{\"@type\":\"BreadcrumbList\",\"@id\":\"https:\/\/www.risksint.com\/proteccion-de-datos-personales\/#breadcrumb\",\"itemListElement\":[{\"@type\":\"ListItem\",\"position\":1,\"name\":\"Home\",\"item\":\"https:\/\/www.risksint.com\/\"},{\"@type\":\"ListItem\",\"position\":2,\"name\":\"Protecci\u00f3n de Datos Personales\"}]},{\"@type\":\"WebSite\",\"@id\":\"https:\/\/www.risksint.com\/#website\",\"url\":\"https:\/\/www.risksint.com\/\",\"name\":\"Gesti\u00f3n de Riesgos y Debida Diligencia LAFT | Listas Restrictivas y vinculantes PEP y noticias LAFT\",\"description\":\"Gesti\u00f3n de Riesgos y Debida Diligencia LAFT Soluciones en Tecnolog\u00eda y Consultor\u00eda para el Cumplimiento Normativo y la Gesti\u00f3n de Riesgos LAFT y AntiSoborno\",\"publisher\":{\"@id\":\"https:\/\/www.risksint.com\/#organization\"},\"alternateName\":\"Risks International - Consultoria y Tecnolog\u00eda para cumplir con SARLAFT - SAGRILAFT - PTEE\",\"potentialAction\":[{\"@type\":\"SearchAction\",\"target\":{\"@type\":\"EntryPoint\",\"urlTemplate\":\"https:\/\/www.risksint.com\/?s={search_term_string}\"},\"query-input\":{\"@type\":\"PropertyValueSpecification\",\"valueRequired\":true,\"valueName\":\"search_term_string\"}}],\"inLanguage\":\"en-US\"},{\"@type\":[\"Organization\",\"Place\"],\"@id\":\"https:\/\/www.risksint.com\/#organization\",\"name\":\"RISKS INTERNATIONAL COMPLIANCE\",\"alternateName\":\"Gesti\u00f3n de Riesgos y Debida Diligencia AML y KYC\",\"url\":\"https:\/\/www.risksint.com\/\",\"logo\":{\"@id\":\"https:\/\/www.risksint.com\/proteccion-de-datos-personales\/#local-main-organization-logo\"},\"image\":{\"@id\":\"https:\/\/www.risksint.com\/proteccion-de-datos-personales\/#local-main-organization-logo\"},\"sameAs\":[\"https:\/\/www.facebook.com\/profile.php?id=100063525462320\",\"https:\/\/x.com\/risksint\",\"https:\/\/www.linkedin.com\/company\/risks-international\/\",\"https:\/\/www.youtube.com\/@risksinternational7379\"],\"telephone\":[],\"openingHoursSpecification\":[{\"@type\":\"OpeningHoursSpecification\",\"dayOfWeek\":[\"Monday\",\"Tuesday\",\"Wednesday\",\"Thursday\",\"Friday\",\"Saturday\",\"Sunday\"],\"opens\":\"09:00\",\"closes\":\"17:00\"}]},{\"@type\":\"ImageObject\",\"inLanguage\":\"en-US\",\"@id\":\"https:\/\/www.risksint.com\/proteccion-de-datos-personales\/#local-main-organization-logo\",\"url\":\"https:\/\/www.risksint.com\/wp-content\/uploads\/2024\/02\/risks-international-logo.png\",\"contentUrl\":\"https:\/\/www.risksint.com\/wp-content\/uploads\/2024\/02\/risks-international-logo.png\",\"width\":300,\"height\":231,\"caption\":\"RISKS INTERNATIONAL COMPLIANCE\"}]}<\/script>\n<!-- \/ Yoast SEO Premium plugin. -->","yoast_head_json":{"title":"Protecci\u00f3n de Datos Personales - Expertos en Gesti\u00f3n de Riesgos y Debida Diligencia LAFT - Risks International","robots":{"index":"index","follow":"follow","max-snippet":"max-snippet:-1","max-image-preview":"max-image-preview:large","max-video-preview":"max-video-preview:-1"},"canonical":"https:\/\/www.risksint.com\/en\/proteccion-de-datos-personales\/","og_locale":"en_US","og_type":"article","og_title":"Protecci\u00f3n de Datos Personales","og_description":"A continuaci\u00f3n podr\u00e1 revisar la pol\u00edtica de protecci\u00f3n de datos personales: A continuaci\u00f3n podr\u00e1 revisar la pol\u00edtica de protecci\u00f3n de datos personales: A continuaci\u00f3n podr\u00e1 revisar el MANUAL DE PROCEDIMIENTO PARA INCLUSI\u00d3N DE REPORTES EN LA HERRAMIENTA SIRIEST A continuaci\u00f3n podr\u00e1 revisar el MANUAL DE PROCEDIMIENTOS PARA LA GESTI\u00d3N Y TRASLADO DE SOLICITUDES DE TITULARES [&hellip;]","og_url":"https:\/\/www.risksint.com\/en\/proteccion-de-datos-personales\/","og_site_name":"Expertos en Gesti\u00f3n de Riesgos y Debida Diligencia LAFT - Risks International","article_publisher":"https:\/\/www.facebook.com\/profile.php?id=100063525462320","article_modified_time":"2026-03-24T23:42:45+00:00","og_image":[{"width":1200,"height":675,"url":"https:\/\/www.risksint.com\/wp-content\/uploads\/2024\/03\/Gestion-de-Riesgos-y-Debida-Diligencia-AML-y-KYC.png","type":"image\/png"}],"twitter_card":"summary_large_image","twitter_site":"@risksint","twitter_misc":{"Est. reading time":"1 minute"},"schema":{"@context":"https:\/\/schema.org","@graph":[{"@type":"WebPage","@id":"https:\/\/www.risksint.com\/proteccion-de-datos-personales\/","url":"https:\/\/www.risksint.com\/proteccion-de-datos-personales\/","name":"Protecci\u00f3n de Datos Personales - Expertos en Gesti\u00f3n de Riesgos y Debida Diligencia LAFT - Risks International","isPartOf":{"@id":"https:\/\/www.risksint.com\/#website"},"datePublished":"2024-01-17T14:23:55+00:00","dateModified":"2026-03-24T23:42:45+00:00","breadcrumb":{"@id":"https:\/\/www.risksint.com\/proteccion-de-datos-personales\/#breadcrumb"},"inLanguage":"en-US","potentialAction":[{"@type":"ReadAction","target":["https:\/\/www.risksint.com\/proteccion-de-datos-personales\/"]}]},{"@type":"BreadcrumbList","@id":"https:\/\/www.risksint.com\/proteccion-de-datos-personales\/#breadcrumb","itemListElement":[{"@type":"ListItem","position":1,"name":"Home","item":"https:\/\/www.risksint.com\/"},{"@type":"ListItem","position":2,"name":"Protecci\u00f3n de Datos Personales"}]},{"@type":"WebSite","@id":"https:\/\/www.risksint.com\/#website","url":"https:\/\/www.risksint.com\/","name":"Gesti\u00f3n de Riesgos y Debida Diligencia LAFT | Listas Restrictivas y vinculantes PEP y noticias LAFT","description":"Risk management and Due Diligence LAFT Technology Solutions and Consulting services for Regulatory Compliance, and Risk Management LAFT and anti-Bribery","publisher":{"@id":"https:\/\/www.risksint.com\/#organization"},"alternateName":"Risks International - Consultoria y Tecnolog\u00eda para cumplir con SARLAFT - SAGRILAFT - PTEE","potentialAction":[{"@type":"SearchAction","target":{"@type":"EntryPoint","urlTemplate":"https:\/\/www.risksint.com\/?s={search_term_string}"},"query-input":{"@type":"PropertyValueSpecification","valueRequired":true,"valueName":"search_term_string"}}],"inLanguage":"en-US"},{"@type":["Organization","Place"],"@id":"https:\/\/www.risksint.com\/#organization","name":"RISKS INTERNATIONAL COMPLIANCE","alternateName":"Gesti\u00f3n de Riesgos y Debida Diligencia AML y KYC","url":"https:\/\/www.risksint.com\/","logo":{"@id":"https:\/\/www.risksint.com\/proteccion-de-datos-personales\/#local-main-organization-logo"},"image":{"@id":"https:\/\/www.risksint.com\/proteccion-de-datos-personales\/#local-main-organization-logo"},"sameAs":["https:\/\/www.facebook.com\/profile.php?id=100063525462320","https:\/\/x.com\/risksint","https:\/\/www.linkedin.com\/company\/risks-international\/","https:\/\/www.youtube.com\/@risksinternational7379"],"telephone":[],"openingHoursSpecification":[{"@type":"OpeningHoursSpecification","dayOfWeek":["Monday","Tuesday","Wednesday","Thursday","Friday","Saturday","Sunday"],"opens":"09:00","closes":"17:00"}]},{"@type":"ImageObject","inLanguage":"en-US","@id":"https:\/\/www.risksint.com\/proteccion-de-datos-personales\/#local-main-organization-logo","url":"https:\/\/www.risksint.com\/wp-content\/uploads\/2024\/02\/risks-international-logo.png","contentUrl":"https:\/\/www.risksint.com\/wp-content\/uploads\/2024\/02\/risks-international-logo.png","width":300,"height":231,"caption":"RISKS INTERNATIONAL COMPLIANCE"}]}},"_links":{"self":[{"href":"https:\/\/www.risksint.com\/en\/wp-json\/wp\/v2\/pages\/615","targetHints":{"allow":["GET"]}}],"collection":[{"href":"https:\/\/www.risksint.com\/en\/wp-json\/wp\/v2\/pages"}],"about":[{"href":"https:\/\/www.risksint.com\/en\/wp-json\/wp\/v2\/types\/page"}],"author":[{"embeddable":true,"href":"https:\/\/www.risksint.com\/en\/wp-json\/wp\/v2\/users\/3"}],"replies":[{"embeddable":true,"href":"https:\/\/www.risksint.com\/en\/wp-json\/wp\/v2\/comments?post=615"}],"version-history":[{"count":0,"href":"https:\/\/www.risksint.com\/en\/wp-json\/wp\/v2\/pages\/615\/revisions"}],"wp:attachment":[{"href":"https:\/\/www.risksint.com\/en\/wp-json\/wp\/v2\/media?parent=615"}],"curies":[{"name":"wp","href":"https:\/\/api.w.org\/{rel}","templated":true}]}}