{"id":5542,"date":"2025-08-27T19:58:38","date_gmt":"2025-08-28T00:58:38","guid":{"rendered":"https:\/\/www.risksint.com\/?page_id=5542"},"modified":"2025-08-27T20:16:57","modified_gmt":"2025-08-28T01:16:57","slug":"diplomado-tratamiento-de-datos-personales","status":"publish","type":"page","link":"https:\/\/www.risksint.com\/en\/diplomado-tratamiento-de-datos-personales\/","title":{"rendered":"Diplomado Tratamiento de Datos Personales"},"content":{"rendered":"<div data-elementor-type=\"wp-page\" data-elementor-id=\"5542\" class=\"elementor elementor-5542\" data-elementor-post-type=\"page\">\n\t\t\t\t<div class=\"elementor-element elementor-element-b7b39a1 e-flex e-con-boxed e-con e-parent\" data-id=\"b7b39a1\" data-element_type=\"container\">\n\t\t\t\t\t<div class=\"e-con-inner\">\n\t\t<div class=\"elementor-element elementor-element-0405ce4 e-con-full e-flex e-con e-child\" data-id=\"0405ce4\" data-element_type=\"container\">\n\t\t\t\t<div class=\"elementor-element elementor-element-a5d8003 elementor-widget elementor-widget-image\" data-id=\"a5d8003\" data-element_type=\"widget\" data-widget_type=\"image.default\">\n\t\t\t\t<div class=\"elementor-widget-container\">\n\t\t\t\t\t\t\t\t\t\t\t\t\t\t\t<img fetchpriority=\"high\" decoding=\"async\" width=\"819\" height=\"1024\" src=\"https:\/\/www.risksint.com\/wp-content\/uploads\/banner-TDP-819x1024.jpeg\" class=\"attachment-large size-large wp-image-5487\" alt=\"\" srcset=\"https:\/\/www.risksint.com\/wp-content\/uploads\/banner-TDP-819x1024.jpeg.webp 819w, https:\/\/www.risksint.com\/wp-content\/uploads\/banner-TDP-240x300.jpeg.webp 240w, https:\/\/www.risksint.com\/wp-content\/uploads\/banner-TDP-768x960.jpeg.webp 768w, https:\/\/www.risksint.com\/wp-content\/uploads\/banner-TDP-10x12.jpeg.webp 10w, https:\/\/www.risksint.com\/wp-content\/uploads\/banner-TDP.jpeg.webp 1080w\" sizes=\"(max-width: 819px) 100vw, 819px\" \/>\t\t\t\t\t\t\t\t\t\t\t\t\t\t\t<\/div>\n\t\t\t\t<\/div>\n\t\t\t\t<div class=\"elementor-element elementor-element-25d657b elementor-widget elementor-widget-text-editor\" data-id=\"25d657b\" data-element_type=\"widget\" data-widget_type=\"text-editor.default\">\n\t\t\t\t<div class=\"elementor-widget-container\">\n\t\t\t\t\t\t\t\t\t<p style=\"font-weight: 400;\"><strong>DIPLOMADO EN TRATAMIENTO DE DATOS PERSONALES &#8211; VIGILADOS POR LA SUPERINTENDENCIA DE INDUSTRIA Y COMERCIO<\/strong><\/p><p style=\"font-weight: 400;\">\ud83d\udd39 Convi\u00e9rtete en Experto en Protecci\u00f3n de Datos.<\/p><p style=\"font-weight: 400;\">\u00bfTu organizaci\u00f3n maneja bases de datos con informaci\u00f3n personal de clientes, empleados o usuarios? \u00bfNecesitas garantizar el cumplimiento normativo ante la Superintendencia de Industria y Comercio (SIC) para evitar sanciones millonarias?\u00a0<\/p><p style=\"font-weight: 400;\">\ud83d\udccc Este diplomado es ideal para ti si:\u00a0<\/p><p style=\"font-weight: 400;\">\u2705 Eres Responsable de Tratamiento de Datos, Oficial de Cumplimiento, abogado, TI, RH o profesional de mercadeo en empresas que procesan datos personales\u00a0<\/p><p style=\"font-weight: 400;\">\u2705 Trabajas en compa\u00f1\u00edas vigiladas por la SIC (sector financiero, retail, salud, telecomunicaciones, educaci\u00f3n, etc.)\u00a0<\/p><p style=\"font-weight: 400;\">\u2705 Quieres implementar pol\u00edticas de protecci\u00f3n de datos acordes con la normativa colombiana e internacional (GDPR)\u00a0<\/p>\t\t\t\t\t\t\t\t<\/div>\n\t\t\t\t<\/div>\n\t\t\t\t<\/div>\n\t\t<div class=\"elementor-element elementor-element-7ce57cc e-con-full e-flex e-con e-child\" data-id=\"7ce57cc\" data-element_type=\"container\">\n\t\t\t\t<div class=\"elementor-element elementor-element-a6d6e4d elementor-widget elementor-widget-text-editor\" data-id=\"a6d6e4d\" data-element_type=\"widget\" data-widget_type=\"text-editor.default\">\n\t\t\t\t<div class=\"elementor-widget-container\">\n\t\t\t\t\t\t\t\t\t<p style=\"font-weight: 400;\">\ud83d\udcda Aprender\u00e1s sobre:\u00a0<\/p><p style=\"font-weight: 400;\">\ud83d\udd39 Marco regulatorio (Ley 1581, Decreto 1377, Circulares SIC y est\u00e1ndares internacionales)\u00a0<\/p><p style=\"font-weight: 400;\">\ud83d\udd39 Dise\u00f1o e implementaci\u00f3n de programas de protecci\u00f3n de datos\u00a0<\/p><p style=\"font-weight: 400;\">\ud83d\udd39 Procedimientos para recolecci\u00f3n, tratamiento y transferencia de datos\u00a0<\/p><p style=\"font-weight: 400;\">\ud83d\udd39 Derechos de los titulares (Habeas Data) y protocolos de atenci\u00f3n\u00a0<\/p><p style=\"font-weight: 400;\">\ud83d\udd39 Sanciones por incumplimiento y gesti\u00f3n de riesgos\u00a0<\/p><p style=\"font-weight: 400;\">\u00a0<\/p><p style=\"font-weight: 400;\">\ud83c\udfc6 Certif\u00edcate con los mejores y protege a tu organizaci\u00f3n de multas hasta 200 SMLMV por violaciones a la privacidad\u00a0<\/p><p style=\"font-weight: 400;\">\u00a0<\/p><p style=\"font-weight: 400;\">\ud83d\udcc5 Fecha de inicio: Inscripciones permanentes| \ud83d\udccd Modalidad: Virtual\u00a0 100 horas<\/p><p style=\"font-weight: 400;\">Duraci\u00f3n: 100 horas horario flexible asincr\u00f3nico.<\/p><p style=\"font-weight: 400;\">\ud83c\udfaf Dirigido a:\u00a0<\/p><p style=\"font-weight: 400;\">&#8211; Oficiales de Cumplimiento y Protecci\u00f3n de Datos\u00a0<\/p><p style=\"font-weight: 400;\">&#8211; Abogados corporativos y consultores legales\u00a0<\/p><p style=\"font-weight: 400;\">&#8211; Profesionales de TI, seguridad inform\u00e1tica y ciberseguridad\u00a0<\/p><p style=\"font-weight: 400;\">&#8211; Gerentes de RH, mercadeo y servicio al cliente\u00a0<\/p><p style=\"font-weight: 400;\"><strong>VALOR DE LA INVERSI\u00d3N: $850.000 COP <\/strong>+ IVA<\/p><p style=\"font-weight: 400;\">\ud83d\udce9 \u00a1Garantiza el cumplimiento y evita sanciones!\u00a0<\/p><p style=\"font-weight: 400;\">\ud83d\udce9 M\u00e1s informaci\u00f3n: formacion@risksint.com.co<\/p><p style=\"font-weight: 400;\">\u00a0\ud83d\udcde 3115236981 | \ud83c\udf10 www.formacion.com.co\u00a0<\/p>\t\t\t\t\t\t\t\t<\/div>\n\t\t\t\t<\/div>\n\t\t\t\t<div class=\"elementor-element elementor-element-507208f elementor-widget-divider--view-line elementor-widget elementor-widget-divider\" data-id=\"507208f\" data-element_type=\"widget\" data-widget_type=\"divider.default\">\n\t\t\t\t<div class=\"elementor-widget-container\">\n\t\t\t\t\t\t\t<div class=\"elementor-divider\">\n\t\t\t<span class=\"elementor-divider-separator\">\n\t\t\t\t\t\t<\/span>\n\t\t<\/div>\n\t\t\t\t\t\t<\/div>\n\t\t\t\t<\/div>\n\t\t\t\t<div class=\"elementor-element elementor-element-e1a0e5f elementor-widget elementor-widget-heading\" data-id=\"e1a0e5f\" data-element_type=\"widget\" data-widget_type=\"heading.default\">\n\t\t\t\t<div class=\"elementor-widget-container\">\n\t\t\t\t\t<h3 class=\"elementor-heading-title elementor-size-default\">$850.000<\/h3>\t\t\t\t<\/div>\n\t\t\t\t<\/div>\n\t\t\t\t<div class=\"elementor-element elementor-element-3a670d5 elementor-widget elementor-widget-heading\" data-id=\"3a670d5\" data-element_type=\"widget\" data-widget_type=\"heading.default\">\n\t\t\t\t<div class=\"elementor-widget-container\">\n\t\t\t\t\t<h6 class=\"elementor-heading-title elementor-size-default\">*Precio sin IVA incluido<\/h6>\t\t\t\t<\/div>\n\t\t\t\t<\/div>\n\t\t\t\t<div class=\"elementor-element elementor-element-2961a4b elementor-button-info elementor-align-center elementor-widget elementor-widget-button\" data-id=\"2961a4b\" data-element_type=\"widget\" data-widget_type=\"button.default\">\n\t\t\t\t<div class=\"elementor-widget-container\">\n\t\t\t\t\t\t\t\t\t<div class=\"elementor-button-wrapper\">\n\t\t\t\t\t<a class=\"elementor-button elementor-button-link elementor-size-sm\" href=\"https:\/\/biz.payulatam.com\/L07e592A759F533\" target=\"_blank\">\n\t\t\t\t\t\t<span class=\"elementor-button-content-wrapper\">\n\t\t\t\t\t\t<span class=\"elementor-button-icon\">\n\t\t\t\t<svg aria-hidden=\"true\" class=\"e-font-icon-svg e-fas-shopping-cart\" viewbox=\"0 0 576 512\" xmlns=\"http:\/\/www.w3.org\/2000\/svg\"><path d=\"M528.12 301.319l47.273-208C578.806 78.301 567.391 64 551.99 64H159.208l-9.166-44.81C147.758 8.021 137.93 0 126.529 0H24C10.745 0 0 10.745 0 24v16c0 13.255 10.745 24 24 24h69.883l70.248 343.435C147.325 417.1 136 435.222 136 456c0 30.928 25.072 56 56 56s56-25.072 56-56c0-15.674-6.447-29.835-16.824-40h209.647C430.447 426.165 424 440.326 424 456c0 30.928 25.072 56 56 56s56-25.072 56-56c0-22.172-12.888-41.332-31.579-50.405l5.517-24.276c3.413-15.018-8.002-29.319-23.403-29.319H218.117l-6.545-32h293.145c11.206 0 20.92-7.754 23.403-18.681z\"><\/path><\/svg>\t\t\t<\/span>\n\t\t\t\t\t\t\t\t\t<span class=\"elementor-button-text\">COMPRAR <\/span>\n\t\t\t\t\t<\/span>\n\t\t\t\t\t<\/a>\n\t\t\t\t<\/div>\n\t\t\t\t\t\t\t\t<\/div>\n\t\t\t\t<\/div>\n\t\t\t\t<\/div>\n\t\t\t\t\t<\/div>\n\t\t\t\t<\/div>\n\t\t<div class=\"elementor-element elementor-element-6234edb e-flex e-con-boxed e-con e-parent\" data-id=\"6234edb\" data-element_type=\"container\">\n\t\t\t\t\t<div class=\"e-con-inner\">\n\t\t\t\t<div class=\"elementor-element elementor-element-1ccb60e elementor-widget elementor-widget-heading\" data-id=\"1ccb60e\" data-element_type=\"widget\" data-widget_type=\"heading.default\">\n\t\t\t\t<div class=\"elementor-widget-container\">\n\t\t\t\t\t<h4 class=\"elementor-heading-title elementor-size-default\">Lecci\u00f3n de muestra<\/h4>\t\t\t\t<\/div>\n\t\t\t\t<\/div>\n\t\t\t\t\t<\/div>\n\t\t\t\t<\/div>\n\t\t<div class=\"elementor-element elementor-element-49e0a3e e-flex e-con-boxed e-con e-parent\" data-id=\"49e0a3e\" data-element_type=\"container\">\n\t\t\t\t\t<div class=\"e-con-inner\">\n\t\t\t\t<div class=\"elementor-element elementor-element-d94ec59 elementor-widget elementor-widget-video\" data-id=\"d94ec59\" data-element_type=\"widget\" data-settings=\"{&quot;video_type&quot;:&quot;hosted&quot;,&quot;controls&quot;:&quot;yes&quot;}\" data-widget_type=\"video.default\">\n\t\t\t\t<div class=\"elementor-widget-container\">\n\t\t\t\t\t\t\t<div class=\"e-hosted-video elementor-wrapper elementor-open-inline\">\n\t\t\t\t\t<video class=\"elementor-video\" src=\"https:\/\/www.risksint.com\/wp-content\/uploads\/muestra-modulo-tdp_1.mp4\" controls=\"\" preload=\"metadata\" controlslist=\"nodownload\"><\/video>\n\t\t\t\t<\/div>\n\t\t\t\t\t\t<\/div>\n\t\t\t\t<\/div>\n\t\t\t\t\t<\/div>\n\t\t\t\t<\/div>\n\t\t\t\t<\/div>","protected":false},"excerpt":{"rendered":"<p>DIPLOMADO EN TRATAMIENTO DE DATOS PERSONALES &#8211; VIGILADOS POR LA SUPERINTENDENCIA DE INDUSTRIA Y COMERCIO \ud83d\udd39 Convi\u00e9rtete en Experto en Protecci\u00f3n de Datos. \u00bfTu organizaci\u00f3n maneja bases de datos con informaci\u00f3n personal de clientes, empleados o usuarios? \u00bfNecesitas garantizar el cumplimiento normativo ante la Superintendencia de Industria y Comercio (SIC) para evitar sanciones millonarias?\u00a0 \ud83d\udccc [&hellip;]<\/p>","protected":false},"author":1,"featured_media":0,"parent":0,"menu_order":0,"comment_status":"closed","ping_status":"closed","template":"","meta":{"content-type":"","footnotes":""},"class_list":["post-5542","page","type-page","status-publish","hentry"],"yoast_head":"<!-- This site is optimized with the Yoast SEO Premium plugin v26.8 (Yoast SEO v26.8) - https:\/\/yoast.com\/product\/yoast-seo-premium-wordpress\/ -->\n<title>Diplomado Tratamiento de Datos Personales - Expertos en Gesti\u00f3n de Riesgos y Debida Diligencia LAFT - Risks International<\/title>\n<meta name=\"robots\" content=\"index, follow, max-snippet:-1, max-image-preview:large, max-video-preview:-1\" \/>\n<link rel=\"canonical\" href=\"https:\/\/www.risksint.com\/en\/diplomado-tratamiento-de-datos-personales\/\" \/>\n<meta property=\"og:locale\" content=\"en_US\" \/>\n<meta property=\"og:type\" content=\"article\" \/>\n<meta property=\"og:title\" content=\"Diplomado Tratamiento de Datos Personales\" \/>\n<meta property=\"og:description\" content=\"DIPLOMADO EN TRATAMIENTO DE DATOS PERSONALES &#8211; VIGILADOS POR LA SUPERINTENDENCIA DE INDUSTRIA Y COMERCIO \ud83d\udd39 Convi\u00e9rtete en Experto en Protecci\u00f3n de Datos. \u00bfTu organizaci\u00f3n maneja bases de datos con informaci\u00f3n personal de clientes, empleados o usuarios? \u00bfNecesitas garantizar el cumplimiento normativo ante la Superintendencia de Industria y Comercio (SIC) para evitar sanciones millonarias?\u00a0 \ud83d\udccc [&hellip;]\" \/>\n<meta property=\"og:url\" content=\"https:\/\/www.risksint.com\/en\/diplomado-tratamiento-de-datos-personales\/\" \/>\n<meta property=\"og:site_name\" content=\"Expertos en Gesti\u00f3n de Riesgos y Debida Diligencia LAFT - Risks International\" \/>\n<meta property=\"article:publisher\" content=\"https:\/\/www.facebook.com\/profile.php?id=100063525462320\" \/>\n<meta property=\"article:modified_time\" content=\"2025-08-28T01:16:57+00:00\" \/>\n<meta property=\"og:image\" content=\"https:\/\/www.risksint.com\/wp-content\/uploads\/banner-TDP-819x1024.jpeg\" \/>\n<meta name=\"twitter:card\" content=\"summary_large_image\" \/>\n<meta name=\"twitter:site\" content=\"@risksint\" \/>\n<meta name=\"twitter:label1\" content=\"Est. reading time\" \/>\n\t<meta name=\"twitter:data1\" content=\"2 minutes\" \/>\n<script type=\"application\/ld+json\" class=\"yoast-schema-graph\">{\"@context\":\"https:\/\/schema.org\",\"@graph\":[{\"@type\":\"WebPage\",\"@id\":\"https:\/\/www.risksint.com\/diplomado-tratamiento-de-datos-personales\/\",\"url\":\"https:\/\/www.risksint.com\/diplomado-tratamiento-de-datos-personales\/\",\"name\":\"Diplomado Tratamiento de Datos Personales - Expertos en Gesti\u00f3n de Riesgos y Debida Diligencia LAFT - Risks International\",\"isPartOf\":{\"@id\":\"https:\/\/www.risksint.com\/#website\"},\"primaryImageOfPage\":{\"@id\":\"https:\/\/www.risksint.com\/diplomado-tratamiento-de-datos-personales\/#primaryimage\"},\"image\":{\"@id\":\"https:\/\/www.risksint.com\/diplomado-tratamiento-de-datos-personales\/#primaryimage\"},\"thumbnailUrl\":\"https:\/\/www.risksint.com\/wp-content\/uploads\/banner-TDP-819x1024.jpeg\",\"datePublished\":\"2025-08-28T00:58:38+00:00\",\"dateModified\":\"2025-08-28T01:16:57+00:00\",\"breadcrumb\":{\"@id\":\"https:\/\/www.risksint.com\/diplomado-tratamiento-de-datos-personales\/#breadcrumb\"},\"inLanguage\":\"en-US\",\"potentialAction\":[{\"@type\":\"ReadAction\",\"target\":[\"https:\/\/www.risksint.com\/diplomado-tratamiento-de-datos-personales\/\"]}]},{\"@type\":\"ImageObject\",\"inLanguage\":\"en-US\",\"@id\":\"https:\/\/www.risksint.com\/diplomado-tratamiento-de-datos-personales\/#primaryimage\",\"url\":\"https:\/\/www.risksint.com\/wp-content\/uploads\/banner-TDP-819x1024.jpeg\",\"contentUrl\":\"https:\/\/www.risksint.com\/wp-content\/uploads\/banner-TDP-819x1024.jpeg\"},{\"@type\":\"BreadcrumbList\",\"@id\":\"https:\/\/www.risksint.com\/diplomado-tratamiento-de-datos-personales\/#breadcrumb\",\"itemListElement\":[{\"@type\":\"ListItem\",\"position\":1,\"name\":\"Home\",\"item\":\"https:\/\/www.risksint.com\/\"},{\"@type\":\"ListItem\",\"position\":2,\"name\":\"Diplomado Tratamiento de Datos Personales\"}]},{\"@type\":\"WebSite\",\"@id\":\"https:\/\/www.risksint.com\/#website\",\"url\":\"https:\/\/www.risksint.com\/\",\"name\":\"Gesti\u00f3n de Riesgos y Debida Diligencia LAFT | Listas Restrictivas y vinculantes PEP y noticias LAFT\",\"description\":\"Gesti\u00f3n de Riesgos y Debida Diligencia LAFT Soluciones en Tecnolog\u00eda y Consultor\u00eda para el Cumplimiento Normativo y la Gesti\u00f3n de Riesgos LAFT y AntiSoborno\",\"publisher\":{\"@id\":\"https:\/\/www.risksint.com\/#organization\"},\"alternateName\":\"Risks International - Consultoria y Tecnolog\u00eda para cumplir con SARLAFT - SAGRILAFT - PTEE\",\"potentialAction\":[{\"@type\":\"SearchAction\",\"target\":{\"@type\":\"EntryPoint\",\"urlTemplate\":\"https:\/\/www.risksint.com\/?s={search_term_string}\"},\"query-input\":{\"@type\":\"PropertyValueSpecification\",\"valueRequired\":true,\"valueName\":\"search_term_string\"}}],\"inLanguage\":\"en-US\"},{\"@type\":[\"Organization\",\"Place\"],\"@id\":\"https:\/\/www.risksint.com\/#organization\",\"name\":\"RISKS INTERNATIONAL COMPLIANCE\",\"alternateName\":\"Gesti\u00f3n de Riesgos y Debida Diligencia AML y KYC\",\"url\":\"https:\/\/www.risksint.com\/\",\"logo\":{\"@id\":\"https:\/\/www.risksint.com\/diplomado-tratamiento-de-datos-personales\/#local-main-organization-logo\"},\"image\":{\"@id\":\"https:\/\/www.risksint.com\/diplomado-tratamiento-de-datos-personales\/#local-main-organization-logo\"},\"sameAs\":[\"https:\/\/www.facebook.com\/profile.php?id=100063525462320\",\"https:\/\/x.com\/risksint\",\"https:\/\/www.linkedin.com\/company\/risks-international\/\",\"https:\/\/www.youtube.com\/@risksinternational7379\"],\"telephone\":[],\"openingHoursSpecification\":[{\"@type\":\"OpeningHoursSpecification\",\"dayOfWeek\":[\"Monday\",\"Tuesday\",\"Wednesday\",\"Thursday\",\"Friday\",\"Saturday\",\"Sunday\"],\"opens\":\"09:00\",\"closes\":\"17:00\"}]},{\"@type\":\"ImageObject\",\"inLanguage\":\"en-US\",\"@id\":\"https:\/\/www.risksint.com\/diplomado-tratamiento-de-datos-personales\/#local-main-organization-logo\",\"url\":\"https:\/\/www.risksint.com\/wp-content\/uploads\/2024\/02\/risks-international-logo.png\",\"contentUrl\":\"https:\/\/www.risksint.com\/wp-content\/uploads\/2024\/02\/risks-international-logo.png\",\"width\":300,\"height\":231,\"caption\":\"RISKS INTERNATIONAL COMPLIANCE\"}]}<\/script>\n<!-- \/ Yoast SEO Premium plugin. -->","yoast_head_json":{"title":"Diplomado Tratamiento de Datos Personales - Expertos en Gesti\u00f3n de Riesgos y Debida Diligencia LAFT - Risks International","robots":{"index":"index","follow":"follow","max-snippet":"max-snippet:-1","max-image-preview":"max-image-preview:large","max-video-preview":"max-video-preview:-1"},"canonical":"https:\/\/www.risksint.com\/en\/diplomado-tratamiento-de-datos-personales\/","og_locale":"en_US","og_type":"article","og_title":"Diplomado Tratamiento de Datos Personales","og_description":"DIPLOMADO EN TRATAMIENTO DE DATOS PERSONALES &#8211; VIGILADOS POR LA SUPERINTENDENCIA DE INDUSTRIA Y COMERCIO \ud83d\udd39 Convi\u00e9rtete en Experto en Protecci\u00f3n de Datos. \u00bfTu organizaci\u00f3n maneja bases de datos con informaci\u00f3n personal de clientes, empleados o usuarios? \u00bfNecesitas garantizar el cumplimiento normativo ante la Superintendencia de Industria y Comercio (SIC) para evitar sanciones millonarias?\u00a0 \ud83d\udccc [&hellip;]","og_url":"https:\/\/www.risksint.com\/en\/diplomado-tratamiento-de-datos-personales\/","og_site_name":"Expertos en Gesti\u00f3n de Riesgos y Debida Diligencia LAFT - Risks International","article_publisher":"https:\/\/www.facebook.com\/profile.php?id=100063525462320","article_modified_time":"2025-08-28T01:16:57+00:00","og_image":[{"url":"https:\/\/www.risksint.com\/wp-content\/uploads\/banner-TDP-819x1024.jpeg","type":"","width":"","height":""}],"twitter_card":"summary_large_image","twitter_site":"@risksint","twitter_misc":{"Est. reading time":"2 minutes"},"schema":{"@context":"https:\/\/schema.org","@graph":[{"@type":"WebPage","@id":"https:\/\/www.risksint.com\/diplomado-tratamiento-de-datos-personales\/","url":"https:\/\/www.risksint.com\/diplomado-tratamiento-de-datos-personales\/","name":"Diplomado Tratamiento de Datos Personales - Expertos en Gesti\u00f3n de Riesgos y Debida Diligencia LAFT - Risks International","isPartOf":{"@id":"https:\/\/www.risksint.com\/#website"},"primaryImageOfPage":{"@id":"https:\/\/www.risksint.com\/diplomado-tratamiento-de-datos-personales\/#primaryimage"},"image":{"@id":"https:\/\/www.risksint.com\/diplomado-tratamiento-de-datos-personales\/#primaryimage"},"thumbnailUrl":"https:\/\/www.risksint.com\/wp-content\/uploads\/banner-TDP-819x1024.jpeg","datePublished":"2025-08-28T00:58:38+00:00","dateModified":"2025-08-28T01:16:57+00:00","breadcrumb":{"@id":"https:\/\/www.risksint.com\/diplomado-tratamiento-de-datos-personales\/#breadcrumb"},"inLanguage":"en-US","potentialAction":[{"@type":"ReadAction","target":["https:\/\/www.risksint.com\/diplomado-tratamiento-de-datos-personales\/"]}]},{"@type":"ImageObject","inLanguage":"en-US","@id":"https:\/\/www.risksint.com\/diplomado-tratamiento-de-datos-personales\/#primaryimage","url":"https:\/\/www.risksint.com\/wp-content\/uploads\/banner-TDP-819x1024.jpeg","contentUrl":"https:\/\/www.risksint.com\/wp-content\/uploads\/banner-TDP-819x1024.jpeg"},{"@type":"BreadcrumbList","@id":"https:\/\/www.risksint.com\/diplomado-tratamiento-de-datos-personales\/#breadcrumb","itemListElement":[{"@type":"ListItem","position":1,"name":"Home","item":"https:\/\/www.risksint.com\/"},{"@type":"ListItem","position":2,"name":"Diplomado Tratamiento de Datos Personales"}]},{"@type":"WebSite","@id":"https:\/\/www.risksint.com\/#website","url":"https:\/\/www.risksint.com\/","name":"Gesti\u00f3n de Riesgos y Debida Diligencia LAFT | Listas Restrictivas y vinculantes PEP y noticias LAFT","description":"Risk management and Due Diligence LAFT Technology Solutions and Consulting services for Regulatory Compliance, and Risk Management LAFT and anti-Bribery","publisher":{"@id":"https:\/\/www.risksint.com\/#organization"},"alternateName":"Risks International - Consultoria y Tecnolog\u00eda para cumplir con SARLAFT - SAGRILAFT - PTEE","potentialAction":[{"@type":"SearchAction","target":{"@type":"EntryPoint","urlTemplate":"https:\/\/www.risksint.com\/?s={search_term_string}"},"query-input":{"@type":"PropertyValueSpecification","valueRequired":true,"valueName":"search_term_string"}}],"inLanguage":"en-US"},{"@type":["Organization","Place"],"@id":"https:\/\/www.risksint.com\/#organization","name":"RISKS INTERNATIONAL COMPLIANCE","alternateName":"Gesti\u00f3n de Riesgos y Debida Diligencia AML y KYC","url":"https:\/\/www.risksint.com\/","logo":{"@id":"https:\/\/www.risksint.com\/diplomado-tratamiento-de-datos-personales\/#local-main-organization-logo"},"image":{"@id":"https:\/\/www.risksint.com\/diplomado-tratamiento-de-datos-personales\/#local-main-organization-logo"},"sameAs":["https:\/\/www.facebook.com\/profile.php?id=100063525462320","https:\/\/x.com\/risksint","https:\/\/www.linkedin.com\/company\/risks-international\/","https:\/\/www.youtube.com\/@risksinternational7379"],"telephone":[],"openingHoursSpecification":[{"@type":"OpeningHoursSpecification","dayOfWeek":["Monday","Tuesday","Wednesday","Thursday","Friday","Saturday","Sunday"],"opens":"09:00","closes":"17:00"}]},{"@type":"ImageObject","inLanguage":"en-US","@id":"https:\/\/www.risksint.com\/diplomado-tratamiento-de-datos-personales\/#local-main-organization-logo","url":"https:\/\/www.risksint.com\/wp-content\/uploads\/2024\/02\/risks-international-logo.png","contentUrl":"https:\/\/www.risksint.com\/wp-content\/uploads\/2024\/02\/risks-international-logo.png","width":300,"height":231,"caption":"RISKS INTERNATIONAL COMPLIANCE"}]}},"_links":{"self":[{"href":"https:\/\/www.risksint.com\/en\/wp-json\/wp\/v2\/pages\/5542","targetHints":{"allow":["GET"]}}],"collection":[{"href":"https:\/\/www.risksint.com\/en\/wp-json\/wp\/v2\/pages"}],"about":[{"href":"https:\/\/www.risksint.com\/en\/wp-json\/wp\/v2\/types\/page"}],"author":[{"embeddable":true,"href":"https:\/\/www.risksint.com\/en\/wp-json\/wp\/v2\/users\/1"}],"replies":[{"embeddable":true,"href":"https:\/\/www.risksint.com\/en\/wp-json\/wp\/v2\/comments?post=5542"}],"version-history":[{"count":0,"href":"https:\/\/www.risksint.com\/en\/wp-json\/wp\/v2\/pages\/5542\/revisions"}],"wp:attachment":[{"href":"https:\/\/www.risksint.com\/en\/wp-json\/wp\/v2\/media?parent=5542"}],"curies":[{"name":"wp","href":"https:\/\/api.w.org\/{rel}","templated":true}]}}