{"id":516,"date":"2024-01-16T03:04:24","date_gmt":"2024-01-16T08:04:24","guid":{"rendered":"https:\/\/www.risksint.com\/?page_id=516"},"modified":"2024-02-18T22:21:17","modified_gmt":"2024-02-19T03:21:17","slug":"trabaje-con-nosotros","status":"publish","type":"page","link":"https:\/\/www.risksint.com\/en\/trabaje-con-nosotros\/","title":{"rendered":"Work with us"},"content":{"rendered":"<div data-elementor-type=\"wp-page\" data-elementor-id=\"516\" class=\"elementor elementor-516\" data-elementor-post-type=\"page\">\n\t\t\t\t<div class=\"elementor-element elementor-element-f0fdb6b e-flex e-con-boxed e-con e-parent\" data-id=\"f0fdb6b\" data-element_type=\"container\">\n\t\t\t\t\t<div class=\"e-con-inner\">\n\t\t<div class=\"elementor-element elementor-element-75e91e4 e-con-full e-flex e-con e-child\" data-id=\"75e91e4\" data-element_type=\"container\">\n\t\t<div class=\"elementor-element elementor-element-9db585a e-flex e-con-boxed e-con e-child\" data-id=\"9db585a\" data-element_type=\"container\">\n\t\t\t\t\t<div class=\"e-con-inner\">\n\t\t\t\t<div class=\"elementor-element elementor-element-68c9e80 elementor-widget elementor-widget-heading\" data-id=\"68c9e80\" data-element_type=\"widget\" data-widget_type=\"heading.default\">\n\t\t\t\t<div class=\"elementor-widget-container\">\n\t\t\t\t\t<h2 class=\"elementor-heading-title elementor-size-default\">Quality Human Talent<\/h2>\t\t\t\t<\/div>\n\t\t\t\t<\/div>\n\t\t\t\t\t<\/div>\n\t\t\t\t<\/div>\n\t\t<div class=\"elementor-element elementor-element-5075c68 e-flex e-con-boxed e-con e-child\" data-id=\"5075c68\" data-element_type=\"container\">\n\t\t\t\t\t<div class=\"e-con-inner\">\n\t\t\t\t<div class=\"elementor-element elementor-element-bc96566 elementor-widget elementor-widget-text-editor\" data-id=\"bc96566\" data-element_type=\"widget\" data-widget_type=\"text-editor.default\">\n\t\t\t\t<div class=\"elementor-widget-container\">\n\t\t\t\t\t\t\t\t\t<h3>Why is it important to prepare to work with us?<\/h3>\t\t\t\t\t\t\t\t<\/div>\n\t\t\t\t<\/div>\n\t\t\t\t\t<\/div>\n\t\t\t\t<\/div>\n\t\t<div class=\"elementor-element elementor-element-23a1b88 e-flex e-con-boxed e-con e-child\" data-id=\"23a1b88\" data-element_type=\"container\">\n\t\t\t\t\t<div class=\"e-con-inner\">\n\t\t\t\t<div class=\"elementor-element elementor-element-ae26b0b elementor-widget elementor-widget-text-editor\" data-id=\"ae26b0b\" data-element_type=\"widget\" data-widget_type=\"text-editor.default\">\n\t\t\t\t<div class=\"elementor-widget-container\">\n\t\t\t\t\t\t\t\t\t<ul data-sourcepos=\"11:1-14:0\"><li data-sourcepos=\"11:1-11:348\"><strong>The opportunity to work in a constantly evolving field.<\/strong> Risk analysis is a constantly evolving field, as the risks faced by companies, organizations and individuals are constantly changing. This means that risk analysts always have the opportunity to learn and grow professionally.<\/li><\/ul><p>\u00a0<\/p><ul data-sourcepos=\"11:1-14:0\"><li data-sourcepos=\"12:1-12:424\"><strong>The opportunity to play an important role in protecting people and businesses.<\/strong> Risk analysts play an important role in protecting people and businesses from risks. By identifying and assessing risks, then developing and implementing strategies to mitigate them, risk analysts help protect assets, reputation, and business continuity.<\/li><\/ul><p>\u00a0<\/p><ul data-sourcepos=\"11:1-14:0\"><li data-sourcepos=\"13:1-14:0\"><strong>The opportunity to work in a collaborative and supportive work environment.<\/strong> Risk analysis companies typically have a collaborative and supportive work environment. Risk analysts work as a team to identify and evaluate risks, then develop and implement strategies to mitigate them.<\/li><\/ul>\t\t\t\t\t\t\t\t<\/div>\n\t\t\t\t<\/div>\n\t\t\t\t\t<\/div>\n\t\t\t\t<\/div>\n\t\t\t\t<\/div>\n\t\t<div class=\"elementor-element elementor-element-e4dd05d e-con-full e-flex e-con e-child\" data-id=\"e4dd05d\" data-element_type=\"container\">\n\t\t\t\t<div class=\"elementor-element elementor-element-a0da695 elementor-widget__width-initial elementor-widget elementor-widget-image\" data-id=\"a0da695\" data-element_type=\"widget\" data-widget_type=\"image.default\">\n\t\t\t\t<div class=\"elementor-widget-container\">\n\t\t\t\t\t\t\t\t\t\t\t\t\t\t\t<img fetchpriority=\"high\" decoding=\"async\" width=\"632\" height=\"633\" src=\"https:\/\/www.risksint.com\/wp-content\/uploads\/2024\/01\/casos-de-exito.png\" class=\"attachment-large size-large wp-image-1686\" alt=\"\" srcset=\"https:\/\/www.risksint.com\/wp-content\/uploads\/2024\/01\/casos-de-exito.png 632w, https:\/\/www.risksint.com\/wp-content\/uploads\/2024\/01\/casos-de-exito-300x300.png 300w, https:\/\/www.risksint.com\/wp-content\/uploads\/2024\/01\/casos-de-exito-150x150.png 150w\" sizes=\"(max-width: 632px) 100vw, 632px\" \/>\t\t\t\t\t\t\t\t\t\t\t\t\t\t\t<\/div>\n\t\t\t\t<\/div>\n\t\t\t\t<\/div>\n\t\t<div class=\"elementor-element elementor-element-d15a235 e-con-full e-flex e-con e-child\" data-id=\"d15a235\" data-element_type=\"container\">\n\t\t\t\t<div class=\"elementor-element elementor-element-43bd2bd elementor-widget elementor-widget-text-editor\" data-id=\"43bd2bd\" data-element_type=\"widget\" data-widget_type=\"text-editor.default\">\n\t\t\t\t<div class=\"elementor-widget-container\">\n\t\t\t\t\t\t\t\t\t<h4>Send us your resume to the following address: <a href=\"mailto:talento@risksint.com\">talento@risksint.com<\/a><\/h4>\t\t\t\t\t\t\t\t<\/div>\n\t\t\t\t<\/div>\n\t\t<div class=\"elementor-element elementor-element-907ca45 e-con-full e-flex e-con e-child\" data-id=\"907ca45\" data-element_type=\"container\">\n\t\t\t\t<\/div>\n\t\t\t\t<\/div>\n\t\t\t\t\t<\/div>\n\t\t\t\t<\/div>\n\t\t<div class=\"elementor-element elementor-element-1aa9702f e-con-full e-flex e-con e-child\" data-id=\"1aa9702f\" data-element_type=\"container\">\n\t\t\t\t<div class=\"elementor-element elementor-element-7ac14c95 elementor-widget elementor-widget-hubspot-meeting\" data-id=\"7ac14c95\" data-element_type=\"widget\" data-widget_type=\"hubspot-meeting.default\">\n\t\t\t\t<div class=\"elementor-widget-container\">\n\t\t\t\t\t\n\t\t<div class=\"meetings-iframe-container\" data-src=\"https:\/\/meetings.hubspot.com\/gerencia13\/demostracion-de-servicio-de-30-minutos?embed=true\"><\/div>\n\t\t<script>\n\t\t\tif(window.hbspt && window.hbspt.meetings){\n\t\t\t\twindow.hbspt.meetings.create(\".meetings-iframe-container\");\n\t\t\t}\n\t\t\t<\/script>\n\t\t\t\t\t\t<\/div>\n\t\t\t\t<\/div>\n\t\t\t\t<\/div>\n\t\t\t\t<\/div>","protected":false},"excerpt":{"rendered":"<p>Talento Humano de Calidad \u00bfPor qu\u00e9 es importante prepararte para trabajar con nosotros? La oportunidad de trabajar en un campo en constante evoluci\u00f3n. El an\u00e1lisis de riesgos es un campo en constante evoluci\u00f3n, ya que los riesgos a los que se enfrentan las empresas, organizaciones e individuos cambian constantemente. Esto significa que los analistas de [&hellip;]<\/p>","protected":false},"author":3,"featured_media":0,"parent":0,"menu_order":0,"comment_status":"closed","ping_status":"closed","template":"","meta":{"content-type":"","footnotes":""},"class_list":["post-516","page","type-page","status-publish","hentry"],"yoast_head":"<!-- This site is optimized with the Yoast SEO Premium plugin v26.8 (Yoast SEO v26.8) - https:\/\/yoast.com\/product\/yoast-seo-premium-wordpress\/ -->\n<title>Trabaje con nosotros - Expertos en Gesti\u00f3n de Riesgos y Debida Diligencia LAFT - Risks International<\/title>\n<meta name=\"robots\" content=\"index, follow, max-snippet:-1, max-image-preview:large, max-video-preview:-1\" \/>\n<link rel=\"canonical\" href=\"https:\/\/www.risksint.com\/en\/trabaje-con-nosotros\/\" \/>\n<meta property=\"og:locale\" content=\"en_US\" \/>\n<meta property=\"og:type\" content=\"article\" \/>\n<meta property=\"og:title\" content=\"Trabaje con nosotros\" \/>\n<meta property=\"og:description\" content=\"Talento Humano de Calidad \u00bfPor qu\u00e9 es importante prepararte para trabajar con nosotros? La oportunidad de trabajar en un campo en constante evoluci\u00f3n. El an\u00e1lisis de riesgos es un campo en constante evoluci\u00f3n, ya que los riesgos a los que se enfrentan las empresas, organizaciones e individuos cambian constantemente. Esto significa que los analistas de [&hellip;]\" \/>\n<meta property=\"og:url\" content=\"https:\/\/www.risksint.com\/en\/trabaje-con-nosotros\/\" \/>\n<meta property=\"og:site_name\" content=\"Expertos en Gesti\u00f3n de Riesgos y Debida Diligencia LAFT - Risks International\" \/>\n<meta property=\"article:publisher\" content=\"https:\/\/www.facebook.com\/profile.php?id=100063525462320\" \/>\n<meta property=\"article:modified_time\" content=\"2024-02-19T03:21:17+00:00\" \/>\n<meta property=\"og:image\" content=\"https:\/\/www.risksint.com\/wp-content\/uploads\/2024\/01\/casos-de-exito.png\" \/>\n<meta name=\"twitter:card\" content=\"summary_large_image\" \/>\n<meta name=\"twitter:site\" content=\"@risksint\" \/>\n<meta name=\"twitter:label1\" content=\"Est. reading time\" \/>\n\t<meta name=\"twitter:data1\" content=\"1 minute\" \/>\n<script type=\"application\/ld+json\" class=\"yoast-schema-graph\">{\"@context\":\"https:\/\/schema.org\",\"@graph\":[{\"@type\":\"WebPage\",\"@id\":\"https:\/\/www.risksint.com\/trabaje-con-nosotros\/\",\"url\":\"https:\/\/www.risksint.com\/trabaje-con-nosotros\/\",\"name\":\"Trabaje con nosotros - Expertos en Gesti\u00f3n de Riesgos y Debida Diligencia LAFT - Risks International\",\"isPartOf\":{\"@id\":\"https:\/\/www.risksint.com\/#website\"},\"primaryImageOfPage\":{\"@id\":\"https:\/\/www.risksint.com\/trabaje-con-nosotros\/#primaryimage\"},\"image\":{\"@id\":\"https:\/\/www.risksint.com\/trabaje-con-nosotros\/#primaryimage\"},\"thumbnailUrl\":\"https:\/\/www.risksint.com\/wp-content\/uploads\/2024\/01\/casos-de-exito.png\",\"datePublished\":\"2024-01-16T08:04:24+00:00\",\"dateModified\":\"2024-02-19T03:21:17+00:00\",\"breadcrumb\":{\"@id\":\"https:\/\/www.risksint.com\/trabaje-con-nosotros\/#breadcrumb\"},\"inLanguage\":\"en-US\",\"potentialAction\":[{\"@type\":\"ReadAction\",\"target\":[\"https:\/\/www.risksint.com\/trabaje-con-nosotros\/\"]}]},{\"@type\":\"ImageObject\",\"inLanguage\":\"en-US\",\"@id\":\"https:\/\/www.risksint.com\/trabaje-con-nosotros\/#primaryimage\",\"url\":\"https:\/\/www.risksint.com\/wp-content\/uploads\/2024\/01\/casos-de-exito.png\",\"contentUrl\":\"https:\/\/www.risksint.com\/wp-content\/uploads\/2024\/01\/casos-de-exito.png\"},{\"@type\":\"BreadcrumbList\",\"@id\":\"https:\/\/www.risksint.com\/trabaje-con-nosotros\/#breadcrumb\",\"itemListElement\":[{\"@type\":\"ListItem\",\"position\":1,\"name\":\"Home\",\"item\":\"https:\/\/www.risksint.com\/\"},{\"@type\":\"ListItem\",\"position\":2,\"name\":\"Trabaje con nosotros\"}]},{\"@type\":\"WebSite\",\"@id\":\"https:\/\/www.risksint.com\/#website\",\"url\":\"https:\/\/www.risksint.com\/\",\"name\":\"Gesti\u00f3n de Riesgos y Debida Diligencia LAFT | Listas Restrictivas y vinculantes PEP y noticias LAFT\",\"description\":\"Gesti\u00f3n de Riesgos y Debida Diligencia LAFT Soluciones en Tecnolog\u00eda y Consultor\u00eda para el Cumplimiento Normativo y la Gesti\u00f3n de Riesgos LAFT y AntiSoborno\",\"publisher\":{\"@id\":\"https:\/\/www.risksint.com\/#organization\"},\"alternateName\":\"Risks International - Consultoria y Tecnolog\u00eda para cumplir con SARLAFT - SAGRILAFT - PTEE\",\"potentialAction\":[{\"@type\":\"SearchAction\",\"target\":{\"@type\":\"EntryPoint\",\"urlTemplate\":\"https:\/\/www.risksint.com\/?s={search_term_string}\"},\"query-input\":{\"@type\":\"PropertyValueSpecification\",\"valueRequired\":true,\"valueName\":\"search_term_string\"}}],\"inLanguage\":\"en-US\"},{\"@type\":[\"Organization\",\"Place\"],\"@id\":\"https:\/\/www.risksint.com\/#organization\",\"name\":\"RISKS INTERNATIONAL COMPLIANCE\",\"alternateName\":\"Gesti\u00f3n de Riesgos y Debida Diligencia AML y KYC\",\"url\":\"https:\/\/www.risksint.com\/\",\"logo\":{\"@id\":\"https:\/\/www.risksint.com\/trabaje-con-nosotros\/#local-main-organization-logo\"},\"image\":{\"@id\":\"https:\/\/www.risksint.com\/trabaje-con-nosotros\/#local-main-organization-logo\"},\"sameAs\":[\"https:\/\/www.facebook.com\/profile.php?id=100063525462320\",\"https:\/\/x.com\/risksint\",\"https:\/\/www.linkedin.com\/company\/risks-international\/\",\"https:\/\/www.youtube.com\/@risksinternational7379\"],\"telephone\":[],\"openingHoursSpecification\":[{\"@type\":\"OpeningHoursSpecification\",\"dayOfWeek\":[\"Monday\",\"Tuesday\",\"Wednesday\",\"Thursday\",\"Friday\",\"Saturday\",\"Sunday\"],\"opens\":\"09:00\",\"closes\":\"17:00\"}]},{\"@type\":\"ImageObject\",\"inLanguage\":\"en-US\",\"@id\":\"https:\/\/www.risksint.com\/trabaje-con-nosotros\/#local-main-organization-logo\",\"url\":\"https:\/\/www.risksint.com\/wp-content\/uploads\/2024\/02\/risks-international-logo.png\",\"contentUrl\":\"https:\/\/www.risksint.com\/wp-content\/uploads\/2024\/02\/risks-international-logo.png\",\"width\":300,\"height\":231,\"caption\":\"RISKS INTERNATIONAL COMPLIANCE\"}]}<\/script>\n<!-- \/ Yoast SEO Premium plugin. -->","yoast_head_json":{"title":"Work with us - Experts in Risk Management and LAFT Due Diligence - Risks International","robots":{"index":"index","follow":"follow","max-snippet":"max-snippet:-1","max-image-preview":"max-image-preview:large","max-video-preview":"max-video-preview:-1"},"canonical":"https:\/\/www.risksint.com\/en\/trabaje-con-nosotros\/","og_locale":"en_US","og_type":"article","og_title":"Trabaje con nosotros","og_description":"Talento Humano de Calidad \u00bfPor qu\u00e9 es importante prepararte para trabajar con nosotros? La oportunidad de trabajar en un campo en constante evoluci\u00f3n. El an\u00e1lisis de riesgos es un campo en constante evoluci\u00f3n, ya que los riesgos a los que se enfrentan las empresas, organizaciones e individuos cambian constantemente. Esto significa que los analistas de [&hellip;]","og_url":"https:\/\/www.risksint.com\/en\/trabaje-con-nosotros\/","og_site_name":"Expertos en Gesti\u00f3n de Riesgos y Debida Diligencia LAFT - Risks International","article_publisher":"https:\/\/www.facebook.com\/profile.php?id=100063525462320","article_modified_time":"2024-02-19T03:21:17+00:00","og_image":[{"url":"https:\/\/www.risksint.com\/wp-content\/uploads\/2024\/01\/casos-de-exito.png","type":"","width":"","height":""}],"twitter_card":"summary_large_image","twitter_site":"@risksint","twitter_misc":{"Est. reading time":"1 minute"},"schema":{"@context":"https:\/\/schema.org","@graph":[{"@type":"WebPage","@id":"https:\/\/www.risksint.com\/trabaje-con-nosotros\/","url":"https:\/\/www.risksint.com\/trabaje-con-nosotros\/","name":"Work with us - Experts in Risk Management and LAFT Due Diligence - Risks International","isPartOf":{"@id":"https:\/\/www.risksint.com\/#website"},"primaryImageOfPage":{"@id":"https:\/\/www.risksint.com\/trabaje-con-nosotros\/#primaryimage"},"image":{"@id":"https:\/\/www.risksint.com\/trabaje-con-nosotros\/#primaryimage"},"thumbnailUrl":"https:\/\/www.risksint.com\/wp-content\/uploads\/2024\/01\/casos-de-exito.png","datePublished":"2024-01-16T08:04:24+00:00","dateModified":"2024-02-19T03:21:17+00:00","breadcrumb":{"@id":"https:\/\/www.risksint.com\/trabaje-con-nosotros\/#breadcrumb"},"inLanguage":"en-US","potentialAction":[{"@type":"ReadAction","target":["https:\/\/www.risksint.com\/trabaje-con-nosotros\/"]}]},{"@type":"ImageObject","inLanguage":"en-US","@id":"https:\/\/www.risksint.com\/trabaje-con-nosotros\/#primaryimage","url":"https:\/\/www.risksint.com\/wp-content\/uploads\/2024\/01\/casos-de-exito.png","contentUrl":"https:\/\/www.risksint.com\/wp-content\/uploads\/2024\/01\/casos-de-exito.png"},{"@type":"BreadcrumbList","@id":"https:\/\/www.risksint.com\/trabaje-con-nosotros\/#breadcrumb","itemListElement":[{"@type":"ListItem","position":1,"name":"Home","item":"https:\/\/www.risksint.com\/"},{"@type":"ListItem","position":2,"name":"Trabaje con nosotros"}]},{"@type":"WebSite","@id":"https:\/\/www.risksint.com\/#website","url":"https:\/\/www.risksint.com\/","name":"Gesti\u00f3n de Riesgos y Debida Diligencia LAFT | Listas Restrictivas y vinculantes PEP y noticias LAFT","description":"Risk management and Due Diligence LAFT Technology Solutions and Consulting services for Regulatory Compliance, and Risk Management LAFT and anti-Bribery","publisher":{"@id":"https:\/\/www.risksint.com\/#organization"},"alternateName":"Risks International - Consultoria y Tecnolog\u00eda para cumplir con SARLAFT - SAGRILAFT - PTEE","potentialAction":[{"@type":"SearchAction","target":{"@type":"EntryPoint","urlTemplate":"https:\/\/www.risksint.com\/?s={search_term_string}"},"query-input":{"@type":"PropertyValueSpecification","valueRequired":true,"valueName":"search_term_string"}}],"inLanguage":"en-US"},{"@type":["Organization","Place"],"@id":"https:\/\/www.risksint.com\/#organization","name":"RISKS INTERNATIONAL COMPLIANCE","alternateName":"Gesti\u00f3n de Riesgos y Debida Diligencia AML y KYC","url":"https:\/\/www.risksint.com\/","logo":{"@id":"https:\/\/www.risksint.com\/trabaje-con-nosotros\/#local-main-organization-logo"},"image":{"@id":"https:\/\/www.risksint.com\/trabaje-con-nosotros\/#local-main-organization-logo"},"sameAs":["https:\/\/www.facebook.com\/profile.php?id=100063525462320","https:\/\/x.com\/risksint","https:\/\/www.linkedin.com\/company\/risks-international\/","https:\/\/www.youtube.com\/@risksinternational7379"],"telephone":[],"openingHoursSpecification":[{"@type":"OpeningHoursSpecification","dayOfWeek":["Monday","Tuesday","Wednesday","Thursday","Friday","Saturday","Sunday"],"opens":"09:00","closes":"17:00"}]},{"@type":"ImageObject","inLanguage":"en-US","@id":"https:\/\/www.risksint.com\/trabaje-con-nosotros\/#local-main-organization-logo","url":"https:\/\/www.risksint.com\/wp-content\/uploads\/2024\/02\/risks-international-logo.png","contentUrl":"https:\/\/www.risksint.com\/wp-content\/uploads\/2024\/02\/risks-international-logo.png","width":300,"height":231,"caption":"RISKS INTERNATIONAL COMPLIANCE"}]}},"_links":{"self":[{"href":"https:\/\/www.risksint.com\/en\/wp-json\/wp\/v2\/pages\/516","targetHints":{"allow":["GET"]}}],"collection":[{"href":"https:\/\/www.risksint.com\/en\/wp-json\/wp\/v2\/pages"}],"about":[{"href":"https:\/\/www.risksint.com\/en\/wp-json\/wp\/v2\/types\/page"}],"author":[{"embeddable":true,"href":"https:\/\/www.risksint.com\/en\/wp-json\/wp\/v2\/users\/3"}],"replies":[{"embeddable":true,"href":"https:\/\/www.risksint.com\/en\/wp-json\/wp\/v2\/comments?post=516"}],"version-history":[{"count":0,"href":"https:\/\/www.risksint.com\/en\/wp-json\/wp\/v2\/pages\/516\/revisions"}],"wp:attachment":[{"href":"https:\/\/www.risksint.com\/en\/wp-json\/wp\/v2\/media?parent=516"}],"curies":[{"name":"wp","href":"https:\/\/api.w.org\/{rel}","templated":true}]}}