{"id":498,"date":"2024-01-16T02:07:47","date_gmt":"2024-01-16T07:07:47","guid":{"rendered":"https:\/\/www.risksint.com\/?page_id=498"},"modified":"2024-03-05T19:56:47","modified_gmt":"2024-03-06T00:56:47","slug":"testimonios","status":"publish","type":"page","link":"https:\/\/www.risksint.com\/en\/testimonios\/","title":{"rendered":"Success cases"},"content":{"rendered":"<div data-elementor-type=\"wp-page\" data-elementor-id=\"498\" class=\"elementor elementor-498\" data-elementor-post-type=\"page\">\n\t\t\t\t<div class=\"elementor-element elementor-element-c01133d e-flex e-con-boxed e-con e-parent\" data-id=\"c01133d\" data-element_type=\"container\">\n\t\t\t\t\t<div class=\"e-con-inner\">\n\t\t\t\t<div class=\"elementor-element elementor-element-e673963 elementor-widget elementor-widget-text-editor\" data-id=\"e673963\" data-element_type=\"widget\" data-widget_type=\"text-editor.default\">\n\t\t\t\t<div class=\"elementor-widget-container\">\n\t\t\t\t\t\t\t\t\t<h3>Conoce los casos de \u00e9xito que han tenido nuestros clientes con los diferentes servicios que ofrecemos:<\/h3>\t\t\t\t\t\t\t\t<\/div>\n\t\t\t\t<\/div>\n\t\t\t\t\t<\/div>\n\t\t\t\t<\/div>\n\t\t<div class=\"elementor-element elementor-element-c0bfb55 e-flex e-con-boxed e-con e-parent\" data-id=\"c0bfb55\" data-element_type=\"container\">\n\t\t\t\t\t<div class=\"e-con-inner\">\n\t\t<div class=\"elementor-element elementor-element-1eba016 e-con-full e-flex e-con e-child\" data-id=\"1eba016\" data-element_type=\"container\">\n\t\t\t\t<div class=\"elementor-element elementor-element-5f7935e elementor-widget__width-initial elementor-position-top elementor-widget elementor-widget-image-box\" data-id=\"5f7935e\" data-element_type=\"widget\" data-widget_type=\"image-box.default\">\n\t\t\t\t<div class=\"elementor-widget-container\">\n\t\t\t\t\t<div class=\"elementor-image-box-wrapper\"><figure class=\"elementor-image-box-img\"><img decoding=\"async\" width=\"200\" height=\"200\" src=\"https:\/\/www.risksint.com\/wp-content\/uploads\/2024\/03\/Aseguradora-Solidaria-Recomienda-Risks-International-min.png\" class=\"attachment-full size-full wp-image-3813\" alt=\"\" \/><\/figure><div class=\"elementor-image-box-content\"><h3 class=\"elementor-image-box-title\">Aseguradora Solidaria<\/h3><p class=\"elementor-image-box-description\">Tenemos el servicio de Validaci\u00f3n en listas y debida diligencia en Compliance.com.co. Nos ha gustado mucho ya que nos ayuda a agilizar nuestros procesos, la celeridad, atenci\u00f3n y su mejora en proceso de recobros. Se caracteriza por muchos beneficios como son la mejora en proceso de recobros, es reconocido en el mercado y recomendado por otros oficiales de cumplimiento.\n<br><br>\n\n<b>Alexander Galindo<\/b><br><i>Oficial de Cumplimiento SARLAFT<\/i><br><br><b>Servicio: Validaci\u00f3n de Listas Compliance<\/b><\/p><\/div><\/div>\t\t\t\t<\/div>\n\t\t\t\t<\/div>\n\t\t\t\t<\/div>\n\t\t<div class=\"elementor-element elementor-element-b36476d e-con-full e-flex e-con e-child\" data-id=\"b36476d\" data-element_type=\"container\">\n\t\t\t\t<div class=\"elementor-element elementor-element-fcf67d7 elementor-widget__width-initial elementor-position-top elementor-widget elementor-widget-image-box\" data-id=\"fcf67d7\" data-element_type=\"widget\" data-widget_type=\"image-box.default\">\n\t\t\t\t<div class=\"elementor-widget-container\">\n\t\t\t\t\t<div class=\"elementor-image-box-wrapper\"><figure class=\"elementor-image-box-img\"><img decoding=\"async\" width=\"200\" height=\"200\" src=\"https:\/\/www.risksint.com\/wp-content\/uploads\/2024\/03\/Mundial-de-Seguros-Recomienda-Risks-International-min.png\" class=\"attachment-full size-full wp-image-3807\" alt=\"\" \/><\/figure><div class=\"elementor-image-box-content\"><h3 class=\"elementor-image-box-title\">Mundial de Seguros<\/h3><p class=\"elementor-image-box-description\">Utilizamos el servicio de Validaci\u00f3n en listas y debida diligencia en Compliance.com.co. Nos ayuda a agilizar nuestros procesos de conocimiento de contrapartes, se destaca por la buena experiencia obtenida durante los a\u00f1os que llevamos contratando y su la debida diligencia en los tiempos \u00e1giles genera oportunidad y agilidad. Algunos de sus beneficios son que la debida diligencia en tiempos \u00e1giles genera oportunidad, agilidad y claridad de la informaci\u00f3n.\n\n.<br><br><b>Gabriel Salcedo <\/b><br><i>Oficial de Cumplimiento SARLAFT<\/i><br><br><b>Servicio: Validaci\u00f3n de Listas Compliance<\/b><\/p><\/div><\/div>\t\t\t\t<\/div>\n\t\t\t\t<\/div>\n\t\t\t\t<\/div>\n\t\t<div class=\"elementor-element elementor-element-361e273 e-con-full e-flex e-con e-child\" data-id=\"361e273\" data-element_type=\"container\">\n\t\t\t\t<div class=\"elementor-element elementor-element-ae6693d elementor-widget elementor-widget-spacer\" data-id=\"ae6693d\" data-element_type=\"widget\" data-widget_type=\"spacer.default\">\n\t\t\t\t<div class=\"elementor-widget-container\">\n\t\t\t\t\t\t\t<div class=\"elementor-spacer\">\n\t\t\t<div class=\"elementor-spacer-inner\"><\/div>\n\t\t<\/div>\n\t\t\t\t\t\t<\/div>\n\t\t\t\t<\/div>\n\t\t\t\t<\/div>\n\t\t\t\t\t<\/div>\n\t\t\t\t<\/div>\n\t\t<div class=\"elementor-element elementor-element-32017a1 e-flex e-con-boxed e-con e-parent\" data-id=\"32017a1\" data-element_type=\"container\">\n\t\t\t\t\t<div class=\"e-con-inner\">\n\t\t<div class=\"elementor-element elementor-element-59a8b59 e-con-full e-flex e-con e-child\" data-id=\"59a8b59\" data-element_type=\"container\">\n\t\t\t\t<div class=\"elementor-element elementor-element-3453dda elementor-widget__width-initial elementor-position-top elementor-widget elementor-widget-image-box\" data-id=\"3453dda\" data-element_type=\"widget\" data-widget_type=\"image-box.default\">\n\t\t\t\t<div class=\"elementor-widget-container\">\n\t\t\t\t\t<div class=\"elementor-image-box-wrapper\"><figure class=\"elementor-image-box-img\"><img decoding=\"async\" width=\"200\" height=\"200\" src=\"https:\/\/www.risksint.com\/wp-content\/uploads\/2024\/03\/Cafam-Recomienda-Risks-Internationa-min.png\" class=\"attachment-full size-full wp-image-3812\" alt=\"\" \/><\/figure><div class=\"elementor-image-box-content\"><h3 class=\"elementor-image-box-title\">CAFAM<\/h3><p class=\"elementor-image-box-description\">Usamos el servicio de Validaci\u00f3n en listas y debida diligencia en Compliance.com.co. Nos ha ayudado mucho en nuestros procesos y nos gusta la confianza y la disposici\u00f3n de su equipo siempre dispuestos a ayudar. Se caracteriza por la disposici\u00f3n del equipo porque siempre est\u00e1n dispuestos a ayudar y generan confianza.\n\n\n<br><br>\n<br><br><b>Magali Castro<\/b><br><i>Gerente de Riesgo <\/i><br><br><b>Servicio: Validaci\u00f3n de Listas Compliance<\/b><\/p><\/div><\/div>\t\t\t\t<\/div>\n\t\t\t\t<\/div>\n\t\t\t\t<\/div>\n\t\t<div class=\"elementor-element elementor-element-054cc2d e-con-full e-flex e-con e-child\" data-id=\"054cc2d\" data-element_type=\"container\">\n\t\t\t\t<div class=\"elementor-element elementor-element-b941566 elementor-widget__width-initial elementor-position-top elementor-widget elementor-widget-image-box\" data-id=\"b941566\" data-element_type=\"widget\" data-widget_type=\"image-box.default\">\n\t\t\t\t<div class=\"elementor-widget-container\">\n\t\t\t\t\t<div class=\"elementor-image-box-wrapper\"><figure class=\"elementor-image-box-img\"><img loading=\"lazy\" decoding=\"async\" width=\"200\" height=\"200\" src=\"https:\/\/www.risksint.com\/wp-content\/uploads\/2024\/03\/SisteCredito-Recomienda-Risks-International-min.png\" class=\"attachment-full size-full wp-image-3808\" alt=\"\" \/><\/figure><div class=\"elementor-image-box-content\"><h3 class=\"elementor-image-box-title\">SisteCredito<\/h3><p class=\"elementor-image-box-description\">Usamos el servicio de L\u00ednea \u00c9tica - Canales de denuncia. Nos ha ayudado mucho en nuestros procesos, nos gusta la  relaci\u00f3n precio - calidad, la atenci\u00f3n al cliente por parte de los colaboradores de RISKS, por su disminuci\u00f3n de tiempos, por sus canales de comunicaci\u00f3n confidenciales de denuncia para terceros que brindan mayor seguridad. Se caracteriza por la disminuci\u00f3n de tiempos, canales de comunicaci\u00f3n confidenciales de denuncia para terceros, que brindan mayor seguridad, mejor relaci\u00f3n precio - calidad, buena reputaci\u00f3n de la compa\u00f1\u00eda, realizan una gran labor y la experiencia de la gerencia de la compa\u00f1\u00eda.\n<br><br>\n\n\n<b>Juli\u00e1n Chaverra <\/b><br><i>Oficial de Cumplimiento SAGRILAFT y PTEE<\/i><br><br><b>Servicio: L\u00ednea \u00e9tica<\/b><\/p><\/div><\/div>\t\t\t\t<\/div>\n\t\t\t\t<\/div>\n\t\t\t\t<\/div>\n\t\t<div class=\"elementor-element elementor-element-6e0f186 e-con-full e-flex e-con e-child\" data-id=\"6e0f186\" data-element_type=\"container\">\n\t\t\t\t<div class=\"elementor-element elementor-element-dd22e49 elementor-widget elementor-widget-spacer\" data-id=\"dd22e49\" data-element_type=\"widget\" data-widget_type=\"spacer.default\">\n\t\t\t\t<div class=\"elementor-widget-container\">\n\t\t\t\t\t\t\t<div class=\"elementor-spacer\">\n\t\t\t<div class=\"elementor-spacer-inner\"><\/div>\n\t\t<\/div>\n\t\t\t\t\t\t<\/div>\n\t\t\t\t<\/div>\n\t\t\t\t<\/div>\n\t\t\t\t\t<\/div>\n\t\t\t\t<\/div>\n\t\t<div class=\"elementor-element elementor-element-ed7df82 e-flex e-con-boxed e-con e-parent\" data-id=\"ed7df82\" data-element_type=\"container\">\n\t\t\t\t\t<div class=\"e-con-inner\">\n\t\t<div class=\"elementor-element elementor-element-2b4d326 e-con-full e-flex e-con e-child\" data-id=\"2b4d326\" data-element_type=\"container\">\n\t\t\t\t<div class=\"elementor-element elementor-element-5472052 elementor-widget__width-initial elementor-position-top elementor-widget elementor-widget-image-box\" data-id=\"5472052\" data-element_type=\"widget\" data-widget_type=\"image-box.default\">\n\t\t\t\t<div class=\"elementor-widget-container\">\n\t\t\t\t\t<div class=\"elementor-image-box-wrapper\"><figure class=\"elementor-image-box-img\"><img loading=\"lazy\" decoding=\"async\" width=\"200\" height=\"200\" src=\"https:\/\/www.risksint.com\/wp-content\/uploads\/2024\/03\/Gabrica-Recomienda-Risks-International-min.png\" class=\"attachment-full size-full wp-image-3811\" alt=\"\" \/><\/figure><div class=\"elementor-image-box-content\"><h3 class=\"elementor-image-box-title\">Gabrica<\/h3><p class=\"elementor-image-box-description\">Usamos el servicio de L\u00ednea \u00c9tica - Canales de denuncia. Nos ha ayudado mucho en nuestros procesos, nos gusta la  relaci\u00f3n precio - calidad, la atenci\u00f3n al cliente por parte de los colaboradores de RISKS, por su disminuci\u00f3n de tiempos, por sus canales de comunicaci\u00f3n confidenciales de denuncia para terceros que brindan mayor seguridad. Se caracteriza por la disminuci\u00f3n de tiempos, canales de comunicaci\u00f3n confidenciales de denuncia para terceros, que brindan mayor seguridad, mejor relaci\u00f3n precio - calidad, buena reputaci\u00f3n de la compa\u00f1\u00eda, realizan una gran labor y la experiencia de la gerencia de la compa\u00f1\u00eda.\n\n\n\n<br><br><b>Andr\u00e9s Felipe Hern\u00e1ndez<\/b><br><i>Gerente de Riesgos y Oficial de Cumplimiento <\/i><br><br><b>Servicio: L\u00ednea \u00c9tica<\/b><\/p><\/div><\/div>\t\t\t\t<\/div>\n\t\t\t\t<\/div>\n\t\t\t\t<\/div>\n\t\t<div class=\"elementor-element elementor-element-b3fd2f9 e-con-full e-flex e-con e-child\" data-id=\"b3fd2f9\" data-element_type=\"container\">\n\t\t\t\t<div class=\"elementor-element elementor-element-ee6e621 elementor-widget__width-initial elementor-position-top elementor-widget elementor-widget-image-box\" data-id=\"ee6e621\" data-element_type=\"widget\" data-widget_type=\"image-box.default\">\n\t\t\t\t<div class=\"elementor-widget-container\">\n\t\t\t\t\t<div class=\"elementor-image-box-wrapper\"><figure class=\"elementor-image-box-img\"><img loading=\"lazy\" decoding=\"async\" width=\"200\" height=\"200\" src=\"https:\/\/www.risksint.com\/wp-content\/uploads\/2024\/03\/grupo-konecta-Recomienda-Risks-Internationa-min.png\" class=\"attachment-full size-full wp-image-3810\" alt=\"\" \/><\/figure><div class=\"elementor-image-box-content\"><h3 class=\"elementor-image-box-title\">Grupo Konecta<\/h3><p class=\"elementor-image-box-description\">Utilizamos el servicio de Validaci\u00f3n en listas y debida diligencia en Compliance.com.co. Nos ha ayudado mucho en nuestros procesos y nos gusta por ser un excelente servicio y por la informaci\u00f3n. Algunos de sus beneficios son la informaci\u00f3n, agilidad, precio y servicio.\n\n\n\n.<br><br><b>Claudia Casiano <\/b><br><i>Gerente Regional<\/i><br><br><b>Servicio: Validaci\u00f3n de Listas Compliance<\/b><\/p><\/div><\/div>\t\t\t\t<\/div>\n\t\t\t\t<\/div>\n\t\t\t\t<\/div>\n\t\t<div class=\"elementor-element elementor-element-c68f2d3 e-con-full e-flex e-con e-child\" data-id=\"c68f2d3\" data-element_type=\"container\">\n\t\t\t\t<div class=\"elementor-element elementor-element-2dba34d elementor-widget elementor-widget-spacer\" data-id=\"2dba34d\" data-element_type=\"widget\" data-widget_type=\"spacer.default\">\n\t\t\t\t<div class=\"elementor-widget-container\">\n\t\t\t\t\t\t\t<div class=\"elementor-spacer\">\n\t\t\t<div class=\"elementor-spacer-inner\"><\/div>\n\t\t<\/div>\n\t\t\t\t\t\t<\/div>\n\t\t\t\t<\/div>\n\t\t\t\t<\/div>\n\t\t\t\t\t<\/div>\n\t\t\t\t<\/div>\n\t\t<div class=\"elementor-element elementor-element-30c637b e-flex e-con-boxed e-con e-parent\" data-id=\"30c637b\" data-element_type=\"container\">\n\t\t\t\t\t<div class=\"e-con-inner\">\n\t\t\t\t\t<\/div>\n\t\t\t\t<\/div>\n\t\t<div class=\"elementor-element elementor-element-fcea7d0 e-con-full e-flex e-con e-parent\" data-id=\"fcea7d0\" data-element_type=\"container\">\n\t\t\t\t<div class=\"elementor-element elementor-element-8072294 elementor-widget__width-initial elementor-widget elementor-widget-text-editor\" data-id=\"8072294\" data-element_type=\"widget\" data-widget_type=\"text-editor.default\">\n\t\t\t\t<div class=\"elementor-widget-container\">\n\t\t\t\t\t\t\t\t\t<h2 class=\"wp-block-heading has-text-align-center has-x-large-font-size\">Com\u00e9ntanos tu caso de \u00e9xito<\/h2>\n<p style=\"text-align: left;\"><!-- \/wp:heading --><!-- wp:columns --><\/p>\n<div class=\"wp-block-columns\">\n<p><!-- wp:column --><\/p>\n<div class=\"wp-block-column\" style=\"text-align: left;\">\u00a0<span style=\"text-align: center; background-color: var(--wp--preset--color--transparent); color: var(--wp--preset--color--base); font-family: var(--wp--preset--font-family--figtree); font-size: var(--wp--preset--font-size--base);\">Conoce algunos casos de \u00e9xito que han tenido nuestros clientes con los diferentes servicios que ofrecemos:<\/span><\/div>\n<\/div>\t\t\t\t\t\t\t\t<\/div>\n\t\t\t\t<\/div>\n\t\t\t\t<\/div>\n\t\t<div class=\"elementor-element elementor-element-e27988e e-flex e-con-boxed e-con e-parent\" data-id=\"e27988e\" data-element_type=\"container\">\n\t\t\t\t\t<div class=\"e-con-inner\">\n\t\t\t\t<div class=\"elementor-element elementor-element-2166c63 elementor-widget__width-initial elementor-widget elementor-widget-html\" data-id=\"2166c63\" data-element_type=\"widget\" data-widget_type=\"html.default\">\n\t\t\t\t<div class=\"elementor-widget-container\">\n\t\t\t\t\t<iframe src=\"https:\/\/forms.gle\/bKigXCdmXnkCNFwH8\" width=\"1020px\" height=\"920px\"><\/iframe>\t\t\t\t<\/div>\n\t\t\t\t<\/div>\n\t\t\t\t\t<\/div>\n\t\t\t\t<\/div>\n\t\t\t\t<\/div>","protected":false},"excerpt":{"rendered":"<p>Conoce los casos de \u00e9xito que han tenido nuestros clientes con los diferentes servicios que ofrecemos: Aseguradora Solidaria Tenemos el servicio de Validaci\u00f3n en listas y debida diligencia en Compliance.com.co. Nos ha gustado mucho ya que nos ayuda a agilizar nuestros procesos, la celeridad, atenci\u00f3n y su mejora en proceso de recobros. Se caracteriza por [&hellip;]<\/p>","protected":false},"author":3,"featured_media":0,"parent":0,"menu_order":0,"comment_status":"closed","ping_status":"closed","template":"","meta":{"content-type":"","footnotes":""},"class_list":["post-498","page","type-page","status-publish","hentry"],"yoast_head":"<!-- This site is optimized with the Yoast SEO Premium plugin v26.8 (Yoast SEO v26.8) - https:\/\/yoast.com\/product\/yoast-seo-premium-wordpress\/ -->\n<title>Casos de \u00e9xito - Expertos en Gesti\u00f3n de Riesgos y Debida Diligencia LAFT - Risks International<\/title>\n<meta name=\"robots\" content=\"index, follow, max-snippet:-1, max-image-preview:large, max-video-preview:-1\" \/>\n<link rel=\"canonical\" href=\"https:\/\/www.risksint.com\/en\/testimonios\/\" \/>\n<meta property=\"og:locale\" content=\"en_US\" \/>\n<meta property=\"og:type\" content=\"article\" \/>\n<meta property=\"og:title\" content=\"Casos de \u00e9xito\" \/>\n<meta property=\"og:description\" content=\"Conoce los casos de \u00e9xito que han tenido nuestros clientes con los diferentes servicios que ofrecemos: Aseguradora Solidaria Tenemos el servicio de Validaci\u00f3n en listas y debida diligencia en Compliance.com.co. Nos ha gustado mucho ya que nos ayuda a agilizar nuestros procesos, la celeridad, atenci\u00f3n y su mejora en proceso de recobros. Se caracteriza por [&hellip;]\" \/>\n<meta property=\"og:url\" content=\"https:\/\/www.risksint.com\/en\/testimonios\/\" \/>\n<meta property=\"og:site_name\" content=\"Expertos en Gesti\u00f3n de Riesgos y Debida Diligencia LAFT - Risks International\" \/>\n<meta property=\"article:publisher\" content=\"https:\/\/www.facebook.com\/profile.php?id=100063525462320\" \/>\n<meta property=\"article:modified_time\" content=\"2024-03-06T00:56:47+00:00\" \/>\n<meta property=\"og:image\" content=\"https:\/\/www.risksint.com\/wp-content\/uploads\/2024\/03\/Aseguradora-Solidaria-Recomienda-Risks-International-min.png\" \/>\n<meta name=\"twitter:card\" content=\"summary_large_image\" \/>\n<meta name=\"twitter:site\" content=\"@risksint\" \/>\n<meta name=\"twitter:label1\" content=\"Est. reading time\" \/>\n\t<meta name=\"twitter:data1\" content=\"4 minutes\" \/>\n<script type=\"application\/ld+json\" class=\"yoast-schema-graph\">{\"@context\":\"https:\/\/schema.org\",\"@graph\":[{\"@type\":\"WebPage\",\"@id\":\"https:\/\/www.risksint.com\/testimonios\/\",\"url\":\"https:\/\/www.risksint.com\/testimonios\/\",\"name\":\"Casos de \u00e9xito - Expertos en Gesti\u00f3n de Riesgos y Debida Diligencia LAFT - Risks International\",\"isPartOf\":{\"@id\":\"https:\/\/www.risksint.com\/#website\"},\"primaryImageOfPage\":{\"@id\":\"https:\/\/www.risksint.com\/testimonios\/#primaryimage\"},\"image\":{\"@id\":\"https:\/\/www.risksint.com\/testimonios\/#primaryimage\"},\"thumbnailUrl\":\"https:\/\/www.risksint.com\/wp-content\/uploads\/2024\/03\/Aseguradora-Solidaria-Recomienda-Risks-International-min.png\",\"datePublished\":\"2024-01-16T07:07:47+00:00\",\"dateModified\":\"2024-03-06T00:56:47+00:00\",\"breadcrumb\":{\"@id\":\"https:\/\/www.risksint.com\/testimonios\/#breadcrumb\"},\"inLanguage\":\"en-US\",\"potentialAction\":[{\"@type\":\"ReadAction\",\"target\":[\"https:\/\/www.risksint.com\/testimonios\/\"]}]},{\"@type\":\"ImageObject\",\"inLanguage\":\"en-US\",\"@id\":\"https:\/\/www.risksint.com\/testimonios\/#primaryimage\",\"url\":\"https:\/\/www.risksint.com\/wp-content\/uploads\/2024\/03\/Aseguradora-Solidaria-Recomienda-Risks-International-min.png\",\"contentUrl\":\"https:\/\/www.risksint.com\/wp-content\/uploads\/2024\/03\/Aseguradora-Solidaria-Recomienda-Risks-International-min.png\"},{\"@type\":\"BreadcrumbList\",\"@id\":\"https:\/\/www.risksint.com\/testimonios\/#breadcrumb\",\"itemListElement\":[{\"@type\":\"ListItem\",\"position\":1,\"name\":\"Home\",\"item\":\"https:\/\/www.risksint.com\/\"},{\"@type\":\"ListItem\",\"position\":2,\"name\":\"Casos de \u00e9xito\"}]},{\"@type\":\"WebSite\",\"@id\":\"https:\/\/www.risksint.com\/#website\",\"url\":\"https:\/\/www.risksint.com\/\",\"name\":\"Gesti\u00f3n de Riesgos y Debida Diligencia LAFT | Listas Restrictivas y vinculantes PEP y noticias LAFT\",\"description\":\"Gesti\u00f3n de Riesgos y Debida Diligencia LAFT Soluciones en Tecnolog\u00eda y Consultor\u00eda para el Cumplimiento Normativo y la Gesti\u00f3n de Riesgos LAFT y AntiSoborno\",\"publisher\":{\"@id\":\"https:\/\/www.risksint.com\/#organization\"},\"alternateName\":\"Risks International - Consultoria y Tecnolog\u00eda para cumplir con SARLAFT - SAGRILAFT - PTEE\",\"potentialAction\":[{\"@type\":\"SearchAction\",\"target\":{\"@type\":\"EntryPoint\",\"urlTemplate\":\"https:\/\/www.risksint.com\/?s={search_term_string}\"},\"query-input\":{\"@type\":\"PropertyValueSpecification\",\"valueRequired\":true,\"valueName\":\"search_term_string\"}}],\"inLanguage\":\"en-US\"},{\"@type\":[\"Organization\",\"Place\"],\"@id\":\"https:\/\/www.risksint.com\/#organization\",\"name\":\"RISKS INTERNATIONAL COMPLIANCE\",\"alternateName\":\"Gesti\u00f3n de Riesgos y Debida Diligencia AML y KYC\",\"url\":\"https:\/\/www.risksint.com\/\",\"logo\":{\"@id\":\"https:\/\/www.risksint.com\/testimonios\/#local-main-organization-logo\"},\"image\":{\"@id\":\"https:\/\/www.risksint.com\/testimonios\/#local-main-organization-logo\"},\"sameAs\":[\"https:\/\/www.facebook.com\/profile.php?id=100063525462320\",\"https:\/\/x.com\/risksint\",\"https:\/\/www.linkedin.com\/company\/risks-international\/\",\"https:\/\/www.youtube.com\/@risksinternational7379\"],\"telephone\":[],\"openingHoursSpecification\":[{\"@type\":\"OpeningHoursSpecification\",\"dayOfWeek\":[\"Monday\",\"Tuesday\",\"Wednesday\",\"Thursday\",\"Friday\",\"Saturday\",\"Sunday\"],\"opens\":\"09:00\",\"closes\":\"17:00\"}]},{\"@type\":\"ImageObject\",\"inLanguage\":\"en-US\",\"@id\":\"https:\/\/www.risksint.com\/testimonios\/#local-main-organization-logo\",\"url\":\"https:\/\/www.risksint.com\/wp-content\/uploads\/2024\/02\/risks-international-logo.png\",\"contentUrl\":\"https:\/\/www.risksint.com\/wp-content\/uploads\/2024\/02\/risks-international-logo.png\",\"width\":300,\"height\":231,\"caption\":\"RISKS INTERNATIONAL COMPLIANCE\"}]}<\/script>\n<!-- \/ Yoast SEO Premium plugin. -->","yoast_head_json":{"title":"Casos de \u00e9xito - Expertos en Gesti\u00f3n de Riesgos y Debida Diligencia LAFT - Risks International","robots":{"index":"index","follow":"follow","max-snippet":"max-snippet:-1","max-image-preview":"max-image-preview:large","max-video-preview":"max-video-preview:-1"},"canonical":"https:\/\/www.risksint.com\/en\/testimonios\/","og_locale":"en_US","og_type":"article","og_title":"Casos de \u00e9xito","og_description":"Conoce los casos de \u00e9xito que han tenido nuestros clientes con los diferentes servicios que ofrecemos: Aseguradora Solidaria Tenemos el servicio de Validaci\u00f3n en listas y debida diligencia en Compliance.com.co. Nos ha gustado mucho ya que nos ayuda a agilizar nuestros procesos, la celeridad, atenci\u00f3n y su mejora en proceso de recobros. Se caracteriza por [&hellip;]","og_url":"https:\/\/www.risksint.com\/en\/testimonios\/","og_site_name":"Expertos en Gesti\u00f3n de Riesgos y Debida Diligencia LAFT - Risks International","article_publisher":"https:\/\/www.facebook.com\/profile.php?id=100063525462320","article_modified_time":"2024-03-06T00:56:47+00:00","og_image":[{"url":"https:\/\/www.risksint.com\/wp-content\/uploads\/2024\/03\/Aseguradora-Solidaria-Recomienda-Risks-International-min.png","type":"","width":"","height":""}],"twitter_card":"summary_large_image","twitter_site":"@risksint","twitter_misc":{"Est. reading time":"4 minutes"},"schema":{"@context":"https:\/\/schema.org","@graph":[{"@type":"WebPage","@id":"https:\/\/www.risksint.com\/testimonios\/","url":"https:\/\/www.risksint.com\/testimonios\/","name":"Casos de \u00e9xito - Expertos en Gesti\u00f3n de Riesgos y Debida Diligencia LAFT - Risks International","isPartOf":{"@id":"https:\/\/www.risksint.com\/#website"},"primaryImageOfPage":{"@id":"https:\/\/www.risksint.com\/testimonios\/#primaryimage"},"image":{"@id":"https:\/\/www.risksint.com\/testimonios\/#primaryimage"},"thumbnailUrl":"https:\/\/www.risksint.com\/wp-content\/uploads\/2024\/03\/Aseguradora-Solidaria-Recomienda-Risks-International-min.png","datePublished":"2024-01-16T07:07:47+00:00","dateModified":"2024-03-06T00:56:47+00:00","breadcrumb":{"@id":"https:\/\/www.risksint.com\/testimonios\/#breadcrumb"},"inLanguage":"en-US","potentialAction":[{"@type":"ReadAction","target":["https:\/\/www.risksint.com\/testimonios\/"]}]},{"@type":"ImageObject","inLanguage":"en-US","@id":"https:\/\/www.risksint.com\/testimonios\/#primaryimage","url":"https:\/\/www.risksint.com\/wp-content\/uploads\/2024\/03\/Aseguradora-Solidaria-Recomienda-Risks-International-min.png","contentUrl":"https:\/\/www.risksint.com\/wp-content\/uploads\/2024\/03\/Aseguradora-Solidaria-Recomienda-Risks-International-min.png"},{"@type":"BreadcrumbList","@id":"https:\/\/www.risksint.com\/testimonios\/#breadcrumb","itemListElement":[{"@type":"ListItem","position":1,"name":"Home","item":"https:\/\/www.risksint.com\/"},{"@type":"ListItem","position":2,"name":"Casos de \u00e9xito"}]},{"@type":"WebSite","@id":"https:\/\/www.risksint.com\/#website","url":"https:\/\/www.risksint.com\/","name":"Gesti\u00f3n de Riesgos y Debida Diligencia LAFT | Listas Restrictivas y vinculantes PEP y noticias LAFT","description":"Risk management and Due Diligence LAFT Technology Solutions and Consulting services for Regulatory Compliance, and Risk Management LAFT and anti-Bribery","publisher":{"@id":"https:\/\/www.risksint.com\/#organization"},"alternateName":"Risks International - Consultoria y Tecnolog\u00eda para cumplir con SARLAFT - SAGRILAFT - PTEE","potentialAction":[{"@type":"SearchAction","target":{"@type":"EntryPoint","urlTemplate":"https:\/\/www.risksint.com\/?s={search_term_string}"},"query-input":{"@type":"PropertyValueSpecification","valueRequired":true,"valueName":"search_term_string"}}],"inLanguage":"en-US"},{"@type":["Organization","Place"],"@id":"https:\/\/www.risksint.com\/#organization","name":"RISKS INTERNATIONAL COMPLIANCE","alternateName":"Gesti\u00f3n de Riesgos y Debida Diligencia AML y KYC","url":"https:\/\/www.risksint.com\/","logo":{"@id":"https:\/\/www.risksint.com\/testimonios\/#local-main-organization-logo"},"image":{"@id":"https:\/\/www.risksint.com\/testimonios\/#local-main-organization-logo"},"sameAs":["https:\/\/www.facebook.com\/profile.php?id=100063525462320","https:\/\/x.com\/risksint","https:\/\/www.linkedin.com\/company\/risks-international\/","https:\/\/www.youtube.com\/@risksinternational7379"],"telephone":[],"openingHoursSpecification":[{"@type":"OpeningHoursSpecification","dayOfWeek":["Monday","Tuesday","Wednesday","Thursday","Friday","Saturday","Sunday"],"opens":"09:00","closes":"17:00"}]},{"@type":"ImageObject","inLanguage":"en-US","@id":"https:\/\/www.risksint.com\/testimonios\/#local-main-organization-logo","url":"https:\/\/www.risksint.com\/wp-content\/uploads\/2024\/02\/risks-international-logo.png","contentUrl":"https:\/\/www.risksint.com\/wp-content\/uploads\/2024\/02\/risks-international-logo.png","width":300,"height":231,"caption":"RISKS INTERNATIONAL COMPLIANCE"}]}},"_links":{"self":[{"href":"https:\/\/www.risksint.com\/en\/wp-json\/wp\/v2\/pages\/498","targetHints":{"allow":["GET"]}}],"collection":[{"href":"https:\/\/www.risksint.com\/en\/wp-json\/wp\/v2\/pages"}],"about":[{"href":"https:\/\/www.risksint.com\/en\/wp-json\/wp\/v2\/types\/page"}],"author":[{"embeddable":true,"href":"https:\/\/www.risksint.com\/en\/wp-json\/wp\/v2\/users\/3"}],"replies":[{"embeddable":true,"href":"https:\/\/www.risksint.com\/en\/wp-json\/wp\/v2\/comments?post=498"}],"version-history":[{"count":0,"href":"https:\/\/www.risksint.com\/en\/wp-json\/wp\/v2\/pages\/498\/revisions"}],"wp:attachment":[{"href":"https:\/\/www.risksint.com\/en\/wp-json\/wp\/v2\/media?parent=498"}],"curies":[{"name":"wp","href":"https:\/\/api.w.org\/{rel}","templated":true}]}}