{"id":246,"date":"2024-01-09T21:02:33","date_gmt":"2024-01-10T02:02:33","guid":{"rendered":"https:\/\/www.risksint.com\/?page_id=246"},"modified":"2024-01-27T20:26:06","modified_gmt":"2024-01-28T01:26:06","slug":"contactenos","status":"publish","type":"page","link":"https:\/\/www.risksint.com\/en\/contactenos\/","title":{"rendered":"Contact Us"},"content":{"rendered":"<p><\/p>\n\n\n\n<h4 class=\"wp-block-heading\"><strong>Si desea Ejercer su derecho de H\u00e1beas Data, siga las siguientes instrucciones<\/strong><\/h4>\n\n\n\n<h4 class=\"wp-block-heading\"><\/h4>\n\n\n\n<p>Si tiene una petici\u00f3n, queja o reclamo, puede interponer una <a href=\"https:\/\/forms.gle\/kDfHiTeoyodFNKqh9\">PQR<\/a> ejercer su derecho al correo <strong><a href=\"mailto:habeasdata@risksint.com\">habeasdata@risksint.com<\/a><\/strong> <\/p>\n\n\n\n<p>Si desea interponer un derecho de petici\u00f3n, puede hacerlo en cualquier momento y en forma gratuita. <strong><a href=\"https:\/\/forms.gle\/kDfHiTeoyodFNKqh9\">Diligencie aqu\u00ed&nbsp;este formulario que har\u00e1 sus veces como derecho de petici\u00f3n<\/a><\/strong>. Recuerde que si se trata de una petici\u00f3n acerca de datos personales, es necesario que nos de su <strong><a href=\"https:\/\/www.risksint.com\/wp-content\/uploads\/2021\/02\/Autorizacion_para_consultar_en_centrales_de_riesgo_-_-Operadores_de_Informacion_LEY_1266_DE_2008.pdf\">autorizaci\u00f3n para consulta y dar respuesta de su petici\u00f3n<\/a><\/strong>.<\/p>\n\n\n\n<p>Nuestro compromiso es velar por el cumplimiento normativo en materia de protecci\u00f3n de datos y el respeto por sus derechos fundamentales.<\/p>\n\n\n\n<p><\/p>\n\n\n\n<p><strong><a href=\"https:\/\/www.risksint.com\/en\/privacy-policy\/\">Inf\u00f3rmese bien aqu\u00ed acerca de nuestra Pol\u00edtica de tratamiento de datos personales<\/a><\/strong>.<\/p>\n\n\n\n<p><\/p>\n\n\n\n<h4 class=\"wp-block-heading\"><strong>Escr\u00edbanos a la L\u00ednea de Cumplimiento y de H\u00e1beas Data<\/strong><\/h4>\n\n\n\n<p><a href=\"https:\/\/api.whatsapp.com\/send\/?phone=573006910226&amp;text=%F0%9F%9A%80%20_Buenos%20d%C3%ADas.%20Encontr%C3%A9%20este%20contacto%20por%20la%20p%C3%A1gina%20web,%20%20Mi%20Identificaci%C3%B3n%20y%20nombre%20es:_\">Write to us on WhatsApp<\/a><\/p>\n\n\n\n<p><a href=\"https:\/\/api.whatsapp.com\/send\/?phone=573006910226&amp;text=%F0%9F%9A%80%20_Buenos%20d%C3%ADas.%20Encontr%C3%A9%20este%20contacto%20por%20la%20p%C3%A1gina%20web,%20%20Mi%20Identificaci%C3%B3n%20y%20nombre%20es:_\"><\/a><\/p>\n\n\n\n<p><\/p>\n\n\n\n<h4 class=\"wp-block-heading\">&nbsp;<\/h4>","protected":false},"excerpt":{"rendered":"<p>Si desea Ejercer su derecho de H\u00e1beas Data, siga las siguientes instrucciones Si tiene una petici\u00f3n, queja o reclamo, puede interponer una PQR ejercer su derecho al correo habeasdata@risksint.com Si desea interponer un derecho de petici\u00f3n, puede hacerlo en cualquier momento y en forma gratuita. Diligencie aqu\u00ed&nbsp;este formulario que har\u00e1 sus veces como derecho de [&hellip;]<\/p>","protected":false},"author":1,"featured_media":0,"parent":0,"menu_order":0,"comment_status":"closed","ping_status":"closed","template":"","meta":{"content-type":"standard-page","footnotes":""},"class_list":["post-246","page","type-page","status-publish","hentry"],"yoast_head":"<!-- This site is optimized with the Yoast SEO Premium plugin v26.8 (Yoast SEO v26.8) - https:\/\/yoast.com\/product\/yoast-seo-premium-wordpress\/ -->\n<title>Cont\u00e1ctenos - Expertos en Gesti\u00f3n de Riesgos y Debida Diligencia LAFT - Risks International<\/title>\n<meta name=\"robots\" content=\"index, follow, max-snippet:-1, max-image-preview:large, max-video-preview:-1\" \/>\n<link rel=\"canonical\" href=\"https:\/\/www.risksint.com\/en\/contactenos\/\" \/>\n<meta property=\"og:locale\" content=\"en_US\" \/>\n<meta property=\"og:type\" content=\"article\" \/>\n<meta property=\"og:title\" content=\"Cont\u00e1ctenos\" \/>\n<meta property=\"og:description\" content=\"Si desea Ejercer su derecho de H\u00e1beas Data, siga las siguientes instrucciones Si tiene una petici\u00f3n, queja o reclamo, puede interponer una PQR ejercer su derecho al correo habeasdata@risksint.com Si desea interponer un derecho de petici\u00f3n, puede hacerlo en cualquier momento y en forma gratuita. Diligencie aqu\u00ed&nbsp;este formulario que har\u00e1 sus veces como derecho de [&hellip;]\" \/>\n<meta property=\"og:url\" content=\"https:\/\/www.risksint.com\/en\/contactenos\/\" \/>\n<meta property=\"og:site_name\" content=\"Expertos en Gesti\u00f3n de Riesgos y Debida Diligencia LAFT - Risks International\" \/>\n<meta property=\"article:publisher\" content=\"https:\/\/www.facebook.com\/profile.php?id=100063525462320\" \/>\n<meta property=\"article:modified_time\" content=\"2024-01-28T01:26:06+00:00\" \/>\n<meta property=\"og:image\" content=\"https:\/\/www.risksint.com\/wp-content\/uploads\/2024\/03\/Gestion-de-Riesgos-y-Debida-Diligencia-AML-y-KYC.png\" \/>\n\t<meta property=\"og:image:width\" content=\"1200\" \/>\n\t<meta property=\"og:image:height\" content=\"675\" \/>\n\t<meta property=\"og:image:type\" content=\"image\/png\" \/>\n<meta name=\"twitter:card\" content=\"summary_large_image\" \/>\n<meta name=\"twitter:site\" content=\"@risksint\" \/>\n<meta name=\"twitter:label1\" content=\"Est. reading time\" \/>\n\t<meta name=\"twitter:data1\" content=\"1 minute\" \/>\n<script type=\"application\/ld+json\" class=\"yoast-schema-graph\">{\"@context\":\"https:\/\/schema.org\",\"@graph\":[{\"@type\":\"WebPage\",\"@id\":\"https:\/\/www.risksint.com\/contactenos\/\",\"url\":\"https:\/\/www.risksint.com\/contactenos\/\",\"name\":\"Cont\u00e1ctenos - Expertos en Gesti\u00f3n de Riesgos y Debida Diligencia LAFT - Risks International\",\"isPartOf\":{\"@id\":\"https:\/\/www.risksint.com\/#website\"},\"datePublished\":\"2024-01-10T02:02:33+00:00\",\"dateModified\":\"2024-01-28T01:26:06+00:00\",\"breadcrumb\":{\"@id\":\"https:\/\/www.risksint.com\/contactenos\/#breadcrumb\"},\"inLanguage\":\"en-US\",\"potentialAction\":[{\"@type\":\"ReadAction\",\"target\":[\"https:\/\/www.risksint.com\/contactenos\/\"]}]},{\"@type\":\"BreadcrumbList\",\"@id\":\"https:\/\/www.risksint.com\/contactenos\/#breadcrumb\",\"itemListElement\":[{\"@type\":\"ListItem\",\"position\":1,\"name\":\"Home\",\"item\":\"https:\/\/www.risksint.com\/\"},{\"@type\":\"ListItem\",\"position\":2,\"name\":\"Cont\u00e1ctenos\"}]},{\"@type\":\"WebSite\",\"@id\":\"https:\/\/www.risksint.com\/#website\",\"url\":\"https:\/\/www.risksint.com\/\",\"name\":\"Gesti\u00f3n de Riesgos y Debida Diligencia LAFT | Listas Restrictivas y vinculantes PEP y noticias LAFT\",\"description\":\"Gesti\u00f3n de Riesgos y Debida Diligencia LAFT Soluciones en Tecnolog\u00eda y Consultor\u00eda para el Cumplimiento Normativo y la Gesti\u00f3n de Riesgos LAFT y AntiSoborno\",\"publisher\":{\"@id\":\"https:\/\/www.risksint.com\/#organization\"},\"alternateName\":\"Risks International - Consultoria y Tecnolog\u00eda para cumplir con SARLAFT - SAGRILAFT - PTEE\",\"potentialAction\":[{\"@type\":\"SearchAction\",\"target\":{\"@type\":\"EntryPoint\",\"urlTemplate\":\"https:\/\/www.risksint.com\/?s={search_term_string}\"},\"query-input\":{\"@type\":\"PropertyValueSpecification\",\"valueRequired\":true,\"valueName\":\"search_term_string\"}}],\"inLanguage\":\"en-US\"},{\"@type\":[\"Organization\",\"Place\"],\"@id\":\"https:\/\/www.risksint.com\/#organization\",\"name\":\"RISKS INTERNATIONAL COMPLIANCE\",\"alternateName\":\"Gesti\u00f3n de Riesgos y Debida Diligencia AML y KYC\",\"url\":\"https:\/\/www.risksint.com\/\",\"logo\":{\"@id\":\"https:\/\/www.risksint.com\/contactenos\/#local-main-organization-logo\"},\"image\":{\"@id\":\"https:\/\/www.risksint.com\/contactenos\/#local-main-organization-logo\"},\"sameAs\":[\"https:\/\/www.facebook.com\/profile.php?id=100063525462320\",\"https:\/\/x.com\/risksint\",\"https:\/\/www.linkedin.com\/company\/risks-international\/\",\"https:\/\/www.youtube.com\/@risksinternational7379\"],\"telephone\":[],\"openingHoursSpecification\":[{\"@type\":\"OpeningHoursSpecification\",\"dayOfWeek\":[\"Monday\",\"Tuesday\",\"Wednesday\",\"Thursday\",\"Friday\",\"Saturday\",\"Sunday\"],\"opens\":\"09:00\",\"closes\":\"17:00\"}]},{\"@type\":\"ImageObject\",\"inLanguage\":\"en-US\",\"@id\":\"https:\/\/www.risksint.com\/contactenos\/#local-main-organization-logo\",\"url\":\"https:\/\/www.risksint.com\/wp-content\/uploads\/2024\/02\/risks-international-logo.png\",\"contentUrl\":\"https:\/\/www.risksint.com\/wp-content\/uploads\/2024\/02\/risks-international-logo.png\",\"width\":300,\"height\":231,\"caption\":\"RISKS INTERNATIONAL COMPLIANCE\"}]}<\/script>\n<!-- \/ Yoast SEO Premium plugin. -->","yoast_head_json":{"title":"Cont\u00e1ctenos - Expertos en Gesti\u00f3n de Riesgos y Debida Diligencia LAFT - Risks International","robots":{"index":"index","follow":"follow","max-snippet":"max-snippet:-1","max-image-preview":"max-image-preview:large","max-video-preview":"max-video-preview:-1"},"canonical":"https:\/\/www.risksint.com\/en\/contactenos\/","og_locale":"en_US","og_type":"article","og_title":"Cont\u00e1ctenos","og_description":"Si desea Ejercer su derecho de H\u00e1beas Data, siga las siguientes instrucciones Si tiene una petici\u00f3n, queja o reclamo, puede interponer una PQR ejercer su derecho al correo habeasdata@risksint.com Si desea interponer un derecho de petici\u00f3n, puede hacerlo en cualquier momento y en forma gratuita. Diligencie aqu\u00ed&nbsp;este formulario que har\u00e1 sus veces como derecho de [&hellip;]","og_url":"https:\/\/www.risksint.com\/en\/contactenos\/","og_site_name":"Expertos en Gesti\u00f3n de Riesgos y Debida Diligencia LAFT - Risks International","article_publisher":"https:\/\/www.facebook.com\/profile.php?id=100063525462320","article_modified_time":"2024-01-28T01:26:06+00:00","og_image":[{"width":1200,"height":675,"url":"https:\/\/www.risksint.com\/wp-content\/uploads\/2024\/03\/Gestion-de-Riesgos-y-Debida-Diligencia-AML-y-KYC.png","type":"image\/png"}],"twitter_card":"summary_large_image","twitter_site":"@risksint","twitter_misc":{"Est. reading time":"1 minute"},"schema":{"@context":"https:\/\/schema.org","@graph":[{"@type":"WebPage","@id":"https:\/\/www.risksint.com\/contactenos\/","url":"https:\/\/www.risksint.com\/contactenos\/","name":"Cont\u00e1ctenos - Expertos en Gesti\u00f3n de Riesgos y Debida Diligencia LAFT - Risks International","isPartOf":{"@id":"https:\/\/www.risksint.com\/#website"},"datePublished":"2024-01-10T02:02:33+00:00","dateModified":"2024-01-28T01:26:06+00:00","breadcrumb":{"@id":"https:\/\/www.risksint.com\/contactenos\/#breadcrumb"},"inLanguage":"en-US","potentialAction":[{"@type":"ReadAction","target":["https:\/\/www.risksint.com\/contactenos\/"]}]},{"@type":"BreadcrumbList","@id":"https:\/\/www.risksint.com\/contactenos\/#breadcrumb","itemListElement":[{"@type":"ListItem","position":1,"name":"Home","item":"https:\/\/www.risksint.com\/"},{"@type":"ListItem","position":2,"name":"Cont\u00e1ctenos"}]},{"@type":"WebSite","@id":"https:\/\/www.risksint.com\/#website","url":"https:\/\/www.risksint.com\/","name":"Gesti\u00f3n de Riesgos y Debida Diligencia LAFT | Listas Restrictivas y vinculantes PEP y noticias LAFT","description":"Risk management and Due Diligence LAFT Technology Solutions and Consulting services for Regulatory Compliance, and Risk Management LAFT and anti-Bribery","publisher":{"@id":"https:\/\/www.risksint.com\/#organization"},"alternateName":"Risks International - Consultoria y Tecnolog\u00eda para cumplir con SARLAFT - SAGRILAFT - PTEE","potentialAction":[{"@type":"SearchAction","target":{"@type":"EntryPoint","urlTemplate":"https:\/\/www.risksint.com\/?s={search_term_string}"},"query-input":{"@type":"PropertyValueSpecification","valueRequired":true,"valueName":"search_term_string"}}],"inLanguage":"en-US"},{"@type":["Organization","Place"],"@id":"https:\/\/www.risksint.com\/#organization","name":"RISKS INTERNATIONAL COMPLIANCE","alternateName":"Gesti\u00f3n de Riesgos y Debida Diligencia AML y KYC","url":"https:\/\/www.risksint.com\/","logo":{"@id":"https:\/\/www.risksint.com\/contactenos\/#local-main-organization-logo"},"image":{"@id":"https:\/\/www.risksint.com\/contactenos\/#local-main-organization-logo"},"sameAs":["https:\/\/www.facebook.com\/profile.php?id=100063525462320","https:\/\/x.com\/risksint","https:\/\/www.linkedin.com\/company\/risks-international\/","https:\/\/www.youtube.com\/@risksinternational7379"],"telephone":[],"openingHoursSpecification":[{"@type":"OpeningHoursSpecification","dayOfWeek":["Monday","Tuesday","Wednesday","Thursday","Friday","Saturday","Sunday"],"opens":"09:00","closes":"17:00"}]},{"@type":"ImageObject","inLanguage":"en-US","@id":"https:\/\/www.risksint.com\/contactenos\/#local-main-organization-logo","url":"https:\/\/www.risksint.com\/wp-content\/uploads\/2024\/02\/risks-international-logo.png","contentUrl":"https:\/\/www.risksint.com\/wp-content\/uploads\/2024\/02\/risks-international-logo.png","width":300,"height":231,"caption":"RISKS INTERNATIONAL COMPLIANCE"}]}},"_links":{"self":[{"href":"https:\/\/www.risksint.com\/en\/wp-json\/wp\/v2\/pages\/246","targetHints":{"allow":["GET"]}}],"collection":[{"href":"https:\/\/www.risksint.com\/en\/wp-json\/wp\/v2\/pages"}],"about":[{"href":"https:\/\/www.risksint.com\/en\/wp-json\/wp\/v2\/types\/page"}],"author":[{"embeddable":true,"href":"https:\/\/www.risksint.com\/en\/wp-json\/wp\/v2\/users\/1"}],"replies":[{"embeddable":true,"href":"https:\/\/www.risksint.com\/en\/wp-json\/wp\/v2\/comments?post=246"}],"version-history":[{"count":0,"href":"https:\/\/www.risksint.com\/en\/wp-json\/wp\/v2\/pages\/246\/revisions"}],"wp:attachment":[{"href":"https:\/\/www.risksint.com\/en\/wp-json\/wp\/v2\/media?parent=246"}],"curies":[{"name":"wp","href":"https:\/\/api.w.org\/{rel}","templated":true}]}}