{"id":1337,"date":"2024-01-27T21:29:21","date_gmt":"2024-01-28T02:29:21","guid":{"rendered":"https:\/\/www.risksint.com\/?page_id=1337"},"modified":"2024-01-27T22:07:22","modified_gmt":"2024-01-28T03:07:22","slug":"cumplimiento-normativo-politicas-y-manuales","status":"publish","type":"page","link":"https:\/\/www.risksint.com\/en\/cumplimiento-normativo-politicas-y-manuales\/","title":{"rendered":"Regulatory compliance, Policies and Manuals"},"content":{"rendered":"<figure class=\"wp-block-image size-full\"><img decoding=\"async\" width=\"24\" height=\"24\" src=\"https:\/\/www.risksint.com\/wp-content\/uploads\/2024\/01\/es-co-1.png\" alt=\"\" class=\"wp-image-1349\"\/><\/figure>","protected":false},"excerpt":{"rendered":"","protected":false},"author":3,"featured_media":0,"parent":0,"menu_order":0,"comment_status":"closed","ping_status":"closed","template":"","meta":{"content-type":"","footnotes":""},"class_list":["post-1337","page","type-page","status-publish","hentry"],"yoast_head":"<!-- This site is optimized with the Yoast SEO Premium plugin v26.8 (Yoast SEO v26.8) - https:\/\/yoast.com\/product\/yoast-seo-premium-wordpress\/ -->\n<title>Cumplimiento normativo, Pol\u00edticas y Manuales - Expertos en Gesti\u00f3n de Riesgos y Debida Diligencia LAFT - Risks International<\/title>\n<meta name=\"robots\" content=\"index, follow, max-snippet:-1, max-image-preview:large, max-video-preview:-1\" \/>\n<link rel=\"canonical\" href=\"https:\/\/www.risksint.com\/en\/cumplimiento-normativo-politicas-y-manuales\/\" \/>\n<meta property=\"og:locale\" content=\"en_US\" \/>\n<meta property=\"og:type\" content=\"article\" \/>\n<meta property=\"og:title\" content=\"Cumplimiento normativo, Pol\u00edticas y Manuales\" \/>\n<meta property=\"og:url\" content=\"https:\/\/www.risksint.com\/en\/cumplimiento-normativo-politicas-y-manuales\/\" \/>\n<meta property=\"og:site_name\" content=\"Expertos en Gesti\u00f3n de Riesgos y Debida Diligencia LAFT - Risks International\" \/>\n<meta property=\"article:publisher\" content=\"https:\/\/www.facebook.com\/profile.php?id=100063525462320\" \/>\n<meta property=\"article:modified_time\" content=\"2024-01-28T03:07:22+00:00\" \/>\n<meta property=\"og:image\" content=\"https:\/\/www.risksint.com\/wp-content\/uploads\/2024\/01\/es-co-1.png\" \/>\n<meta name=\"twitter:card\" content=\"summary_large_image\" \/>\n<meta name=\"twitter:site\" content=\"@risksint\" \/>\n<script type=\"application\/ld+json\" class=\"yoast-schema-graph\">{\"@context\":\"https:\/\/schema.org\",\"@graph\":[{\"@type\":\"WebPage\",\"@id\":\"https:\/\/www.risksint.com\/cumplimiento-normativo-politicas-y-manuales\/\",\"url\":\"https:\/\/www.risksint.com\/cumplimiento-normativo-politicas-y-manuales\/\",\"name\":\"Cumplimiento normativo, Pol\u00edticas y Manuales - Expertos en Gesti\u00f3n de Riesgos y Debida Diligencia LAFT - Risks International\",\"isPartOf\":{\"@id\":\"https:\/\/www.risksint.com\/#website\"},\"primaryImageOfPage\":{\"@id\":\"https:\/\/www.risksint.com\/cumplimiento-normativo-politicas-y-manuales\/#primaryimage\"},\"image\":{\"@id\":\"https:\/\/www.risksint.com\/cumplimiento-normativo-politicas-y-manuales\/#primaryimage\"},\"thumbnailUrl\":\"https:\/\/www.risksint.com\/wp-content\/uploads\/2024\/01\/es-co-1.png\",\"datePublished\":\"2024-01-28T02:29:21+00:00\",\"dateModified\":\"2024-01-28T03:07:22+00:00\",\"breadcrumb\":{\"@id\":\"https:\/\/www.risksint.com\/cumplimiento-normativo-politicas-y-manuales\/#breadcrumb\"},\"inLanguage\":\"en-US\",\"potentialAction\":[{\"@type\":\"ReadAction\",\"target\":[\"https:\/\/www.risksint.com\/cumplimiento-normativo-politicas-y-manuales\/\"]}]},{\"@type\":\"ImageObject\",\"inLanguage\":\"en-US\",\"@id\":\"https:\/\/www.risksint.com\/cumplimiento-normativo-politicas-y-manuales\/#primaryimage\",\"url\":\"https:\/\/www.risksint.com\/wp-content\/uploads\/2024\/01\/es-co-1.png\",\"contentUrl\":\"https:\/\/www.risksint.com\/wp-content\/uploads\/2024\/01\/es-co-1.png\"},{\"@type\":\"BreadcrumbList\",\"@id\":\"https:\/\/www.risksint.com\/cumplimiento-normativo-politicas-y-manuales\/#breadcrumb\",\"itemListElement\":[{\"@type\":\"ListItem\",\"position\":1,\"name\":\"Home\",\"item\":\"https:\/\/www.risksint.com\/\"},{\"@type\":\"ListItem\",\"position\":2,\"name\":\"Cumplimiento normativo, Pol\u00edticas y Manuales\"}]},{\"@type\":\"WebSite\",\"@id\":\"https:\/\/www.risksint.com\/#website\",\"url\":\"https:\/\/www.risksint.com\/\",\"name\":\"Gesti\u00f3n de Riesgos y Debida Diligencia LAFT | Listas Restrictivas y vinculantes PEP y noticias LAFT\",\"description\":\"Gesti\u00f3n de Riesgos y Debida Diligencia LAFT Soluciones en Tecnolog\u00eda y Consultor\u00eda para el Cumplimiento Normativo y la Gesti\u00f3n de Riesgos LAFT y AntiSoborno\",\"publisher\":{\"@id\":\"https:\/\/www.risksint.com\/#organization\"},\"alternateName\":\"Risks International - Consultoria y Tecnolog\u00eda para cumplir con SARLAFT - SAGRILAFT - PTEE\",\"potentialAction\":[{\"@type\":\"SearchAction\",\"target\":{\"@type\":\"EntryPoint\",\"urlTemplate\":\"https:\/\/www.risksint.com\/?s={search_term_string}\"},\"query-input\":{\"@type\":\"PropertyValueSpecification\",\"valueRequired\":true,\"valueName\":\"search_term_string\"}}],\"inLanguage\":\"en-US\"},{\"@type\":[\"Organization\",\"Place\"],\"@id\":\"https:\/\/www.risksint.com\/#organization\",\"name\":\"RISKS INTERNATIONAL COMPLIANCE\",\"alternateName\":\"Gesti\u00f3n de Riesgos y Debida Diligencia AML y KYC\",\"url\":\"https:\/\/www.risksint.com\/\",\"logo\":{\"@id\":\"https:\/\/www.risksint.com\/cumplimiento-normativo-politicas-y-manuales\/#local-main-organization-logo\"},\"image\":{\"@id\":\"https:\/\/www.risksint.com\/cumplimiento-normativo-politicas-y-manuales\/#local-main-organization-logo\"},\"sameAs\":[\"https:\/\/www.facebook.com\/profile.php?id=100063525462320\",\"https:\/\/x.com\/risksint\",\"https:\/\/www.linkedin.com\/company\/risks-international\/\",\"https:\/\/www.youtube.com\/@risksinternational7379\"],\"telephone\":[],\"openingHoursSpecification\":[{\"@type\":\"OpeningHoursSpecification\",\"dayOfWeek\":[\"Monday\",\"Tuesday\",\"Wednesday\",\"Thursday\",\"Friday\",\"Saturday\",\"Sunday\"],\"opens\":\"09:00\",\"closes\":\"17:00\"}]},{\"@type\":\"ImageObject\",\"inLanguage\":\"en-US\",\"@id\":\"https:\/\/www.risksint.com\/cumplimiento-normativo-politicas-y-manuales\/#local-main-organization-logo\",\"url\":\"https:\/\/www.risksint.com\/wp-content\/uploads\/2024\/02\/risks-international-logo.png\",\"contentUrl\":\"https:\/\/www.risksint.com\/wp-content\/uploads\/2024\/02\/risks-international-logo.png\",\"width\":300,\"height\":231,\"caption\":\"RISKS INTERNATIONAL COMPLIANCE\"}]}<\/script>\n<!-- \/ Yoast SEO Premium plugin. -->","yoast_head_json":{"title":"Cumplimiento normativo, Pol\u00edticas y Manuales - Expertos en Gesti\u00f3n de Riesgos y Debida Diligencia LAFT - Risks International","robots":{"index":"index","follow":"follow","max-snippet":"max-snippet:-1","max-image-preview":"max-image-preview:large","max-video-preview":"max-video-preview:-1"},"canonical":"https:\/\/www.risksint.com\/en\/cumplimiento-normativo-politicas-y-manuales\/","og_locale":"en_US","og_type":"article","og_title":"Cumplimiento normativo, Pol\u00edticas y Manuales","og_url":"https:\/\/www.risksint.com\/en\/cumplimiento-normativo-politicas-y-manuales\/","og_site_name":"Expertos en Gesti\u00f3n de Riesgos y Debida Diligencia LAFT - Risks International","article_publisher":"https:\/\/www.facebook.com\/profile.php?id=100063525462320","article_modified_time":"2024-01-28T03:07:22+00:00","og_image":[{"url":"https:\/\/www.risksint.com\/wp-content\/uploads\/2024\/01\/es-co-1.png","type":"","width":"","height":""}],"twitter_card":"summary_large_image","twitter_site":"@risksint","schema":{"@context":"https:\/\/schema.org","@graph":[{"@type":"WebPage","@id":"https:\/\/www.risksint.com\/cumplimiento-normativo-politicas-y-manuales\/","url":"https:\/\/www.risksint.com\/cumplimiento-normativo-politicas-y-manuales\/","name":"Cumplimiento normativo, Pol\u00edticas y Manuales - Expertos en Gesti\u00f3n de Riesgos y Debida Diligencia LAFT - Risks International","isPartOf":{"@id":"https:\/\/www.risksint.com\/#website"},"primaryImageOfPage":{"@id":"https:\/\/www.risksint.com\/cumplimiento-normativo-politicas-y-manuales\/#primaryimage"},"image":{"@id":"https:\/\/www.risksint.com\/cumplimiento-normativo-politicas-y-manuales\/#primaryimage"},"thumbnailUrl":"https:\/\/www.risksint.com\/wp-content\/uploads\/2024\/01\/es-co-1.png","datePublished":"2024-01-28T02:29:21+00:00","dateModified":"2024-01-28T03:07:22+00:00","breadcrumb":{"@id":"https:\/\/www.risksint.com\/cumplimiento-normativo-politicas-y-manuales\/#breadcrumb"},"inLanguage":"en-US","potentialAction":[{"@type":"ReadAction","target":["https:\/\/www.risksint.com\/cumplimiento-normativo-politicas-y-manuales\/"]}]},{"@type":"ImageObject","inLanguage":"en-US","@id":"https:\/\/www.risksint.com\/cumplimiento-normativo-politicas-y-manuales\/#primaryimage","url":"https:\/\/www.risksint.com\/wp-content\/uploads\/2024\/01\/es-co-1.png","contentUrl":"https:\/\/www.risksint.com\/wp-content\/uploads\/2024\/01\/es-co-1.png"},{"@type":"BreadcrumbList","@id":"https:\/\/www.risksint.com\/cumplimiento-normativo-politicas-y-manuales\/#breadcrumb","itemListElement":[{"@type":"ListItem","position":1,"name":"Home","item":"https:\/\/www.risksint.com\/"},{"@type":"ListItem","position":2,"name":"Cumplimiento normativo, Pol\u00edticas y Manuales"}]},{"@type":"WebSite","@id":"https:\/\/www.risksint.com\/#website","url":"https:\/\/www.risksint.com\/","name":"Gesti\u00f3n de Riesgos y Debida Diligencia LAFT | Listas Restrictivas y vinculantes PEP y noticias LAFT","description":"Risk management and Due Diligence LAFT Technology Solutions and Consulting services for Regulatory Compliance, and Risk Management LAFT and anti-Bribery","publisher":{"@id":"https:\/\/www.risksint.com\/#organization"},"alternateName":"Risks International - Consultoria y Tecnolog\u00eda para cumplir con SARLAFT - SAGRILAFT - PTEE","potentialAction":[{"@type":"SearchAction","target":{"@type":"EntryPoint","urlTemplate":"https:\/\/www.risksint.com\/?s={search_term_string}"},"query-input":{"@type":"PropertyValueSpecification","valueRequired":true,"valueName":"search_term_string"}}],"inLanguage":"en-US"},{"@type":["Organization","Place"],"@id":"https:\/\/www.risksint.com\/#organization","name":"RISKS INTERNATIONAL COMPLIANCE","alternateName":"Gesti\u00f3n de Riesgos y Debida Diligencia AML y KYC","url":"https:\/\/www.risksint.com\/","logo":{"@id":"https:\/\/www.risksint.com\/cumplimiento-normativo-politicas-y-manuales\/#local-main-organization-logo"},"image":{"@id":"https:\/\/www.risksint.com\/cumplimiento-normativo-politicas-y-manuales\/#local-main-organization-logo"},"sameAs":["https:\/\/www.facebook.com\/profile.php?id=100063525462320","https:\/\/x.com\/risksint","https:\/\/www.linkedin.com\/company\/risks-international\/","https:\/\/www.youtube.com\/@risksinternational7379"],"telephone":[],"openingHoursSpecification":[{"@type":"OpeningHoursSpecification","dayOfWeek":["Monday","Tuesday","Wednesday","Thursday","Friday","Saturday","Sunday"],"opens":"09:00","closes":"17:00"}]},{"@type":"ImageObject","inLanguage":"en-US","@id":"https:\/\/www.risksint.com\/cumplimiento-normativo-politicas-y-manuales\/#local-main-organization-logo","url":"https:\/\/www.risksint.com\/wp-content\/uploads\/2024\/02\/risks-international-logo.png","contentUrl":"https:\/\/www.risksint.com\/wp-content\/uploads\/2024\/02\/risks-international-logo.png","width":300,"height":231,"caption":"RISKS INTERNATIONAL COMPLIANCE"}]}},"_links":{"self":[{"href":"https:\/\/www.risksint.com\/en\/wp-json\/wp\/v2\/pages\/1337","targetHints":{"allow":["GET"]}}],"collection":[{"href":"https:\/\/www.risksint.com\/en\/wp-json\/wp\/v2\/pages"}],"about":[{"href":"https:\/\/www.risksint.com\/en\/wp-json\/wp\/v2\/types\/page"}],"author":[{"embeddable":true,"href":"https:\/\/www.risksint.com\/en\/wp-json\/wp\/v2\/users\/3"}],"replies":[{"embeddable":true,"href":"https:\/\/www.risksint.com\/en\/wp-json\/wp\/v2\/comments?post=1337"}],"version-history":[{"count":0,"href":"https:\/\/www.risksint.com\/en\/wp-json\/wp\/v2\/pages\/1337\/revisions"}],"wp:attachment":[{"href":"https:\/\/www.risksint.com\/en\/wp-json\/wp\/v2\/media?parent=1337"}],"curies":[{"name":"wp","href":"https:\/\/api.w.org\/{rel}","templated":true}]}}