{"id":1232,"date":"2024-01-26T08:15:19","date_gmt":"2024-01-26T13:15:19","guid":{"rendered":"https:\/\/www.risksint.com\/?page_id=1232"},"modified":"2024-02-25T11:41:03","modified_gmt":"2024-02-25T16:41:03","slug":"operaciones-en-mas-de-10-paises","status":"publish","type":"page","link":"https:\/\/www.risksint.com\/en\/operaciones-en-mas-de-10-paises\/","title":{"rendered":"Operaciones en m\u00e1s de 10 pa\u00edses"},"content":{"rendered":"<div data-elementor-type=\"wp-page\" data-elementor-id=\"1232\" class=\"elementor elementor-1232\" data-elementor-post-type=\"page\">\n\t\t\t\t<div class=\"elementor-element elementor-element-2c4334ea e-flex e-con-boxed e-con e-parent\" data-id=\"2c4334ea\" data-element_type=\"container\">\n\t\t\t\t\t<div class=\"e-con-inner\">\n\t\t\t\t<div class=\"elementor-element elementor-element-11d54360 elementor-widget elementor-widget-text-editor\" data-id=\"11d54360\" data-element_type=\"widget\" data-widget_type=\"text-editor.default\">\n\t\t\t\t<div class=\"elementor-widget-container\">\n\t\t\t\t\t\t\t\t\t\n<div class=\"wp-block-group alignfull has-transparent-background-color has-background has-global-padding is-layout-constrained wp-block-group-is-layout-constrained\" style=\"margin-top:0px;margin-bottom:0px;padding-top:var(--wp--preset--spacing--xx-large);padding-bottom:var(--wp--preset--spacing--xx-large)\">\n<div class=\"wp-block-columns alignfull is-layout-flex wp-container-core-columns-is-layout-28f84493 wp-block-columns-is-layout-flex\">\n<div class=\"wp-block-column is-layout-flow wp-block-column-is-layout-flow\">\n<figure class=\"wp-block-image aligncenter size-large is-resized\"><img fetchpriority=\"high\" decoding=\"async\" width=\"1024\" height=\"556\" src=\"https:\/\/www.risksint.com\/wp-content\/uploads\/2024\/01\/Cobertura-min-1024x556.png\" alt=\"Cobertura de Risks International\" class=\"wp-image-1107\" style=\"width:972px;height:auto\" srcset=\"https:\/\/www.risksint.com\/wp-content\/uploads\/2024\/01\/Cobertura-min-1024x556.png 1024w, https:\/\/www.risksint.com\/wp-content\/uploads\/2024\/01\/Cobertura-min-300x163.png 300w, https:\/\/www.risksint.com\/wp-content\/uploads\/2024\/01\/Cobertura-min-768x417.png 768w, https:\/\/www.risksint.com\/wp-content\/uploads\/2024\/01\/Cobertura-min-1536x834.png 1536w, https:\/\/www.risksint.com\/wp-content\/uploads\/2024\/01\/Cobertura-min.png 1608w\" sizes=\"(max-width: 1024px) 100vw, 1024px\" \/><\/figure>\n<\/div>\n<\/div>\n<\/div>\n\t\t\t\t\t\t\t\t<\/div>\n\t\t\t\t<\/div>\n\t\t\t\t\t<\/div>\n\t\t\t\t<\/div>\n\t\t<div class=\"elementor-element elementor-element-0a6a7d6 e-flex e-con-boxed e-con e-parent\" data-id=\"0a6a7d6\" data-element_type=\"container\">\n\t\t\t\t\t<div class=\"e-con-inner\">\n\t\t\t\t<div class=\"elementor-element elementor-element-b972040 elementor-widget elementor-widget-image\" data-id=\"b972040\" data-element_type=\"widget\" data-widget_type=\"image.default\">\n\t\t\t\t<div class=\"elementor-widget-container\">\n\t\t\t\t\t\t\t\t\t\t\t\t\t\t\t<img decoding=\"async\" width=\"1536\" height=\"834\" src=\"https:\/\/www.risksint.com\/wp-content\/uploads\/2024\/01\/Cobertura-min-1536x834.png\" class=\"attachment-1536x1536 size-1536x1536 wp-image-1107\" alt=\"Cobertura de Risks International\" srcset=\"https:\/\/www.risksint.com\/wp-content\/uploads\/2024\/01\/Cobertura-min-1536x834.png 1536w, https:\/\/www.risksint.com\/wp-content\/uploads\/2024\/01\/Cobertura-min-300x163.png 300w, https:\/\/www.risksint.com\/wp-content\/uploads\/2024\/01\/Cobertura-min-1024x556.png 1024w, https:\/\/www.risksint.com\/wp-content\/uploads\/2024\/01\/Cobertura-min-768x417.png 768w, https:\/\/www.risksint.com\/wp-content\/uploads\/2024\/01\/Cobertura-min.png 1608w\" sizes=\"(max-width: 1536px) 100vw, 1536px\" \/>\t\t\t\t\t\t\t\t\t\t\t\t\t\t\t<\/div>\n\t\t\t\t<\/div>\n\t\t\t\t\t<\/div>\n\t\t\t\t<\/div>\n\t\t<div class=\"elementor-element elementor-element-88f9a88 e-flex e-con-boxed e-con e-parent\" data-id=\"88f9a88\" data-element_type=\"container\">\n\t\t\t\t\t<div class=\"e-con-inner\">\n\t\t\t\t<div class=\"elementor-element elementor-element-8e34664 elementor-widget elementor-widget-text-editor\" data-id=\"8e34664\" data-element_type=\"widget\" data-widget_type=\"text-editor.default\">\n\t\t\t\t<div class=\"elementor-widget-container\">\n\t\t\t\t\t\t\t\t\t<h1 class=\"wp-block-heading has-text-align-center has-x-large-font-size\">Amplia cobertura en nuestros servicios<\/h1>\t\t\t\t\t\t\t\t<\/div>\n\t\t\t\t<\/div>\n\t\t\t\t\t<\/div>\n\t\t\t\t<\/div>\n\t\t<div class=\"elementor-element elementor-element-9094a08 e-flex e-con-boxed e-con e-parent\" data-id=\"9094a08\" data-element_type=\"container\">\n\t\t\t\t\t<div class=\"e-con-inner\">\n\t\t\t\t<div class=\"elementor-element elementor-element-38273d0 elementor-widget elementor-widget-text-editor\" data-id=\"38273d0\" data-element_type=\"widget\" data-widget_type=\"text-editor.default\">\n\t\t\t\t<div class=\"elementor-widget-container\">\n\t\t\t\t\t\t\t\t\t<div class=\"wp-block-column is-layout-flow wp-block-column-is-layout-flow\">\n<p class=\"has-text-align-center\">Risks International presta sus servicios de prevenci\u00f3n de riesgos en m\u00e1s de 10 pa\u00edses, ampliando los horizontes en consulta de datos, prevenci\u00f3n del riesgo y debida diligencia.<\/p>\n<\/div>\t\t\t\t\t\t\t\t<\/div>\n\t\t\t\t<\/div>\n\t\t\t\t\t<\/div>\n\t\t\t\t<\/div>\n\t\t<div class=\"elementor-element elementor-element-6363853 e-flex e-con-boxed e-con e-parent\" data-id=\"6363853\" data-element_type=\"container\">\n\t\t\t\t\t<div class=\"e-con-inner\">\n\t\t\t\t\t<\/div>\n\t\t\t\t<\/div>\n\t\t<div class=\"elementor-element elementor-element-fb5cf1b e-flex e-con-boxed e-con e-parent\" data-id=\"fb5cf1b\" data-element_type=\"container\">\n\t\t\t\t\t<div class=\"e-con-inner\">\n\t\t\t\t<div class=\"elementor-element elementor-element-a6c5a7a elementor-widget elementor-widget-heading\" data-id=\"a6c5a7a\" data-element_type=\"widget\" data-widget_type=\"heading.default\">\n\t\t\t\t<div class=\"elementor-widget-container\">\n\t\t\t\t\t<h3 class=\"elementor-heading-title elementor-size-default\">Schedule a meeting or contact us<\/h3>\t\t\t\t<\/div>\n\t\t\t\t<\/div>\n\t\t\t\t\t<\/div>\n\t\t\t\t<\/div>\n\t\t<div class=\"elementor-element elementor-element-6c6e50e e-flex e-con-boxed e-con e-parent\" data-id=\"6c6e50e\" data-element_type=\"container\">\n\t\t\t\t\t<div class=\"e-con-inner\">\n\t\t<div class=\"elementor-element elementor-element-b026e47 e-con-full e-flex e-con e-child\" data-id=\"b026e47\" data-element_type=\"container\">\n\t\t\t\t<div class=\"elementor-element elementor-element-13788af elementor-widget elementor-widget-hubspot-meeting\" data-id=\"13788af\" data-element_type=\"widget\" data-widget_type=\"hubspot-meeting.default\">\n\t\t\t\t<div class=\"elementor-widget-container\">\n\t\t\t\t\t\n\t\t<div class=\"meetings-iframe-container\" data-src=\"https:\/\/meetings.hubspot.com\/gerencia13\/demostracion-de-servicio-de-30-minutos?embed=true\"><\/div>\n\t\t<script>\n\t\t\tif(window.hbspt && window.hbspt.meetings){\n\t\t\t\twindow.hbspt.meetings.create(\".meetings-iframe-container\");\n\t\t\t}\n\t\t\t<\/script>\n\t\t\t\t\t\t<\/div>\n\t\t\t\t<\/div>\n\t\t\t\t<\/div>\n\t\t<div class=\"elementor-element elementor-element-cca47bb e-con-full e-flex e-con e-child\" data-id=\"cca47bb\" data-element_type=\"container\">\n\t\t\t\t<div class=\"elementor-element elementor-element-080c606 elementor-widget elementor-widget-hubspot-form\" data-id=\"080c606\" data-element_type=\"widget\" data-widget_type=\"hubspot-form.default\">\n\t\t\t\t<div class=\"elementor-widget-container\">\n\t\t\t\t\t\n\t\t\t\t\t\t<script>\n\t\t\t\t\t\t\twindow.hsFormsOnReady = window.hsFormsOnReady || [];\n\t\t\t\t\t\t\twindow.hsFormsOnReady.push(()=>{\n\t\t\t\t\t\t\t\thbspt.forms.create({\n\t\t\t\t\t\t\t\t\tportalId: 3871019,\n\t\t\t\t\t\t\t\t\tformId: \"0a14c607-fdf2-41df-94d0-b5779a391bcc\",\n\t\t\t\t\t\t\t\t\ttarget: \"#hbspt-form-1776318347000-5645456135\",\n\t\t\t\t\t\t\t\t\tregion: \"na1\",\n\t\t\t\t\t\t\t\t\t\n\t\t\t\t\t\t\t})});\n\t\t\t\t\t\t<\/script>\n\t\t\t\t\t\t<div class=\"hbspt-form\" id=\"hbspt-form-1776318347000-5645456135\"><\/div>\t\t\t\t<\/div>\n\t\t\t\t<\/div>\n\t\t\t\t<\/div>\n\t\t\t\t\t<\/div>\n\t\t\t\t<\/div>\n\t\t\t\t<\/div>","protected":false},"excerpt":{"rendered":"<p>Amplia cobertura en nuestros servicios Risks International presta sus servicios de prevenci\u00f3n de riesgos en m\u00e1s de 10 pa\u00edses, ampliando los horizontes en consulta de datos, prevenci\u00f3n del riesgo y debida diligencia. Programa una reuni\u00f3n o cont\u00e1ctanos<\/p>","protected":false},"author":3,"featured_media":0,"parent":0,"menu_order":0,"comment_status":"closed","ping_status":"closed","template":"","meta":{"content-type":"","footnotes":""},"class_list":["post-1232","page","type-page","status-publish","hentry"],"yoast_head":"<!-- This site is optimized with the Yoast SEO Premium plugin v26.8 (Yoast SEO v26.8) - https:\/\/yoast.com\/product\/yoast-seo-premium-wordpress\/ -->\n<title>Operaciones en m\u00e1s de 10 pa\u00edses - Expertos en Gesti\u00f3n de Riesgos y Debida Diligencia LAFT - Risks International<\/title>\n<meta name=\"robots\" content=\"index, follow, max-snippet:-1, max-image-preview:large, max-video-preview:-1\" \/>\n<link rel=\"canonical\" href=\"https:\/\/www.risksint.com\/en\/operaciones-en-mas-de-10-paises\/\" \/>\n<meta property=\"og:locale\" content=\"en_US\" \/>\n<meta property=\"og:type\" content=\"article\" \/>\n<meta property=\"og:title\" content=\"Operaciones en m\u00e1s de 10 pa\u00edses\" \/>\n<meta property=\"og:description\" content=\"Amplia cobertura en nuestros servicios Risks International presta sus servicios de prevenci\u00f3n de riesgos en m\u00e1s de 10 pa\u00edses, ampliando los horizontes en consulta de datos, prevenci\u00f3n del riesgo y debida diligencia. Programa una reuni\u00f3n o cont\u00e1ctanos\" \/>\n<meta property=\"og:url\" content=\"https:\/\/www.risksint.com\/en\/operaciones-en-mas-de-10-paises\/\" \/>\n<meta property=\"og:site_name\" content=\"Expertos en Gesti\u00f3n de Riesgos y Debida Diligencia LAFT - Risks International\" \/>\n<meta property=\"article:publisher\" content=\"https:\/\/www.facebook.com\/profile.php?id=100063525462320\" \/>\n<meta property=\"article:modified_time\" content=\"2024-02-25T16:41:03+00:00\" \/>\n<meta property=\"og:image\" content=\"https:\/\/www.risksint.com\/wp-content\/uploads\/2024\/01\/Cobertura-min-1536x834.png\" \/>\n<meta name=\"twitter:card\" content=\"summary_large_image\" \/>\n<meta name=\"twitter:site\" content=\"@risksint\" \/>\n<meta name=\"twitter:label1\" content=\"Est. reading time\" \/>\n\t<meta name=\"twitter:data1\" content=\"1 minute\" \/>\n<script type=\"application\/ld+json\" class=\"yoast-schema-graph\">{\"@context\":\"https:\/\/schema.org\",\"@graph\":[{\"@type\":\"WebPage\",\"@id\":\"https:\/\/www.risksint.com\/operaciones-en-mas-de-10-paises\/\",\"url\":\"https:\/\/www.risksint.com\/operaciones-en-mas-de-10-paises\/\",\"name\":\"Operaciones en m\u00e1s de 10 pa\u00edses - Expertos en Gesti\u00f3n de Riesgos y Debida Diligencia LAFT - Risks International\",\"isPartOf\":{\"@id\":\"https:\/\/www.risksint.com\/#website\"},\"primaryImageOfPage\":{\"@id\":\"https:\/\/www.risksint.com\/operaciones-en-mas-de-10-paises\/#primaryimage\"},\"image\":{\"@id\":\"https:\/\/www.risksint.com\/operaciones-en-mas-de-10-paises\/#primaryimage\"},\"thumbnailUrl\":\"https:\/\/www.risksint.com\/wp-content\/uploads\/2024\/01\/Cobertura-min-1536x834.png\",\"datePublished\":\"2024-01-26T13:15:19+00:00\",\"dateModified\":\"2024-02-25T16:41:03+00:00\",\"breadcrumb\":{\"@id\":\"https:\/\/www.risksint.com\/operaciones-en-mas-de-10-paises\/#breadcrumb\"},\"inLanguage\":\"en-US\",\"potentialAction\":[{\"@type\":\"ReadAction\",\"target\":[\"https:\/\/www.risksint.com\/operaciones-en-mas-de-10-paises\/\"]}]},{\"@type\":\"ImageObject\",\"inLanguage\":\"en-US\",\"@id\":\"https:\/\/www.risksint.com\/operaciones-en-mas-de-10-paises\/#primaryimage\",\"url\":\"https:\/\/www.risksint.com\/wp-content\/uploads\/2024\/01\/Cobertura-min-1536x834.png\",\"contentUrl\":\"https:\/\/www.risksint.com\/wp-content\/uploads\/2024\/01\/Cobertura-min-1536x834.png\"},{\"@type\":\"BreadcrumbList\",\"@id\":\"https:\/\/www.risksint.com\/operaciones-en-mas-de-10-paises\/#breadcrumb\",\"itemListElement\":[{\"@type\":\"ListItem\",\"position\":1,\"name\":\"Home\",\"item\":\"https:\/\/www.risksint.com\/\"},{\"@type\":\"ListItem\",\"position\":2,\"name\":\"Operaciones en m\u00e1s de 10 pa\u00edses\"}]},{\"@type\":\"WebSite\",\"@id\":\"https:\/\/www.risksint.com\/#website\",\"url\":\"https:\/\/www.risksint.com\/\",\"name\":\"Gesti\u00f3n de Riesgos y Debida Diligencia LAFT | Listas Restrictivas y vinculantes PEP y noticias LAFT\",\"description\":\"Gesti\u00f3n de Riesgos y Debida Diligencia LAFT Soluciones en Tecnolog\u00eda y Consultor\u00eda para el Cumplimiento Normativo y la Gesti\u00f3n de Riesgos LAFT y AntiSoborno\",\"publisher\":{\"@id\":\"https:\/\/www.risksint.com\/#organization\"},\"alternateName\":\"Risks International - Consultoria y Tecnolog\u00eda para cumplir con SARLAFT - SAGRILAFT - PTEE\",\"potentialAction\":[{\"@type\":\"SearchAction\",\"target\":{\"@type\":\"EntryPoint\",\"urlTemplate\":\"https:\/\/www.risksint.com\/?s={search_term_string}\"},\"query-input\":{\"@type\":\"PropertyValueSpecification\",\"valueRequired\":true,\"valueName\":\"search_term_string\"}}],\"inLanguage\":\"en-US\"},{\"@type\":[\"Organization\",\"Place\"],\"@id\":\"https:\/\/www.risksint.com\/#organization\",\"name\":\"RISKS INTERNATIONAL COMPLIANCE\",\"alternateName\":\"Gesti\u00f3n de Riesgos y Debida Diligencia AML y KYC\",\"url\":\"https:\/\/www.risksint.com\/\",\"logo\":{\"@id\":\"https:\/\/www.risksint.com\/operaciones-en-mas-de-10-paises\/#local-main-organization-logo\"},\"image\":{\"@id\":\"https:\/\/www.risksint.com\/operaciones-en-mas-de-10-paises\/#local-main-organization-logo\"},\"sameAs\":[\"https:\/\/www.facebook.com\/profile.php?id=100063525462320\",\"https:\/\/x.com\/risksint\",\"https:\/\/www.linkedin.com\/company\/risks-international\/\",\"https:\/\/www.youtube.com\/@risksinternational7379\"],\"telephone\":[],\"openingHoursSpecification\":[{\"@type\":\"OpeningHoursSpecification\",\"dayOfWeek\":[\"Monday\",\"Tuesday\",\"Wednesday\",\"Thursday\",\"Friday\",\"Saturday\",\"Sunday\"],\"opens\":\"09:00\",\"closes\":\"17:00\"}]},{\"@type\":\"ImageObject\",\"inLanguage\":\"en-US\",\"@id\":\"https:\/\/www.risksint.com\/operaciones-en-mas-de-10-paises\/#local-main-organization-logo\",\"url\":\"https:\/\/www.risksint.com\/wp-content\/uploads\/2024\/02\/risks-international-logo.png\",\"contentUrl\":\"https:\/\/www.risksint.com\/wp-content\/uploads\/2024\/02\/risks-international-logo.png\",\"width\":300,\"height\":231,\"caption\":\"RISKS INTERNATIONAL COMPLIANCE\"}]}<\/script>\n<!-- \/ Yoast SEO Premium plugin. -->","yoast_head_json":{"title":"Operaciones en m\u00e1s de 10 pa\u00edses - Expertos en Gesti\u00f3n de Riesgos y Debida Diligencia LAFT - Risks International","robots":{"index":"index","follow":"follow","max-snippet":"max-snippet:-1","max-image-preview":"max-image-preview:large","max-video-preview":"max-video-preview:-1"},"canonical":"https:\/\/www.risksint.com\/en\/operaciones-en-mas-de-10-paises\/","og_locale":"en_US","og_type":"article","og_title":"Operaciones en m\u00e1s de 10 pa\u00edses","og_description":"Amplia cobertura en nuestros servicios Risks International presta sus servicios de prevenci\u00f3n de riesgos en m\u00e1s de 10 pa\u00edses, ampliando los horizontes en consulta de datos, prevenci\u00f3n del riesgo y debida diligencia. Programa una reuni\u00f3n o cont\u00e1ctanos","og_url":"https:\/\/www.risksint.com\/en\/operaciones-en-mas-de-10-paises\/","og_site_name":"Expertos en Gesti\u00f3n de Riesgos y Debida Diligencia LAFT - Risks International","article_publisher":"https:\/\/www.facebook.com\/profile.php?id=100063525462320","article_modified_time":"2024-02-25T16:41:03+00:00","og_image":[{"url":"https:\/\/www.risksint.com\/wp-content\/uploads\/2024\/01\/Cobertura-min-1536x834.png","type":"","width":"","height":""}],"twitter_card":"summary_large_image","twitter_site":"@risksint","twitter_misc":{"Est. reading time":"1 minute"},"schema":{"@context":"https:\/\/schema.org","@graph":[{"@type":"WebPage","@id":"https:\/\/www.risksint.com\/operaciones-en-mas-de-10-paises\/","url":"https:\/\/www.risksint.com\/operaciones-en-mas-de-10-paises\/","name":"Operaciones en m\u00e1s de 10 pa\u00edses - Expertos en Gesti\u00f3n de Riesgos y Debida Diligencia LAFT - Risks International","isPartOf":{"@id":"https:\/\/www.risksint.com\/#website"},"primaryImageOfPage":{"@id":"https:\/\/www.risksint.com\/operaciones-en-mas-de-10-paises\/#primaryimage"},"image":{"@id":"https:\/\/www.risksint.com\/operaciones-en-mas-de-10-paises\/#primaryimage"},"thumbnailUrl":"https:\/\/www.risksint.com\/wp-content\/uploads\/2024\/01\/Cobertura-min-1536x834.png","datePublished":"2024-01-26T13:15:19+00:00","dateModified":"2024-02-25T16:41:03+00:00","breadcrumb":{"@id":"https:\/\/www.risksint.com\/operaciones-en-mas-de-10-paises\/#breadcrumb"},"inLanguage":"en-US","potentialAction":[{"@type":"ReadAction","target":["https:\/\/www.risksint.com\/operaciones-en-mas-de-10-paises\/"]}]},{"@type":"ImageObject","inLanguage":"en-US","@id":"https:\/\/www.risksint.com\/operaciones-en-mas-de-10-paises\/#primaryimage","url":"https:\/\/www.risksint.com\/wp-content\/uploads\/2024\/01\/Cobertura-min-1536x834.png","contentUrl":"https:\/\/www.risksint.com\/wp-content\/uploads\/2024\/01\/Cobertura-min-1536x834.png"},{"@type":"BreadcrumbList","@id":"https:\/\/www.risksint.com\/operaciones-en-mas-de-10-paises\/#breadcrumb","itemListElement":[{"@type":"ListItem","position":1,"name":"Home","item":"https:\/\/www.risksint.com\/"},{"@type":"ListItem","position":2,"name":"Operaciones en m\u00e1s de 10 pa\u00edses"}]},{"@type":"WebSite","@id":"https:\/\/www.risksint.com\/#website","url":"https:\/\/www.risksint.com\/","name":"Gesti\u00f3n de Riesgos y Debida Diligencia LAFT | Listas Restrictivas y vinculantes PEP y noticias LAFT","description":"Risk management and Due Diligence LAFT Technology Solutions and Consulting services for Regulatory Compliance, and Risk Management LAFT and anti-Bribery","publisher":{"@id":"https:\/\/www.risksint.com\/#organization"},"alternateName":"Risks International - Consultoria y Tecnolog\u00eda para cumplir con SARLAFT - SAGRILAFT - PTEE","potentialAction":[{"@type":"SearchAction","target":{"@type":"EntryPoint","urlTemplate":"https:\/\/www.risksint.com\/?s={search_term_string}"},"query-input":{"@type":"PropertyValueSpecification","valueRequired":true,"valueName":"search_term_string"}}],"inLanguage":"en-US"},{"@type":["Organization","Place"],"@id":"https:\/\/www.risksint.com\/#organization","name":"RISKS INTERNATIONAL COMPLIANCE","alternateName":"Gesti\u00f3n de Riesgos y Debida Diligencia AML y KYC","url":"https:\/\/www.risksint.com\/","logo":{"@id":"https:\/\/www.risksint.com\/operaciones-en-mas-de-10-paises\/#local-main-organization-logo"},"image":{"@id":"https:\/\/www.risksint.com\/operaciones-en-mas-de-10-paises\/#local-main-organization-logo"},"sameAs":["https:\/\/www.facebook.com\/profile.php?id=100063525462320","https:\/\/x.com\/risksint","https:\/\/www.linkedin.com\/company\/risks-international\/","https:\/\/www.youtube.com\/@risksinternational7379"],"telephone":[],"openingHoursSpecification":[{"@type":"OpeningHoursSpecification","dayOfWeek":["Monday","Tuesday","Wednesday","Thursday","Friday","Saturday","Sunday"],"opens":"09:00","closes":"17:00"}]},{"@type":"ImageObject","inLanguage":"en-US","@id":"https:\/\/www.risksint.com\/operaciones-en-mas-de-10-paises\/#local-main-organization-logo","url":"https:\/\/www.risksint.com\/wp-content\/uploads\/2024\/02\/risks-international-logo.png","contentUrl":"https:\/\/www.risksint.com\/wp-content\/uploads\/2024\/02\/risks-international-logo.png","width":300,"height":231,"caption":"RISKS INTERNATIONAL COMPLIANCE"}]}},"_links":{"self":[{"href":"https:\/\/www.risksint.com\/en\/wp-json\/wp\/v2\/pages\/1232","targetHints":{"allow":["GET"]}}],"collection":[{"href":"https:\/\/www.risksint.com\/en\/wp-json\/wp\/v2\/pages"}],"about":[{"href":"https:\/\/www.risksint.com\/en\/wp-json\/wp\/v2\/types\/page"}],"author":[{"embeddable":true,"href":"https:\/\/www.risksint.com\/en\/wp-json\/wp\/v2\/users\/3"}],"replies":[{"embeddable":true,"href":"https:\/\/www.risksint.com\/en\/wp-json\/wp\/v2\/comments?post=1232"}],"version-history":[{"count":0,"href":"https:\/\/www.risksint.com\/en\/wp-json\/wp\/v2\/pages\/1232\/revisions"}],"wp:attachment":[{"href":"https:\/\/www.risksint.com\/en\/wp-json\/wp\/v2\/media?parent=1232"}],"curies":[{"name":"wp","href":"https:\/\/api.w.org\/{rel}","templated":true}]}}